{"id":64916,"date":"2026-01-29T12:57:10","date_gmt":"2026-01-29T11:57:10","guid":{"rendered":"https:\/\/arena-ticket.com\/?p=64916&#038;post_type=product&#038;preview_id=64916"},"modified":"2026-03-25T12:23:09","modified_gmt":"2026-03-25T11:23:09","slug":"kack-sachgeschichten-der-podcast-mit-klugschiss-live-tour-2027-pogen-in-togen-leipzig-kupfersaal-10-03-2027-2000-uhr","status":"publish","type":"product","link":"https:\/\/arena-ticket.com\/en\/product\/kack-sachgeschichten-der-podcast-mit-klugschiss-live-tour-2027-pogen-in-togen-leipzig-kupfersaal-10-03-2027-2000-uhr\/","title":{"rendered":"Kack & Sachgeschichten - Der Podcast mit Klugschiss Live Tour 2027: Pogen in Togen"},"content":{"rendered":"<div class=\"event__description\">\n<div class=\"event__description\">\n<p>Das wird eine Party, bei der selbst Dionysos vom Olymp f\u00e4llt. Die Jungs vom Podcast \u201eKack &amp; Sachgeschichten\u201c sind ber\u00fcchtigt f\u00fcr ihre ma\u00dflos \u00fcberdrehten Liveshows \u2013 und diesmal wird es g\u00f6ttlich.<\/p>\n<p>In wen, in was und in wie viele hat Zeus seinen kleinen Blitz gejagt? Wie schamlos haben Star Wars, Marvel und Co. bei den alten Griechen geklaut? Hebt eure Amphoren und macht euch bereit f\u00fcrs POGEN IN TOGEN \u2013 ein epochales Gelage durch die griechische Mythologie.<\/p>\n<p>Die Auftritte der \u201eKackis\u201c sind eine einzigartige Mischung aus Comedy, Biertrinken und Science-Slam. Ein Mix, den es in dieser Form nirgendwo anders gibt. In ihrem neuen Programm dreht sich alles um die altgriechische G\u00f6tterwelt und wie sie uns bis heute beeinflusst.<\/p>\n<p>Foto: Thorben Heks<\/p>\n<\/div>\n<\/div>","protected":false},"excerpt":{"rendered":"<p>Get your tickets now!<\/p>","protected":false},"featured_media":64925,"template":"","meta":{"_acf_changed":false,"inline_featured_image":false},"product_brand":[],"product_cat":[6725,31,95,430,86,35,21,58],"product_tag":[6925,954,6929,941,6774,2912,6926,968,943,944,947,948],"class_list":{"0":"post-64916","1":"product","2":"type-product","3":"status-publish","4":"has-post-thumbnail","6":"product_cat-comedy","7":"product_cat-events","8":"product_cat-humor","9":"product_cat-kupfersaal","10":"product_cat-leipzig","11":"product_cat-orte","12":"product_cat-ticket","13":"product_cat-veranstaltung","14":"product_tag-alfons","15":"product_tag-comedy","16":"product_tag-der-podcast-mit-klugschiss-live-tour-2027-pogen-in-togen","17":"product_tag-events","18":"product_tag-humor","19":"product_tag-kack-sachgeschichten","20":"product_tag-klasse","21":"product_tag-kupfersaal","22":"product_tag-leipzig","23":"product_tag-orte","24":"product_tag-ticket","25":"product_tag-veranstaltung","26":"product_shipping_class-nur_paketversand","27":"pa_discount-kind","28":"pa_discount-normalpreis","29":"pa_preiskategorie-freie-platzwahl","31":"first","32":"instock","33":"taxable","34":"shipping-taxable","35":"purchasable","36":"product-type-variable"},"group_of_quantity":0,"min_quantity":0,"max_quantity":"","exclude_order_quantity_value_rules":"no","exclude_category_quantity_rules":"no","combine_variations":"no","acf":[],"_links":{"self":[{"href":"https:\/\/arena-ticket.com\/en\/wp-json\/wp\/v2\/product\/64916","targetHints":{"allow":["GET"]}}],"collection":[{"href":"https:\/\/arena-ticket.com\/en\/wp-json\/wp\/v2\/product"}],"about":[{"href":"https:\/\/arena-ticket.com\/en\/wp-json\/wp\/v2\/types\/product"}],"wp:featuredmedia":[{"embeddable":true,"href":"https:\/\/arena-ticket.com\/en\/wp-json\/wp\/v2\/media\/64925"}],"wp:attachment":[{"href":"https:\/\/arena-ticket.com\/en\/wp-json\/wp\/v2\/media?parent=64916"}],"wp:term":[{"taxonomy":"product_brand","embeddable":true,"href":"https:\/\/arena-ticket.com\/en\/wp-json\/wp\/v2\/product_brand?post=64916"},{"taxonomy":"product_cat","embeddable":true,"href":"https:\/\/arena-ticket.com\/en\/wp-json\/wp\/v2\/product_cat?post=64916"},{"taxonomy":"product_tag","embeddable":true,"href":"https:\/\/arena-ticket.com\/en\/wp-json\/wp\/v2\/product_tag?post=64916"}],"curies":[{"name":"wp","href":"https:\/\/api.w.org\/{rel}","templated":true}]}}