{"id":64918,"date":"2026-01-29T12:58:55","date_gmt":"2026-01-29T11:58:55","guid":{"rendered":"https:\/\/arena-ticket.com\/?p=64918&#038;post_type=product&#038;preview_id=64918"},"modified":"2026-02-26T18:44:19","modified_gmt":"2026-02-26T17:44:19","slug":"the-sound-of-hans-zimmer-john-williams-gewandhaus-zu-leipzig-grosser-saal-25-03-2025-1930-uhr","status":"publish","type":"product","link":"https:\/\/arena-ticket.com\/en\/product\/the-sound-of-hans-zimmer-john-williams-gewandhaus-zu-leipzig-grosser-saal-25-03-2025-1930-uhr\/","title":{"rendered":"The Sound of Hans Zimmer &amp; John Williams"},"content":{"rendered":"<p>Die gr\u00f6\u00dften Soundtracks der Filmgeschichte erklingen live gespielt von einem klanggewaltigen Symphonieorchester und Chor mit \u00fcber 100 Mitwirkenden.<\/p>\n<p>Hans Zimmer hat etwas Unglaubliches geschafft: Der deutsche Komponist arbeitete jahrzehntelang hinter den Kulissen Hollywoods, war f\u00fcr das gro\u00dfe Publikum kaum sichtbar \u2013 und ist inzwischen dennoch ber\u00fchmt wie ein Rockstar. Seine \u00fcberragenden Soundtracks trugen bei vielen Filmen dazu bei, dass sie zu Blockbustern wurden: von \u201eDer K\u00f6nig der L\u00f6wen\u201c \u00fcber \u201eGladiator\u201c bis \u201eInterstellar\u201c und \u201eDune\u201c. Nur ein einziger lebender Filmkomponist ist genauso ber\u00fchmt wie er: der gro\u00dfe John Williams. Der US-Amerikaner war unfassbare 54 Mal f\u00fcr den Oscar nominiert \u2013 f\u00fcnfmal gewann er den Preis \u2013 und es d\u00fcrfte in der gesamten Filmgeschichte wohl keine ber\u00fchmtere Melodie geben als seine Fanfare zu \u201eStar Wars\u201c. Diese beiden Komponisten haben viel brillante Musik komponiert, die jeder kennt, die bei Filmzuschauern nostalgische Erinnerungen ausl\u00f6st \u2013 und die auch ohne bewegte Bilder starke Emotionen erzeugt.<\/p>\n<p>So ist es kein Wunder, dass \u201eThe Sound of Hans Zimmer &amp; John Williams\u201c seit Jahren ein Publikumsmagnet ist und deutschlandweit f\u00fcr ausverkaufte S\u00e4le sorgt. Nun geht das Projekt mit neuem Programm in die n\u00e4chste Runde \u2013 mit neuen musikalischen H\u00f6hepunkten, orchestraler Klangkraft und nostalgischem Kopfkino, das Filmgeschichte h\u00f6rbar werden l\u00e4sst.<\/p>\n<p>Pilsen Philharmonic Orchestra &amp; Choir<\/p>\n<p>Daniel Boschmann, Moderation<\/p>\n<p>Chuhei Iwasaki, Leitung<\/p>","protected":false},"excerpt":{"rendered":"<p>Mit Musik aus Blockbustern wie Star Wars, Fluch der Karibik, Harry Potter, Dune, Jurassic Park, Gladiator, Indiana Jones, Inception u. a.<\/p>","protected":false},"featured_media":64927,"template":"","meta":{"_acf_changed":false,"inline_featured_image":false},"product_brand":[],"product_cat":[31,345,936,69,86,35,21,58],"product_tag":[941,956,2832,957,942,943,944,3448,947,948],"class_list":{"0":"post-64918","1":"product","2":"type-product","3":"status-publish","4":"has-post-thumbnail","6":"product_cat-events","7":"product_cat-gewandhaus","8":"product_cat-grosser-saal","9":"product_cat-konzert","10":"product_cat-leipzig","11":"product_cat-orte","12":"product_cat-ticket","13":"product_cat-veranstaltung","14":"product_tag-events","15":"product_tag-gewandhaus","16":"product_tag-gewandhaus-grosser-saal","17":"product_tag-grosser-saal","18":"product_tag-konzert","19":"product_tag-leipzig","20":"product_tag-orte","21":"product_tag-the-sound-of-hans-zimmer-john-williams","22":"product_tag-ticket","23":"product_tag-veranstaltung","24":"product_shipping_class-nur_paketversand","25":"pa_discount-normalpreis","26":"pa_preiskategorie-pk-i","27":"pa_preiskategorie-pk-ii","28":"pa_preiskategorie-pk-iii","29":"pa_preiskategorie-pk-iv","30":"pa_preiskategorie-premium-sitzplatz","32":"first","33":"instock","34":"taxable","35":"shipping-taxable","36":"purchasable","37":"product-type-variable"},"group_of_quantity":0,"min_quantity":0,"max_quantity":"","exclude_order_quantity_value_rules":"no","exclude_category_quantity_rules":"no","combine_variations":"no","acf":[],"_links":{"self":[{"href":"https:\/\/arena-ticket.com\/en\/wp-json\/wp\/v2\/product\/64918","targetHints":{"allow":["GET"]}}],"collection":[{"href":"https:\/\/arena-ticket.com\/en\/wp-json\/wp\/v2\/product"}],"about":[{"href":"https:\/\/arena-ticket.com\/en\/wp-json\/wp\/v2\/types\/product"}],"wp:featuredmedia":[{"embeddable":true,"href":"https:\/\/arena-ticket.com\/en\/wp-json\/wp\/v2\/media\/64927"}],"wp:attachment":[{"href":"https:\/\/arena-ticket.com\/en\/wp-json\/wp\/v2\/media?parent=64918"}],"wp:term":[{"taxonomy":"product_brand","embeddable":true,"href":"https:\/\/arena-ticket.com\/en\/wp-json\/wp\/v2\/product_brand?post=64918"},{"taxonomy":"product_cat","embeddable":true,"href":"https:\/\/arena-ticket.com\/en\/wp-json\/wp\/v2\/product_cat?post=64918"},{"taxonomy":"product_tag","embeddable":true,"href":"https:\/\/arena-ticket.com\/en\/wp-json\/wp\/v2\/product_tag?post=64918"}],"curies":[{"name":"wp","href":"https:\/\/api.w.org\/{rel}","templated":true}]}}