{"id":64929,"date":"2026-01-29T13:02:54","date_gmt":"2026-01-29T12:02:54","guid":{"rendered":"https:\/\/arena-ticket.com\/?p=64929&#038;post_type=product&#038;preview_id=64929"},"modified":"2026-01-29T13:07:43","modified_gmt":"2026-01-29T12:07:43","slug":"peter-illmanns-80er-show-eine-zeitreise-in-das-kult-jahrzehnt-kupfersaal-leipzig-25-10-2026-1800-uhr","status":"publish","type":"product","link":"https:\/\/arena-ticket.com\/en\/product\/peter-illmanns-80er-show-eine-zeitreise-in-das-kult-jahrzehnt-kupfersaal-leipzig-25-10-2026-1800-uhr\/","title":{"rendered":"Peter Illmanns  - 80er Show \u2013 Eine Zeitreise in das Kult-Jahrzehnt"},"content":{"rendered":"<p>Die 80er waren ein Jahrzehnt voller Lebensfreude, Farbe und Aufbruch. Sie pulsierten vor Energie, tauchten die Welt in ein Meer aus Neonlichtern und verwandelten jeden Moment in ein kleines Abenteuer. So tragen wir dieses unvergessliche Jahrzehnt in unserer Erinnerung \u2013 wild, bunt und grenzenlos. Und eben dieses Lebensgef\u00fchl l\u00e4sst Moderatoren-Legende und 80er-Kultstimme Peter Illmann jetzt LIVE wieder aufleuchten. Mit seinem unverwechselbaren Mix aus Witz und Charme f\u00fchrt der Moderator von Kultsendungen wie Formel Eins und Peter\u2019s Popshow sowie die beliebte Stimme des Radiosenders 80s80s sein Publikum auf eine elektrisierende Reise durch das schillerndste Jahrzehnt der Popkultur. In seiner multimedialen B\u00fchnenshow beschw\u00f6rt Peter Illmann das einzigartige 80s Feeling herauf: mit legend\u00e4ren Videoclips, unvergessenen TV-Szenen, ikonischen Werbespots und nat\u00fcrlich mit jeder Menge Musik. Dazu gibt es immer wieder exklusive Insidergeschichten aus erster Hand \u2013 authentisch, charmant und mit dem ber\u00fchmten Augenzwinkern. Doch diese Show ist mehr als Nostalgie: Sie bietet eine Auszeit vom grauen Alltag, eine Reise zur\u00fcck in die Leichtigkeit, die uns heute oft fehlt. F\u00fcr zwei Stunden wird das Publikum Teil einer Welt, in der Optimismus selbstverst\u00e4ndlich war und Musik alles konnte.<\/p>","protected":false},"excerpt":{"rendered":"<p>Get your tickets now!<\/p>","protected":false},"featured_media":64932,"template":"","meta":{"_acf_changed":false,"inline_featured_image":false},"product_brand":[],"product_cat":[31,69,430,86,35,6730,21,58],"product_tag":[6931,941,2504,942,968,943,944,6930,958,6911,6912,947,948],"class_list":{"0":"post-64929","1":"product","2":"type-product","3":"status-publish","4":"has-post-thumbnail","6":"product_cat-events","7":"product_cat-konzert","8":"product_cat-kupfersaal","9":"product_cat-leipzig","10":"product_cat-orte","11":"product_cat-show","12":"product_cat-ticket","13":"product_cat-veranstaltung","14":"product_tag-80er-show-eine-zeitreise-in-das-kult-jahrzehnt","15":"product_tag-events","16":"product_tag-klassik","17":"product_tag-konzert","18":"product_tag-kupfersaal","19":"product_tag-leipzig","20":"product_tag-orte","21":"product_tag-peter-illmanns","22":"product_tag-show","23":"product_tag-the-high-kings","24":"product_tag-the-rocky-road-tour","25":"product_tag-ticket","26":"product_tag-veranstaltung","27":"product_shipping_class-nur_paketversand","28":"pa_discount-begleitperson-schwerbeschaedigte","29":"pa_discount-ermaessigt","30":"pa_discount-kind","31":"pa_discount-normalpreis","32":"pa_discount-rentner","33":"pa_discount-schwerbeschaedigt","34":"pa_preiskategorie-freie-platzwahl","36":"first","37":"instock","38":"taxable","39":"shipping-taxable","40":"purchasable","41":"product-type-variable"},"group_of_quantity":0,"min_quantity":0,"max_quantity":"","exclude_order_quantity_value_rules":"no","exclude_category_quantity_rules":"no","combine_variations":"no","acf":[],"_links":{"self":[{"href":"https:\/\/arena-ticket.com\/en\/wp-json\/wp\/v2\/product\/64929","targetHints":{"allow":["GET"]}}],"collection":[{"href":"https:\/\/arena-ticket.com\/en\/wp-json\/wp\/v2\/product"}],"about":[{"href":"https:\/\/arena-ticket.com\/en\/wp-json\/wp\/v2\/types\/product"}],"wp:featuredmedia":[{"embeddable":true,"href":"https:\/\/arena-ticket.com\/en\/wp-json\/wp\/v2\/media\/64932"}],"wp:attachment":[{"href":"https:\/\/arena-ticket.com\/en\/wp-json\/wp\/v2\/media?parent=64929"}],"wp:term":[{"taxonomy":"product_brand","embeddable":true,"href":"https:\/\/arena-ticket.com\/en\/wp-json\/wp\/v2\/product_brand?post=64929"},{"taxonomy":"product_cat","embeddable":true,"href":"https:\/\/arena-ticket.com\/en\/wp-json\/wp\/v2\/product_cat?post=64929"},{"taxonomy":"product_tag","embeddable":true,"href":"https:\/\/arena-ticket.com\/en\/wp-json\/wp\/v2\/product_tag?post=64929"}],"curies":[{"name":"wp","href":"https:\/\/api.w.org\/{rel}","templated":true}]}}