{"id":64940,"date":"2026-01-29T13:14:24","date_gmt":"2026-01-29T12:14:24","guid":{"rendered":"https:\/\/arena-ticket.com\/?p=64940&#038;post_type=product&#038;preview_id=64940"},"modified":"2026-02-11T17:47:31","modified_gmt":"2026-02-11T16:47:31","slug":"pink-floyds-the-dark-side-of-the-moon-the-wall-in-concert-gewandhaus-zu-leipzig-grosser-saal-07-05-2026-1700-uhr","status":"publish","type":"product","link":"https:\/\/arena-ticket.com\/en\/product\/pink-floyds-the-dark-side-of-the-moon-the-wall-in-concert-gewandhaus-zu-leipzig-grosser-saal-07-05-2026-1700-uhr\/","title":{"rendered":"Pink Floyd's  - The Wall"},"content":{"rendered":"<p>PINK FLOYD\u2019S The Wall - Live in Concert \u2026run like hell... und sichert euch eure Tickets f\u00fcr die gr\u00f6\u00dfte Rockoper aller Zeiten!<\/p>\n<p>Von \u201eAnother Brick in the Wall\u201c bis \u201eComfortably Numb\u201c. Tauchen Sie ein in die legend\u00e4ren Sounds von Pink Floyd, die die Welt der Rockmusik neu gepr\u00e4gt haben.<\/p>\n<p>Bahnbrechende Melodien, eindringliche Texte, eine atemberaubende Licht- und Lasershow. Erleben Sie Pink Floyds The Wall wie nie zuvor.<\/p>\n<p>Feiern Sie die Originalsongs von dem Album The Wall mit Originalmusikern und Gaststars, die mit Pink Floyd oder Roger Waters aufgetreten sind!<\/p>","protected":false},"excerpt":{"rendered":"<p>Get your tickets here now!<\/p>","protected":false},"featured_media":64957,"template":"","meta":{"_acf_changed":false,"inline_featured_image":false},"product_brand":[],"product_cat":[31,345,936,69,86,35,21,58],"product_tag":[941,956,2832,957,942,943,944,6932,6933,947,948],"class_list":{"0":"post-64940","1":"product","2":"type-product","3":"status-publish","4":"has-post-thumbnail","6":"product_cat-events","7":"product_cat-gewandhaus","8":"product_cat-grosser-saal","9":"product_cat-konzert","10":"product_cat-leipzig","11":"product_cat-orte","12":"product_cat-ticket","13":"product_cat-veranstaltung","14":"product_tag-events","15":"product_tag-gewandhaus","16":"product_tag-gewandhaus-grosser-saal","17":"product_tag-grosser-saal","18":"product_tag-konzert","19":"product_tag-leipzig","20":"product_tag-orte","21":"product_tag-pink-floyds","22":"product_tag-the-wall","23":"product_tag-ticket","24":"product_tag-veranstaltung","25":"product_shipping_class-nur_paketversand","26":"pa_discount-ermaessigt","27":"pa_discount-normalpreis","28":"pa_preiskategorie-pk-i","29":"pa_preiskategorie-pk-ii","30":"pa_preiskategorie-pk-iii","31":"pa_preiskategorie-pk-iv","32":"pa_preiskategorie-premium-sitzplatz","34":"first","35":"instock","36":"taxable","37":"shipping-taxable","38":"purchasable","39":"product-type-variable"},"group_of_quantity":0,"min_quantity":0,"max_quantity":"","exclude_order_quantity_value_rules":"no","exclude_category_quantity_rules":"no","combine_variations":"no","acf":[],"_links":{"self":[{"href":"https:\/\/arena-ticket.com\/en\/wp-json\/wp\/v2\/product\/64940","targetHints":{"allow":["GET"]}}],"collection":[{"href":"https:\/\/arena-ticket.com\/en\/wp-json\/wp\/v2\/product"}],"about":[{"href":"https:\/\/arena-ticket.com\/en\/wp-json\/wp\/v2\/types\/product"}],"wp:featuredmedia":[{"embeddable":true,"href":"https:\/\/arena-ticket.com\/en\/wp-json\/wp\/v2\/media\/64957"}],"wp:attachment":[{"href":"https:\/\/arena-ticket.com\/en\/wp-json\/wp\/v2\/media?parent=64940"}],"wp:term":[{"taxonomy":"product_brand","embeddable":true,"href":"https:\/\/arena-ticket.com\/en\/wp-json\/wp\/v2\/product_brand?post=64940"},{"taxonomy":"product_cat","embeddable":true,"href":"https:\/\/arena-ticket.com\/en\/wp-json\/wp\/v2\/product_cat?post=64940"},{"taxonomy":"product_tag","embeddable":true,"href":"https:\/\/arena-ticket.com\/en\/wp-json\/wp\/v2\/product_tag?post=64940"}],"curies":[{"name":"wp","href":"https:\/\/api.w.org\/{rel}","templated":true}]}}