{"id":64951,"date":"2026-01-29T13:30:47","date_gmt":"2026-01-29T12:30:47","guid":{"rendered":"https:\/\/arena-ticket.com\/?p=64951&#038;post_type=product&#038;preview_id=64951"},"modified":"2026-04-14T09:18:14","modified_gmt":"2026-04-14T07:18:14","slug":"ildiko-von-kuerthy-alt-genug-leipzig-kupfersaal-15-11-2026-2000-uhr","status":"publish","type":"product","link":"https:\/\/arena-ticket.com\/en\/product\/ildiko-von-kuerthy-alt-genug-leipzig-kupfersaal-15-11-2026-2000-uhr\/","title":{"rendered":"Ildik\u00f3 von K\u00fcrthy - Alt genug"},"content":{"rendered":"<div class=\"event__description\">\n<p>Wacker welken, fr\u00f6hlich reifen.<br \/>\nGespr\u00e4ch, Gesang, Lesung, Showtime!<\/p>\n<p>Ildik\u00f3 von K\u00fcrthy \u00fcber das \u00c4lterwerden, die Jahre des Wechsels und des Abschiednehmens.<br \/>\nEin Abend f\u00fcr Frauen im allerbesten Alter und f\u00fcr mitbetroffene M\u00e4nner.<br \/>\nDie Show f\u00fcr Freundinnen, die sich gegenseitig Mut machen und dabei Tr\u00e4nen lachen.<br \/>\nMit einem Gast und bestimmt einigen anderen \u00dcberraschungen.<\/p>\n<\/div>","protected":false},"excerpt":{"rendered":"<p>Wacker welken, fr\u00f6hlich reifen.<br \/>\nGespr\u00e4ch, Gesang, Lesung, Showtime!<\/p>\n<p>Get your tickets here now!<\/p>","protected":false},"featured_media":64953,"template":"","meta":{"_acf_changed":false,"inline_featured_image":false},"product_brand":[],"product_cat":[31,922,430,86,6764,35,21,58],"product_tag":[6935,941,6934,951,968,943,1691,944,947,948],"class_list":{"0":"post-64951","1":"product","2":"type-product","3":"status-publish","4":"has-post-thumbnail","6":"product_cat-events","7":"product_cat-kultur","8":"product_cat-kupfersaal","9":"product_cat-leipzig","10":"product_cat-lesung","11":"product_cat-orte","12":"product_cat-ticket","13":"product_cat-veranstaltung","14":"product_tag-alt-genug","15":"product_tag-events","16":"product_tag-ildiko-von-kuerthy","17":"product_tag-kultur","18":"product_tag-kupfersaal","19":"product_tag-leipzig","20":"product_tag-lesung","21":"product_tag-orte","22":"product_tag-ticket","23":"product_tag-veranstaltung","24":"product_shipping_class-nur_paketversand","25":"pa_discount-ermaessigt","26":"pa_discount-normalpreis","27":"pa_preiskategorie-freie-platzwahl","29":"first","30":"outofstock","31":"taxable","32":"shipping-taxable","33":"purchasable","34":"product-type-variable"},"group_of_quantity":0,"min_quantity":0,"max_quantity":"","exclude_order_quantity_value_rules":"no","exclude_category_quantity_rules":"no","combine_variations":"no","acf":[],"_links":{"self":[{"href":"https:\/\/arena-ticket.com\/en\/wp-json\/wp\/v2\/product\/64951","targetHints":{"allow":["GET"]}}],"collection":[{"href":"https:\/\/arena-ticket.com\/en\/wp-json\/wp\/v2\/product"}],"about":[{"href":"https:\/\/arena-ticket.com\/en\/wp-json\/wp\/v2\/types\/product"}],"wp:featuredmedia":[{"embeddable":true,"href":"https:\/\/arena-ticket.com\/en\/wp-json\/wp\/v2\/media\/64953"}],"wp:attachment":[{"href":"https:\/\/arena-ticket.com\/en\/wp-json\/wp\/v2\/media?parent=64951"}],"wp:term":[{"taxonomy":"product_brand","embeddable":true,"href":"https:\/\/arena-ticket.com\/en\/wp-json\/wp\/v2\/product_brand?post=64951"},{"taxonomy":"product_cat","embeddable":true,"href":"https:\/\/arena-ticket.com\/en\/wp-json\/wp\/v2\/product_cat?post=64951"},{"taxonomy":"product_tag","embeddable":true,"href":"https:\/\/arena-ticket.com\/en\/wp-json\/wp\/v2\/product_tag?post=64951"}],"curies":[{"name":"wp","href":"https:\/\/api.w.org\/{rel}","templated":true}]}}