{"id":64986,"date":"2026-01-29T14:21:55","date_gmt":"2026-01-29T13:21:55","guid":{"rendered":"https:\/\/arena-ticket.com\/?p=64986&#038;post_type=product&#038;preview_id=64986"},"modified":"2026-01-29T17:22:21","modified_gmt":"2026-01-29T16:22:21","slug":"martin-kohlstedt-gewandhaus-zu-leipzig-grosser-saal-23-11-2026-2000-uhr","status":"publish","type":"product","link":"https:\/\/arena-ticket.com\/en\/product\/martin-kohlstedt-gewandhaus-zu-leipzig-grosser-saal-23-11-2026-2000-uhr\/","title":{"rendered":"Martin Kohlstedt"},"content":{"rendered":"<p>Der Weltstar z\u00e4hlt zu den herausragenden Komponisten, Pianisten und Produzenten f\u00fcr Modern Classical, Instrumental Music und Electronica. Seine Musik erh\u00e4lt internationale Anerkennung, begleitet von Konzertreisen auf der ganzen Welt. Sowohl live als auch auf seinen Aufnahmen setzt Martin Kohlstedt Standards darin, wie cutting-edge Electronica mit analogen und akustischen Elementen aus klassischem Klavier, Ambient, Field Recordings und Score Design zusammenkommen kann.<\/p>\n<p>Kohlstedt schafft es, f\u00fcr die Einfl\u00fcsse aus so unterschiedlichen Welten intuitiv eine gemeinsame Form zu finden und daraus einen lebendigen K\u00f6rper zu bilden - als spektakul\u00e4re Festivalshow, als introspektives Klavierkonzert, multidimensionaler Filmsoundtrack oder immersives Albumerlebnis. Seine Art des Arbeitens bezeichnet Kohlstedt als modulares Komponieren. Die St\u00fccke sind st\u00e4ndig in Bewegung und folgen auch im Konzert keiner festgelegten Form. Improvisation ist zwingend Teil des Schaffens, ebenso der Mut zum Scheitern, das Suchen und das Interagieren mit Kontext, Raum und Menschen. Martin Kohlstedt kollaborierte dabei bereits mit renommierten Partner:innen wie dem GewandhausChor Leipzig, mit K\u00fcnstlern wie Ben B\u00f6hmer, Douglas Dare, Sudan Archives und Henrik Schwarz sowie mit Labels wie Warner Classics.<\/p>\n<p>Martin Kohlstedt spielt Konzerte in \u00fcber 30 L\u00e4ndern, darunter auf den renommiertesten B\u00fchnen und Festivals Europas. Neben eigenen St\u00fccken schreibt Kohlstedt Soundtracks f\u00fcr Filme, Theaterst\u00fccke, Podcasts und H\u00f6rspiele. Mit der Edition Kohlstedt f\u00fchrt er sein eigenes Label und kommt mit einem eigenen Aufforstungsprojekt seiner Verantwortung als Artist nach. Martin Kohlstedt lebt und arbeitet in Weimar.<\/p>","protected":false},"excerpt":{"rendered":"<p>Ein Klangpoet, der Schicht um Schicht verwebt und seine St\u00fccke im Moment neu formt - mit modularen Kompositionen und virtuoser Spielkunst entstehen Live-Rituale zwischen Kontemplation und Raserei.<\/p>","protected":false},"featured_media":65011,"template":"","meta":{"_acf_changed":false,"inline_featured_image":false},"product_brand":[],"product_cat":[31,345,936,69,86,35,21,58],"product_tag":[941,956,2832,957,942,943,3562,944,947,948],"class_list":{"0":"post-64986","1":"product","2":"type-product","3":"status-publish","4":"has-post-thumbnail","6":"product_cat-events","7":"product_cat-gewandhaus","8":"product_cat-grosser-saal","9":"product_cat-konzert","10":"product_cat-leipzig","11":"product_cat-orte","12":"product_cat-ticket","13":"product_cat-veranstaltung","14":"product_tag-events","15":"product_tag-gewandhaus","16":"product_tag-gewandhaus-grosser-saal","17":"product_tag-grosser-saal","18":"product_tag-konzert","19":"product_tag-leipzig","20":"product_tag-martin-kohlstedt","21":"product_tag-orte","22":"product_tag-ticket","23":"product_tag-veranstaltung","24":"product_shipping_class-nur_paketversand","25":"pa_discount-normalpreis","26":"pa_preiskategorie-pk-i","27":"pa_preiskategorie-pk-ii","28":"pa_preiskategorie-pk-iii","30":"first","31":"instock","32":"taxable","33":"shipping-taxable","34":"purchasable","35":"product-type-variable"},"group_of_quantity":0,"min_quantity":0,"max_quantity":"","exclude_order_quantity_value_rules":"no","exclude_category_quantity_rules":"no","combine_variations":"no","acf":[],"_links":{"self":[{"href":"https:\/\/arena-ticket.com\/en\/wp-json\/wp\/v2\/product\/64986","targetHints":{"allow":["GET"]}}],"collection":[{"href":"https:\/\/arena-ticket.com\/en\/wp-json\/wp\/v2\/product"}],"about":[{"href":"https:\/\/arena-ticket.com\/en\/wp-json\/wp\/v2\/types\/product"}],"wp:featuredmedia":[{"embeddable":true,"href":"https:\/\/arena-ticket.com\/en\/wp-json\/wp\/v2\/media\/65011"}],"wp:attachment":[{"href":"https:\/\/arena-ticket.com\/en\/wp-json\/wp\/v2\/media?parent=64986"}],"wp:term":[{"taxonomy":"product_brand","embeddable":true,"href":"https:\/\/arena-ticket.com\/en\/wp-json\/wp\/v2\/product_brand?post=64986"},{"taxonomy":"product_cat","embeddable":true,"href":"https:\/\/arena-ticket.com\/en\/wp-json\/wp\/v2\/product_cat?post=64986"},{"taxonomy":"product_tag","embeddable":true,"href":"https:\/\/arena-ticket.com\/en\/wp-json\/wp\/v2\/product_tag?post=64986"}],"curies":[{"name":"wp","href":"https:\/\/api.w.org\/{rel}","templated":true}]}}