{"id":64997,"date":"2026-01-29T14:22:32","date_gmt":"2026-01-29T13:22:32","guid":{"rendered":"https:\/\/arena-ticket.com\/?p=64997&#038;post_type=product&#038;preview_id=64997"},"modified":"2026-01-29T14:33:37","modified_gmt":"2026-01-29T13:33:37","slug":"jan-preuss-die-grosse-weihnachtsshow-blauer-salon-leipziger-central-kabarett-28-11-2026-1900-uhr","status":"publish","type":"product","link":"https:\/\/arena-ticket.com\/en\/product\/jan-preuss-die-grosse-weihnachtsshow-blauer-salon-leipziger-central-kabarett-28-11-2026-1900-uhr\/","title":{"rendered":"Jan Preu\u00df - Die gro\u00dfe Weihnachtsshow"},"content":{"rendered":"<section class=\"c-full c-inner c-narrow\" data-c=\"stageteasertext\" data-qa=\"stageteasertext-component\">\n<div class=\"container\">\n<div class=\"external-content no-margin\">\n<div class=\"u-position-relative js-moretext-wrapper\">\n<div class=\"moretext js-moretext expanded\" data-qa=\"readMoreText\">\n<div class=\"moretext-teaser\"><\/div>\n<\/div>\n<div class=\"link moretext-toggle\">\n<p>Weihnachten, das ist die sch\u00f6nste Zeit im Jahr. Zumindest, wenn man nicht als Erzieher im Kindergarten arbeitet. Vorprogrammierte Ohrw\u00fcrmer wie die Weihnachtsb\u00e4ckerei, endlose Diskussionen \u00fcber die Zutaten der Pl\u00e4tzchen und basteln wir dieses Jahr eigentlich wieder Geschenke f\u00fcr die Eltern, die sie dann voller Freude in die Papiertonne\u2026 sorry, in die Vitrine bef\u00f6rdern k\u00f6nnen?<\/p>\n<p>Bereitet Euch vor auf eine besinnliche Achterbahnfahrt durch die absurde Welt der Kindergarten-Weihnacht, pr\u00e4sentiert vom witzigsten und leicht \u00fcberforderten Erzieher Deutschlands.<\/p>\n<\/div>\n<\/div>\n<\/div>\n<\/div>\n<\/section>","protected":false},"excerpt":{"rendered":"<div class=\"stage-abstract-text stage-content-text-item hidden-xs\">\n<p class=\"artwork-abstract\">\n<\/div>\n<p>Bereitet Euch vor auf eine besinnliche Achterbahnfahrt durch die absurde Welt der Kindergarten-Weihnacht, pr\u00e4sentiert vom witzigsten und leicht \u00fcberforderten Erzieher Deutschlands. Jetzt Tickets hier sichern!<\/p>","protected":false},"featured_media":65002,"template":"","meta":{"_acf_changed":false,"inline_featured_image":false},"product_brand":[],"product_cat":[379,31,95,6726,922,86,6764,35,21,58],"product_tag":[965,6938,941,6774,6599,960,951,943,1691,944,947,948],"class_list":{"0":"post-64997","1":"product","2":"type-product","3":"status-publish","4":"has-post-thumbnail","6":"product_cat-central-kabarett","7":"product_cat-events","8":"product_cat-humor","9":"product_cat-kabarett","10":"product_cat-kultur","11":"product_cat-leipzig","12":"product_cat-lesung","13":"product_cat-orte","14":"product_cat-ticket","15":"product_cat-veranstaltung","16":"product_tag-central-kabarett","17":"product_tag-die-grosse-weihnachtsshow","18":"product_tag-events","19":"product_tag-humor","20":"product_tag-jan-preuss","21":"product_tag-kabarett","22":"product_tag-kultur","23":"product_tag-leipzig","24":"product_tag-lesung","25":"product_tag-orte","26":"product_tag-ticket","27":"product_tag-veranstaltung","28":"product_shipping_class-nur_paketversand","29":"pa_discount-normalpreis","30":"pa_preiskategorie-pk-i","31":"pa_preiskategorie-pk-ii","32":"pa_preiskategorie-pk-iii","34":"first","35":"instock","36":"taxable","37":"shipping-taxable","38":"purchasable","39":"product-type-variable"},"group_of_quantity":0,"min_quantity":0,"max_quantity":"","exclude_order_quantity_value_rules":"no","exclude_category_quantity_rules":"no","combine_variations":"no","acf":[],"_links":{"self":[{"href":"https:\/\/arena-ticket.com\/en\/wp-json\/wp\/v2\/product\/64997","targetHints":{"allow":["GET"]}}],"collection":[{"href":"https:\/\/arena-ticket.com\/en\/wp-json\/wp\/v2\/product"}],"about":[{"href":"https:\/\/arena-ticket.com\/en\/wp-json\/wp\/v2\/types\/product"}],"wp:featuredmedia":[{"embeddable":true,"href":"https:\/\/arena-ticket.com\/en\/wp-json\/wp\/v2\/media\/65002"}],"wp:attachment":[{"href":"https:\/\/arena-ticket.com\/en\/wp-json\/wp\/v2\/media?parent=64997"}],"wp:term":[{"taxonomy":"product_brand","embeddable":true,"href":"https:\/\/arena-ticket.com\/en\/wp-json\/wp\/v2\/product_brand?post=64997"},{"taxonomy":"product_cat","embeddable":true,"href":"https:\/\/arena-ticket.com\/en\/wp-json\/wp\/v2\/product_cat?post=64997"},{"taxonomy":"product_tag","embeddable":true,"href":"https:\/\/arena-ticket.com\/en\/wp-json\/wp\/v2\/product_tag?post=64997"}],"curies":[{"name":"wp","href":"https:\/\/api.w.org\/{rel}","templated":true}]}}