{"id":65004,"date":"2026-01-29T14:34:06","date_gmt":"2026-01-29T13:34:06","guid":{"rendered":"https:\/\/arena-ticket.com\/?p=65004&#038;post_type=product&#038;preview_id=65004"},"modified":"2026-01-29T16:54:04","modified_gmt":"2026-01-29T15:54:04","slug":"die-goldene-gans-leipzig-theater-der-jungen-welt-16-05-2026-1600-uhr","status":"publish","type":"product","link":"https:\/\/arena-ticket.com\/en\/product\/die-goldene-gans-leipzig-theater-der-jungen-welt-16-05-2026-1600-uhr\/","title":{"rendered":"Die goldene Gans  - M\u00e4rchen von Peter Brasch nach den Br\u00fcdern Grimm \/ Puppentheater"},"content":{"rendered":"<p>&nbsp;<\/p>\n<p class=\"event-detail__text\">Es war einmal ein Junge, den niemand mochte und den alle auslachten. Er hatte aber ein gro\u00dfes Herz! Eines Tages teilt er mit einem armen Alten sein letztes Brot und bekommt zum Dank eine goldene Gans geschenkt. Von da an sind die Menschen freundlich zu dem Jungen. Nicht wegen ihm, nein, die goldene Gans hat es ihnen angetan! Viele wollen sie ber\u00fchren, manche gar eine wertvolle Feder ausrei\u00dfen. Doch die Gans hat einen Spezialeffekt: Wer immer sie ber\u00fchrt, klebt an ihr fest!<br \/>\nSchon bald hat der Junge endlos viele Leute im Schlepptau \u2014 was f\u00fcr ein komischer Aufzug. Das bringt sogar eine tr\u00fcbsinnige Prinzessin wieder zum Lachen. Schon scheinen Hochzeitsglocken zu klingen. Doch ganz m\u00e4rchentypisch, stellen sich dem Jungen zuerst drei schwere Aufgaben. Und die gro\u00dfe Frage: Will die Prinzessin \u00fcberhaupt heiraten?<br \/>\n\u00dcbernahme einer preisgekr\u00f6nten Produktion des Puppentheaters Halle, mit freundlicher Unterst\u00fctzung des Figurentheaters Chemnitz.<\/p>","protected":false},"excerpt":{"rendered":"<p>Sichern Sie sich Ihre Tickets.<\/p>","protected":false},"featured_media":65007,"template":"","meta":{"_acf_changed":false,"inline_featured_image":false},"product_brand":[],"product_cat":[31,94,86,35,500,21,58],"product_tag":[6939,941,978,943,6940,944,3111,947,948],"class_list":{"0":"post-65004","1":"product","2":"type-product","3":"status-publish","4":"has-post-thumbnail","6":"product_cat-events","7":"product_cat-kinder","8":"product_cat-leipzig","9":"product_cat-orte","10":"product_cat-theater-der-jungen-welt","11":"product_cat-ticket","12":"product_cat-veranstaltung","13":"product_tag-die-goldene-gans","14":"product_tag-events","15":"product_tag-kinder","16":"product_tag-leipzig","17":"product_tag-maerchen-von-peter-brasch-nach-den-bruedern-grimm-puppentheater","18":"product_tag-orte","19":"product_tag-theater-der-jungen-welt","20":"product_tag-ticket","21":"product_tag-veranstaltung","22":"product_shipping_class-nur_paketversand","23":"pa_discount-ermaessigt","24":"pa_discount-normalpreis","25":"pa_preiskategorie-pk-i","27":"first","28":"instock","29":"taxable","30":"shipping-taxable","31":"purchasable","32":"product-type-variable","33":"has-default-attributes"},"group_of_quantity":0,"min_quantity":0,"max_quantity":"","exclude_order_quantity_value_rules":"no","exclude_category_quantity_rules":"no","combine_variations":"no","acf":[],"_links":{"self":[{"href":"https:\/\/arena-ticket.com\/en\/wp-json\/wp\/v2\/product\/65004","targetHints":{"allow":["GET"]}}],"collection":[{"href":"https:\/\/arena-ticket.com\/en\/wp-json\/wp\/v2\/product"}],"about":[{"href":"https:\/\/arena-ticket.com\/en\/wp-json\/wp\/v2\/types\/product"}],"wp:featuredmedia":[{"embeddable":true,"href":"https:\/\/arena-ticket.com\/en\/wp-json\/wp\/v2\/media\/65007"}],"wp:attachment":[{"href":"https:\/\/arena-ticket.com\/en\/wp-json\/wp\/v2\/media?parent=65004"}],"wp:term":[{"taxonomy":"product_brand","embeddable":true,"href":"https:\/\/arena-ticket.com\/en\/wp-json\/wp\/v2\/product_brand?post=65004"},{"taxonomy":"product_cat","embeddable":true,"href":"https:\/\/arena-ticket.com\/en\/wp-json\/wp\/v2\/product_cat?post=65004"},{"taxonomy":"product_tag","embeddable":true,"href":"https:\/\/arena-ticket.com\/en\/wp-json\/wp\/v2\/product_tag?post=65004"}],"curies":[{"name":"wp","href":"https:\/\/api.w.org\/{rel}","templated":true}]}}