{"id":65018,"date":"2026-01-29T14:47:39","date_gmt":"2026-01-29T13:47:39","guid":{"rendered":"https:\/\/arena-ticket.com\/?p=65018&#038;post_type=product&#038;preview_id=65018"},"modified":"2026-01-29T15:11:02","modified_gmt":"2026-01-29T14:11:02","slug":"grigory-sokolov-gewandhaus-zu-leipzig-grosser-saal-06-05-2026-1930-uhr","status":"publish","type":"product","link":"https:\/\/arena-ticket.com\/en\/product\/grigory-sokolov-gewandhaus-zu-leipzig-grosser-saal-06-05-2026-1930-uhr\/","title":{"rendered":"Grigory Sokolov"},"content":{"rendered":"<p>Johannes Brahms Balladen op. 10 Zwei Rhapsodien op. 79 Werke von William Byrd<\/p>\n<p>Kunst und Wirklichkeit<br \/>\nF\u00fcr Grigory Sokolov ist \u201edie Kunst ein Paralleluniversum zur Wirklichkeit\u201c und in ebendieses nimmt der Ausnahmepianist sein Publikum durch sein pr\u00e4zises und ungemein detailreiches Klavierspiel immer wieder aufs Neue mit. Ber\u00fchrt er die Tasten, wird alles um ihn herum unwichtig, und ist Grigory Sokolov erst einmal in dieser ganz eigenen Welt versunken, l\u00e4sst er Zeit und Raum vergessen und die Zuh\u00f6rerschaft an einem au\u00dfergew\u00f6hnlichen Klavierrezital teilhaben. Es gibt nur wenige Pianisten, die ihre Programme mit so viel k\u00fcnstlerischem Feingef\u00fchl aussuchen und die gew\u00e4hlten Werke mit einer derart faszinierenden Akribie vorbereiten und vortragen wie Grigory Sokolov. Dieses Jahr pr\u00e4sentiert er Werke von William Byrd und Johannes Brahms und spannt damit den Bogen von der englischen Sp\u00e4trenaissance hin zur deutschen Romantik. Und dass der Pianist gern die ein oder andere Zugabe spielt, d\u00fcrfte mittlerweile auch kein Geheimnis mehr sein\u2026<\/p>","protected":false},"excerpt":{"rendered":"<p>Get your tickets here now!<\/p>","protected":false},"featured_media":65044,"template":"","meta":{"_acf_changed":false,"inline_featured_image":false},"product_brand":[],"product_cat":[31,345,936,69,86,35,21,58],"product_tag":[941,956,2832,6941,957,942,943,944,947,948],"class_list":{"0":"post-65018","1":"product","2":"type-product","3":"status-publish","4":"has-post-thumbnail","6":"product_cat-events","7":"product_cat-gewandhaus","8":"product_cat-grosser-saal","9":"product_cat-konzert","10":"product_cat-leipzig","11":"product_cat-orte","12":"product_cat-ticket","13":"product_cat-veranstaltung","14":"product_tag-events","15":"product_tag-gewandhaus","16":"product_tag-gewandhaus-grosser-saal","17":"product_tag-grigory-sokolov","18":"product_tag-grosser-saal","19":"product_tag-konzert","20":"product_tag-leipzig","21":"product_tag-orte","22":"product_tag-ticket","23":"product_tag-veranstaltung","24":"product_shipping_class-nur_paketversand","25":"pa_discount-ermaessigt","26":"pa_discount-jugendliche","27":"pa_discount-leipzig-pass-inhaber","28":"pa_discount-normalpreis","29":"pa_preiskategorie-pk-i","30":"pa_preiskategorie-pk-ii","31":"pa_preiskategorie-pk-iii","32":"pa_preiskategorie-premium-sitzplatz","34":"first","35":"instock","36":"taxable","37":"shipping-taxable","38":"purchasable","39":"product-type-variable"},"group_of_quantity":0,"min_quantity":0,"max_quantity":"","exclude_order_quantity_value_rules":"no","exclude_category_quantity_rules":"no","combine_variations":"no","acf":[],"_links":{"self":[{"href":"https:\/\/arena-ticket.com\/en\/wp-json\/wp\/v2\/product\/65018","targetHints":{"allow":["GET"]}}],"collection":[{"href":"https:\/\/arena-ticket.com\/en\/wp-json\/wp\/v2\/product"}],"about":[{"href":"https:\/\/arena-ticket.com\/en\/wp-json\/wp\/v2\/types\/product"}],"wp:featuredmedia":[{"embeddable":true,"href":"https:\/\/arena-ticket.com\/en\/wp-json\/wp\/v2\/media\/65044"}],"wp:attachment":[{"href":"https:\/\/arena-ticket.com\/en\/wp-json\/wp\/v2\/media?parent=65018"}],"wp:term":[{"taxonomy":"product_brand","embeddable":true,"href":"https:\/\/arena-ticket.com\/en\/wp-json\/wp\/v2\/product_brand?post=65018"},{"taxonomy":"product_cat","embeddable":true,"href":"https:\/\/arena-ticket.com\/en\/wp-json\/wp\/v2\/product_cat?post=65018"},{"taxonomy":"product_tag","embeddable":true,"href":"https:\/\/arena-ticket.com\/en\/wp-json\/wp\/v2\/product_tag?post=65018"}],"curies":[{"name":"wp","href":"https:\/\/api.w.org\/{rel}","templated":true}]}}