{"id":65072,"date":"2026-01-29T17:26:26","date_gmt":"2026-01-29T16:26:26","guid":{"rendered":"https:\/\/arena-ticket.com\/?p=65072&#038;post_type=product&#038;preview_id=65072"},"modified":"2026-01-29T17:39:21","modified_gmt":"2026-01-29T16:39:21","slug":"juergen-hart-satire-matinee-praesentiert-von-anke-geissler-und-mathias-tretter-oper-leipzig-01-11-2026-1100-uhr","status":"publish","type":"product","link":"https:\/\/arena-ticket.com\/en\/product\/juergen-hart-satire-matinee-praesentiert-von-anke-geissler-und-mathias-tretter-oper-leipzig-01-11-2026-1100-uhr\/","title":{"rendered":"J\u00fcrgen-Hart-Satire-Matinee  - pr\u00e4sentiert von Anke Gei\u00dfler & Mathias Tretter"},"content":{"rendered":"<p>Die traditionellen Gastgeber Anke Gei\u00dfler und Mathias Tretter pr\u00e4sentieren Entertainer der Extraklasse: Christine Prayon, Max Uthoff, J\u00fcrgen Becker, Frank L\u00fcdecke &amp; Badrian\/ Fl\u00fcz\u00fcg<\/p>\n<p>2 x 50 minutes with a break<\/p>","protected":false},"excerpt":{"rendered":"<p>The traditional hosts Anke Gei\u00dfler and Mathias Tretter present entertainers in a class of their own.<\/p>","protected":false},"featured_media":65077,"template":"","meta":{"_acf_changed":false,"inline_featured_image":false},"product_brand":[],"product_cat":[31,95,6726,86,346,35,21,58],"product_tag":[941,6774,1913,960,943,961,944,6944,947,948],"class_list":{"0":"post-65072","1":"product","2":"type-product","3":"status-publish","4":"has-post-thumbnail","6":"product_cat-events","7":"product_cat-humor","8":"product_cat-kabarett","9":"product_cat-leipzig","10":"product_cat-oper-leipzig","11":"product_cat-orte","12":"product_cat-ticket","13":"product_cat-veranstaltung","14":"product_tag-events","15":"product_tag-humor","16":"product_tag-juergen-hart-satire-matinee","17":"product_tag-kabarett","18":"product_tag-leipzig","19":"product_tag-oper-leipzig","20":"product_tag-orte","21":"product_tag-praesentiert-von-anke-geissler-mathias-tretter","22":"product_tag-ticket","23":"product_tag-veranstaltung","24":"product_shipping_class-nur_paketversand","25":"pa_discount-normalpreis","26":"pa_preiskategorie-pk-i","27":"pa_preiskategorie-pk-ii","28":"pa_preiskategorie-pk-iii","29":"pa_preiskategorie-pk-iv","31":"first","32":"instock","33":"taxable","34":"shipping-taxable","35":"purchasable","36":"product-type-variable"},"group_of_quantity":0,"min_quantity":0,"max_quantity":"","exclude_order_quantity_value_rules":"no","exclude_category_quantity_rules":"no","combine_variations":"no","acf":[],"_links":{"self":[{"href":"https:\/\/arena-ticket.com\/en\/wp-json\/wp\/v2\/product\/65072","targetHints":{"allow":["GET"]}}],"collection":[{"href":"https:\/\/arena-ticket.com\/en\/wp-json\/wp\/v2\/product"}],"about":[{"href":"https:\/\/arena-ticket.com\/en\/wp-json\/wp\/v2\/types\/product"}],"wp:featuredmedia":[{"embeddable":true,"href":"https:\/\/arena-ticket.com\/en\/wp-json\/wp\/v2\/media\/65077"}],"wp:attachment":[{"href":"https:\/\/arena-ticket.com\/en\/wp-json\/wp\/v2\/media?parent=65072"}],"wp:term":[{"taxonomy":"product_brand","embeddable":true,"href":"https:\/\/arena-ticket.com\/en\/wp-json\/wp\/v2\/product_brand?post=65072"},{"taxonomy":"product_cat","embeddable":true,"href":"https:\/\/arena-ticket.com\/en\/wp-json\/wp\/v2\/product_cat?post=65072"},{"taxonomy":"product_tag","embeddable":true,"href":"https:\/\/arena-ticket.com\/en\/wp-json\/wp\/v2\/product_tag?post=65072"}],"curies":[{"name":"wp","href":"https:\/\/api.w.org\/{rel}","templated":true}]}}