{"id":65122,"date":"2026-01-30T10:59:33","date_gmt":"2026-01-30T09:59:33","guid":{"rendered":"https:\/\/arena-ticket.com\/?p=65122&#038;post_type=product&#038;preview_id=65122"},"modified":"2026-01-30T12:09:56","modified_gmt":"2026-01-30T11:09:56","slug":"dreiviertelblut-prost-ewigkeit-das-neue-live-programm-taeubchenthal-leipzig-22-04-2027-1930-uhr","status":"publish","type":"product","link":"https:\/\/arena-ticket.com\/en\/product\/dreiviertelblut-prost-ewigkeit-das-neue-live-programm-taeubchenthal-leipzig-22-04-2027-1930-uhr\/","title":{"rendered":"Dreiviertelblut  - Prost Ewigkeit \u2013 Das neue Live-Programm"},"content":{"rendered":"<p>\u201eProst Ewigkeit\u201c ist der Titel des neuen Live-Programms und fu\u0308nften Studioalbums von Dreiviertelblut, das am 16. Mai 2025 erscheint. Mit den neuen Songs bieten die bayerischen Klangpoeten einen musikalischen Begleiter fu\u0308r aufgewu\u0308hlte Seelen in aufwu\u0308hlenden Zeiten.<br \/>\nWie verst\u00e4ndnisvolle Weggef\u00e4hrten nehmen die Lieder von \u201eProst Ewigkeit\u201c ihre H\u00f6rer mit auf eine Reise durch die H\u00f6hen und Tiefen des Menschseins. Sie drehen sich um die ewige Suche, um Liebe, Schmerz, Glu\u0308ck, Verlust, Weisheit und Dummheit - und mu\u0308nden in eine Reise zum Mond: Unsinn und Tiefsinn treffen sich, wenn die dru\u0308ckenden Realit\u00e4ten auf unserem Planeten die Grenze des Aushaltbaren u\u0308berschreiten\u2026<br \/>\nAll dem begegnet die Band mit der ihr eigenen Leichtigkeit, aus der eine Erkenntnis dringt: Dass wir im Miteinander Geborgenheit - und im Dasein Sch\u00f6nheit finden. Weil nichts bleibt und nichts aufh\u00f6rt, weil alles nichtig und alles wichtig ist, sto\u00dfen wir auf die Ewigkeit an!<br \/>\nVon mitrei\u00dfenden Roadmovie-Nummern u\u0308ber zarte Balladen bis hin zu ausufernden Festliedern findet sich im neuen Programm die ganze musikalische Bandbreite von Dreiviertelblut und malt eine klangliche Vielfalt, die das Leben in all seinen Farben feiert: Prost Ewigkeit!<\/p>\n<p>Foto: Bert Heinzlmeier<\/p>","protected":false},"excerpt":{"rendered":"<p>Get your tickets now!<\/p>","protected":false},"featured_media":65124,"template":"","meta":{"_acf_changed":false,"inline_featured_image":false},"product_brand":[],"product_cat":[31,69,86,35,6733,499,21,58],"product_tag":[6947,941,942,943,4819,944,2506,6948,6186,6779,967,947,948],"class_list":{"0":"post-65122","1":"product","2":"type-product","3":"status-publish","4":"has-post-thumbnail","6":"product_cat-events","7":"product_cat-konzert","8":"product_cat-leipzig","9":"product_cat-orte","10":"product_cat-pop","11":"product_cat-taeubchenthal","12":"product_cat-ticket","13":"product_cat-veranstaltung","14":"product_tag-dreiviertelblut","15":"product_tag-events","16":"product_tag-konzert","17":"product_tag-leipzig","18":"product_tag-live-2026","19":"product_tag-orte","20":"product_tag-pop","21":"product_tag-prost-ewigkeit-das-neue-live-programm","22":"product_tag-rian","23":"product_tag-sonstiges","24":"product_tag-taeubchenthal","25":"product_tag-ticket","26":"product_tag-veranstaltung","27":"product_shipping_class-nur_paketversand","28":"pa_discount-normalpreis","29":"pa_preiskategorie-freie-platzwahl","30":"pa_preiskategorie-stehplatz","32":"first","33":"instock","34":"taxable","35":"shipping-taxable","36":"purchasable","37":"product-type-variable"},"group_of_quantity":0,"min_quantity":0,"max_quantity":"","exclude_order_quantity_value_rules":"no","exclude_category_quantity_rules":"no","combine_variations":"no","acf":[],"_links":{"self":[{"href":"https:\/\/arena-ticket.com\/en\/wp-json\/wp\/v2\/product\/65122","targetHints":{"allow":["GET"]}}],"collection":[{"href":"https:\/\/arena-ticket.com\/en\/wp-json\/wp\/v2\/product"}],"about":[{"href":"https:\/\/arena-ticket.com\/en\/wp-json\/wp\/v2\/types\/product"}],"wp:featuredmedia":[{"embeddable":true,"href":"https:\/\/arena-ticket.com\/en\/wp-json\/wp\/v2\/media\/65124"}],"wp:attachment":[{"href":"https:\/\/arena-ticket.com\/en\/wp-json\/wp\/v2\/media?parent=65122"}],"wp:term":[{"taxonomy":"product_brand","embeddable":true,"href":"https:\/\/arena-ticket.com\/en\/wp-json\/wp\/v2\/product_brand?post=65122"},{"taxonomy":"product_cat","embeddable":true,"href":"https:\/\/arena-ticket.com\/en\/wp-json\/wp\/v2\/product_cat?post=65122"},{"taxonomy":"product_tag","embeddable":true,"href":"https:\/\/arena-ticket.com\/en\/wp-json\/wp\/v2\/product_tag?post=65122"}],"curies":[{"name":"wp","href":"https:\/\/api.w.org\/{rel}","templated":true}]}}