{"id":65135,"date":"2026-01-30T11:58:43","date_gmt":"2026-01-30T10:58:43","guid":{"rendered":"https:\/\/arena-ticket.com\/?p=65135&#038;post_type=product&#038;preview_id=65135"},"modified":"2026-01-30T14:02:10","modified_gmt":"2026-01-30T13:02:10","slug":"mighty-oaks-taeubchenthal-leipzig-08-12-2026-2000-uhr","status":"publish","type":"product","link":"https:\/\/arena-ticket.com\/en\/product\/mighty-oaks-taeubchenthal-leipzig-08-12-2026-2000-uhr\/","title":{"rendered":"Mighty Oaks"},"content":{"rendered":"<p>Mighty Oaks gehen 2026 auf Tour und spielen dabei insgesamt 21 Shows in Deutschland, \u00d6sterreich, Schweiz und Tschechien<\/p>\n<p>Nach zwei Jahren mit intimen Akustikshows kehren Mighty Oaks 2026 mit voller Band und voller Energie zur\u00fcck auf die B\u00fchne. Die Crew ist wieder vereint, und mit ihr kommt auch der gro\u00dfe, dynamische Sound zur\u00fcck, der ihre Live-Auftritte seit fast 15 Jahren so besonders macht. In den letzten Jahren haben sie alles auf das Wesentliche reduziert, doch jetzt ist der Zeitpunkt gekommen, ein neues Kapitel aufzuschlagen: mit einem brandneuen Album, dessen Songs speziell f\u00fcr die B\u00fchne geschrieben wurden. Denn Mighty Oaks sind am st\u00e4rksten, wenn sie gemeinsam auf der B\u00fchne stehen.<br \/>\nDie Tour 2026 vereint alles, was Fans an der Band lieben: die N\u00e4he und Ehrlichkeit der Akustikjahre, kombiniert mit der kraftvollen Energie, mit der sie auf Festivals wie Rock am Ring, dem Montreux Jazz Festival, Lollapalooza oder dem Exit Festival begeistert haben. Die Setlist spannt einen Bogen \u00fcber mehr als ein Jahrzehnt Musikgeschichte \u2013 von fr\u00fchen Klassikern wie \u201eBrother\u201c und \u201eJust One Day\u201c bis hin zu neuen, noch unver\u00f6ffentlichten Songs vom kommenden Album, die live ein ganz eigenes Leben entwickeln. F\u00fcr Mighty Oaks f\u00fchlt sich diese Tour wie ein weiterer Neuanfang an \u2013 eine Erinnerung daran, dass auf der B\u00fchne Freundschaft, Leidenschaft und Verbundenheit zusammenkommen. Ein Abend, den man f\u00fchlen muss, nicht nur h\u00f6ren.<\/p>","protected":false},"excerpt":{"rendered":"<p>Get your tickets now!<\/p>","protected":false},"featured_media":65138,"template":"","meta":{"_acf_changed":false,"inline_featured_image":false},"product_brand":[],"product_cat":[31,69,86,35,6733,499,21,58],"product_tag":[941,942,943,3365,944,6779,967,947,948],"class_list":{"0":"post-65135","1":"product","2":"type-product","3":"status-publish","4":"has-post-thumbnail","6":"product_cat-events","7":"product_cat-konzert","8":"product_cat-leipzig","9":"product_cat-orte","10":"product_cat-pop","11":"product_cat-taeubchenthal","12":"product_cat-ticket","13":"product_cat-veranstaltung","14":"product_tag-events","15":"product_tag-konzert","16":"product_tag-leipzig","17":"product_tag-mighty-oaks","18":"product_tag-orte","19":"product_tag-sonstiges","20":"product_tag-taeubchenthal","21":"product_tag-ticket","22":"product_tag-veranstaltung","23":"product_shipping_class-nur_paketversand","24":"pa_discount-normalpreis","25":"pa_preiskategorie-freie-platzwahl","26":"pa_preiskategorie-stehplatz","28":"first","29":"instock","30":"taxable","31":"shipping-taxable","32":"purchasable","33":"product-type-variable"},"group_of_quantity":0,"min_quantity":0,"max_quantity":"","exclude_order_quantity_value_rules":"no","exclude_category_quantity_rules":"no","combine_variations":"no","acf":[],"_links":{"self":[{"href":"https:\/\/arena-ticket.com\/en\/wp-json\/wp\/v2\/product\/65135","targetHints":{"allow":["GET"]}}],"collection":[{"href":"https:\/\/arena-ticket.com\/en\/wp-json\/wp\/v2\/product"}],"about":[{"href":"https:\/\/arena-ticket.com\/en\/wp-json\/wp\/v2\/types\/product"}],"wp:featuredmedia":[{"embeddable":true,"href":"https:\/\/arena-ticket.com\/en\/wp-json\/wp\/v2\/media\/65138"}],"wp:attachment":[{"href":"https:\/\/arena-ticket.com\/en\/wp-json\/wp\/v2\/media?parent=65135"}],"wp:term":[{"taxonomy":"product_brand","embeddable":true,"href":"https:\/\/arena-ticket.com\/en\/wp-json\/wp\/v2\/product_brand?post=65135"},{"taxonomy":"product_cat","embeddable":true,"href":"https:\/\/arena-ticket.com\/en\/wp-json\/wp\/v2\/product_cat?post=65135"},{"taxonomy":"product_tag","embeddable":true,"href":"https:\/\/arena-ticket.com\/en\/wp-json\/wp\/v2\/product_tag?post=65135"}],"curies":[{"name":"wp","href":"https:\/\/api.w.org\/{rel}","templated":true}]}}