{"id":65140,"date":"2026-01-30T12:08:09","date_gmt":"2026-01-30T11:08:09","guid":{"rendered":"https:\/\/arena-ticket.com\/?p=65140&#038;post_type=product&#038;preview_id=65140"},"modified":"2026-02-02T16:18:37","modified_gmt":"2026-02-02T15:18:37","slug":"dr-pop-hitverdaechtig-die-musik-comedy-stand-up-show-taeubchenthal-leipzig-28-01-2027-1930-uhr","status":"publish","type":"product","link":"https:\/\/arena-ticket.com\/en\/product\/dr-pop-hitverdaechtig-die-musik-comedy-stand-up-show-taeubchenthal-leipzig-28-01-2027-1930-uhr\/","title":{"rendered":"Dr. Pop  - Hitverd\u00e4chtig \u2013 Die Musik-Comedy-Stand-up-Show!"},"content":{"rendered":"<p>Kann man ernsthaft einen Doktortitel in Popmusik machen? Ja! Und was macht man dann damit? Eine Musik-Comedy-Stand-up-Show.<\/p>\n<p>Dr. Pop ist der Arzt f\u00fcrs Musikalische. Er therapiert mit Musiksamples und faszinierenden Musikfakten. In seinem Live-Programm \u201eHitverd\u00e4chtig\u201c entschl\u00fcsselt Dr. Pop, mit welcher Musik man eine Party, eine Beziehung und auch ein Leben retten kann. Das Publikum bekommt verbl\u00fcffend komische Antworten auf Fragen wie: Warum bei\u00dfen sich Termiten doppelt so schnell durchs Holz, wenn sie Heavy Metal h\u00f6ren? Wieso sitzen heutzutage an einem Hit zehn Leute am Laptop und nicht mehr einer an der Gitarre? Dr. Pop feuert Samples vertrauter und neuer Hits der Musikgeschichte ab \u2013 aus dem Hiphop, Rock, Pop, Schlager \u00fcber die Klassik bis hin zum Jazz. Dr. Pop macht h\u00f6rbar: zu jeder Lebenssituation gibt es den richtigen Hit.<\/p>\n<p>Hitverd\u00e4chtig \u2013 Die Musik-Comedy-Stand-up-Show f\u00fcr alle, die Musik lieben oder noch damit anfangen wollen.<\/p>\n<p>\u201eDr. Pop ist der Erfinder des Pop-Kabaretts\u201c (K\u00f6lner Stadtanzeiger)<\/p>\n<p>\u201eAls gro\u00dfe Bereicherung des Abends erweist sich erneut Markus Henrik, der als Dr. Pop mittlerweile die gr\u00f6\u00dferen Comedy-S\u00e4le des Landes f\u00fcllt. Mithilfe eines geheimnisvollen Schaltkastens voller bunter Kn\u00f6pfe spielt er kleine Filmchen und Musikschnipsel ein und findet in Gangster-Rapper Capital Bra und Volkslieder-Rocker Andreas Gabalier Opfer, \u00fcber die es sich gen\u00fcsslich herziehen l\u00e4sst.\u201c (WAZ)<\/p>\n<p>Foto: Marvin Ruppert<\/p>","protected":false},"excerpt":{"rendered":"<p>Kann man ernsthaft einen Doktortitel in Popmusik machen? Ja! Und was macht man dann damit? Eine Musik-Comedy-Stand-up-Show - jetzt Tickets f\u00fcr diesen Abend sichern!<\/p>","protected":false},"featured_media":65143,"template":"","meta":{"_acf_changed":false,"inline_featured_image":false},"product_brand":[],"product_cat":[6725,31,95,86,35,499,21,58],"product_tag":[954,6951,941,6952,6774,943,944,967,947,948],"class_list":{"0":"post-65140","1":"product","2":"type-product","3":"status-publish","4":"has-post-thumbnail","6":"product_cat-comedy","7":"product_cat-events","8":"product_cat-humor","9":"product_cat-leipzig","10":"product_cat-orte","11":"product_cat-taeubchenthal","12":"product_cat-ticket","13":"product_cat-veranstaltung","14":"product_tag-comedy","15":"product_tag-dr-pop","16":"product_tag-events","17":"product_tag-hitverdaechtig-die-musik-comedy-stand-up-show","18":"product_tag-humor","19":"product_tag-leipzig","20":"product_tag-orte","21":"product_tag-taeubchenthal","22":"product_tag-ticket","23":"product_tag-veranstaltung","24":"product_shipping_class-nur_paketversand","25":"pa_discount-normalpreis","26":"pa_preiskategorie-freie-platzwahl","27":"pa_preiskategorie-stehplatz","29":"first","30":"instock","31":"taxable","32":"shipping-taxable","33":"purchasable","34":"product-type-variable"},"group_of_quantity":0,"min_quantity":0,"max_quantity":"","exclude_order_quantity_value_rules":"no","exclude_category_quantity_rules":"no","combine_variations":"no","acf":[],"_links":{"self":[{"href":"https:\/\/arena-ticket.com\/en\/wp-json\/wp\/v2\/product\/65140","targetHints":{"allow":["GET"]}}],"collection":[{"href":"https:\/\/arena-ticket.com\/en\/wp-json\/wp\/v2\/product"}],"about":[{"href":"https:\/\/arena-ticket.com\/en\/wp-json\/wp\/v2\/types\/product"}],"wp:featuredmedia":[{"embeddable":true,"href":"https:\/\/arena-ticket.com\/en\/wp-json\/wp\/v2\/media\/65143"}],"wp:attachment":[{"href":"https:\/\/arena-ticket.com\/en\/wp-json\/wp\/v2\/media?parent=65140"}],"wp:term":[{"taxonomy":"product_brand","embeddable":true,"href":"https:\/\/arena-ticket.com\/en\/wp-json\/wp\/v2\/product_brand?post=65140"},{"taxonomy":"product_cat","embeddable":true,"href":"https:\/\/arena-ticket.com\/en\/wp-json\/wp\/v2\/product_cat?post=65140"},{"taxonomy":"product_tag","embeddable":true,"href":"https:\/\/arena-ticket.com\/en\/wp-json\/wp\/v2\/product_tag?post=65140"}],"curies":[{"name":"wp","href":"https:\/\/api.w.org\/{rel}","templated":true}]}}