{"id":65177,"date":"2026-01-30T13:17:11","date_gmt":"2026-01-30T12:17:11","guid":{"rendered":"https:\/\/arena-ticket.com\/?p=65177&#038;post_type=product&#038;preview_id=65177"},"modified":"2026-03-20T13:33:46","modified_gmt":"2026-03-20T12:33:46","slug":"tjark-auch-wenns-uns-morgen-nicht-mehr-gibt-tour-2026-taeubchenthal-leipzig-17-09-2026-2000-uhr","status":"publish","type":"product","link":"https:\/\/arena-ticket.com\/en\/product\/tjark-auch-wenns-uns-morgen-nicht-mehr-gibt-tour-2026-taeubchenthal-leipzig-17-09-2026-2000-uhr\/","title":{"rendered":"Tjark  - auch wenn's uns morgen nicht mehr gibt Tour 2026"},"content":{"rendered":"<p data-start=\"367\" data-end=\"425\">Neue Single \u201ekeinen namen\u201c er\u00f6ffnet das n\u00e4chste Kapitel<\/p>\n<p data-start=\"427\" data-end=\"804\">Mit dem r\u00e4tselhaften Titel \u201eauch wenn\u2019s uns morgen nicht mehr gibt\u201c l\u00e4utet TJARK das n\u00e4chste gro\u00dfe Kapitel seiner noch jungen, aber bereits eindrucksvollen Karriere ein. Der 21-j\u00e4hrige Newcomer hat in den vergangenen Jahren millionenfach gestreamte Songs ver\u00f6ffentlicht, eine erste EP herausgebracht und gleich zwei eigene Tourneen gespielt \u2013 nun folgt sein Deb\u00fctalbum.<\/p>\n<p data-start=\"806\" data-end=\"853\">Ein Schritt zur\u00fcck \u2013 und zwei nach vorn<\/p>\n<p data-start=\"855\" data-end=\"1090\">F\u00fcr die neuen Songs hat TJARK die Gro\u00dfstadt hinter sich gelassen. Statt Hamburger Kiezn\u00e4chte pr\u00e4gen nun Ruhe und Weite seiner Brandenburger Heimat sein Arbeiten. Dieser bewusste R\u00fcckzug war entscheidend f\u00fcr die kreative Neuausrichtung:<\/p>\n<blockquote data-start=\"1092\" data-end=\"1264\">\n<p data-start=\"1094\" data-end=\"1264\">\u201eIch konnte zum ersten Mal seit zwei Jahren wieder richtig zwischen mir als privatem Menschen und TJARK als K\u00fcnstler unterscheiden. Das war total erholsam\u201c, erz\u00e4hlt er.<\/p>\n<\/blockquote>\n<p data-start=\"1266\" data-end=\"1493\">In dieser Umgebung entstanden die meisten Tracks \u2013 oft gemeinsam mit befreundeten Musiker:innen. Die neue Gelassenheit, der Abstand zur Hektik und die Zeit zur Selbstreflexion haben den Sound und die Haltung des Albums gepr\u00e4gt.<\/p>\n<p data-start=\"1495\" data-end=\"1535\">Die erste Single: \u201ekeinen namen\u201c<\/p>\n<p data-start=\"1537\" data-end=\"1724\">Als Vorgeschmack erscheint die Single \u201ekeinen namen\u201c \u2013 ein Song \u00fcber eine fragile Beziehungssituation, in der noch alles offen ist. Keine Kosenamen, keine Erwartungen, nur der Moment:<\/p>\n<blockquote data-start=\"1726\" data-end=\"1804\">\n<p data-start=\"1728\" data-end=\"1804\"><em data-start=\"1728\" data-end=\"1804\">\u201eIch hab noch keinen Namen f\u00fcr dich \/ Und glaub mir, ich erwarte nichts \u2026\u201c<\/em><\/p>\n<div data-v-0d4c50a8=\"\">\n<p data-start=\"1806\" data-end=\"1955\">Musikalisch verbindet der Track sanfte Folk-Elemente mit einer aufbrausenden Dynamik. Wichtig war TJARK dabei vor allem das Gef\u00fchl echter Live-Musik:<\/p>\n<blockquote data-start=\"1957\" data-end=\"2083\">\n<p data-start=\"1959\" data-end=\"2083\">\u201eIch will zur\u00fcck zu den Grundlagen: gemeinsam in einem Raum Musik machen. Und genauso haben wir \u201akeinen namen\u2018 aufgenommen.\u201c<\/p>\n<\/blockquote>\n<p data-start=\"2085\" data-end=\"2200\">Das Ergebnis ist eine intime, unverf\u00e4lschte Momentaufnahme \u2013 eine von vielen, die das kommende Album pr\u00e4gen werden.<\/p>\n<p data-start=\"2202\" data-end=\"2224\">\u00dcber das Album<\/p>\n<p data-start=\"2226\" data-end=\"2482\">\u201eauch wenn\u2019s uns morgen nicht mehr gibt\u201c ist kein Konzeptalbum, sondern durfte sich frei entwickeln. Es ist gepr\u00e4gt von Offenheit, Neubeginn und einem k\u00fcnstlerischen Blick, der sich von Erwartungen l\u00f6st und den Fokus wieder auf das Wesentliche richtet.<\/p>\n<\/div>\n<h5 data-v-0d4c50a8=\"\"><\/h5>\n<\/blockquote>","protected":false},"excerpt":{"rendered":"<p>Get your tickets now!<\/p>","protected":false},"featured_media":65180,"template":"","meta":{"_acf_changed":false,"inline_featured_image":false},"product_brand":[],"product_cat":[31,69,86,35,6746,499,21,58],"product_tag":[6954,941,942,943,944,6779,967,947,3425,948],"class_list":{"0":"post-65177","1":"product","2":"type-product","3":"status-publish","4":"has-post-thumbnail","6":"product_cat-events","7":"product_cat-konzert","8":"product_cat-leipzig","9":"product_cat-orte","10":"product_cat-singer-songwriter","11":"product_cat-taeubchenthal","12":"product_cat-ticket","13":"product_cat-veranstaltung","14":"product_tag-auch-wenns-uns-morgen-nicht-mehr-gibt-tour-2026","15":"product_tag-events","16":"product_tag-konzert","17":"product_tag-leipzig","18":"product_tag-orte","19":"product_tag-sonstiges","20":"product_tag-taeubchenthal","21":"product_tag-ticket","22":"product_tag-tjark","23":"product_tag-veranstaltung","24":"product_shipping_class-nur_paketversand","25":"pa_discount-normalpreis","26":"pa_preiskategorie-freie-platzwahl","27":"pa_preiskategorie-stehplatz","29":"first","30":"instock","31":"taxable","32":"shipping-taxable","33":"purchasable","34":"product-type-variable"},"group_of_quantity":0,"min_quantity":0,"max_quantity":"","exclude_order_quantity_value_rules":"no","exclude_category_quantity_rules":"no","combine_variations":"no","acf":[],"_links":{"self":[{"href":"https:\/\/arena-ticket.com\/en\/wp-json\/wp\/v2\/product\/65177","targetHints":{"allow":["GET"]}}],"collection":[{"href":"https:\/\/arena-ticket.com\/en\/wp-json\/wp\/v2\/product"}],"about":[{"href":"https:\/\/arena-ticket.com\/en\/wp-json\/wp\/v2\/types\/product"}],"wp:featuredmedia":[{"embeddable":true,"href":"https:\/\/arena-ticket.com\/en\/wp-json\/wp\/v2\/media\/65180"}],"wp:attachment":[{"href":"https:\/\/arena-ticket.com\/en\/wp-json\/wp\/v2\/media?parent=65177"}],"wp:term":[{"taxonomy":"product_brand","embeddable":true,"href":"https:\/\/arena-ticket.com\/en\/wp-json\/wp\/v2\/product_brand?post=65177"},{"taxonomy":"product_cat","embeddable":true,"href":"https:\/\/arena-ticket.com\/en\/wp-json\/wp\/v2\/product_cat?post=65177"},{"taxonomy":"product_tag","embeddable":true,"href":"https:\/\/arena-ticket.com\/en\/wp-json\/wp\/v2\/product_tag?post=65177"}],"curies":[{"name":"wp","href":"https:\/\/api.w.org\/{rel}","templated":true}]}}