{"id":65213,"date":"2026-01-30T13:44:00","date_gmt":"2026-01-30T12:44:00","guid":{"rendered":"https:\/\/arena-ticket.com\/?p=65213&#038;post_type=product&#038;preview_id=65213"},"modified":"2026-02-18T12:23:30","modified_gmt":"2026-02-18T11:23:30","slug":"silke-bischoff-live-2026-taeubchenthal-leipzig-26-09-2026-2000-uhr","status":"publish","type":"product","link":"https:\/\/arena-ticket.com\/en\/product\/silke-bischoff-live-2026-taeubchenthal-leipzig-26-09-2026-2000-uhr\/","title":{"rendered":"SILKE BISCHOFF - LIVE 2026"},"content":{"rendered":"<p data-start=\"1495\" data-end=\"1535\">Nach dem fulminanten und mitrei\u00dfenden Comeback auf dem Wave Gotik Treffen 2025 hat sich Mastermind Axel K. entschlossen SILKE BISCHOFF seinen Fans noch n\u00e4her zu bringen und wird daher f\u00fcr nur 3 Konzerte in kleinen Venues auf Tour gehen. Wie auch beim WGT werden bekannte Szene Gasts\u00e4nger den Songs neue, ber\u00fchrende Stimmen und besonderen Ausdruck verleihen. Zus\u00e4tzlich wird eine kunstvolle Video-Show die mystische Stimmung der Musik eindrucksvoll darstellen. Silke Bischoff freuen sich nach fast drei Jahrzehnten endlich wieder live bei Clubkonzerten auf der B\u00fchne zu stehen.<\/p>","protected":false},"excerpt":{"rendered":"<p>+ spec. guest: The Second Sight - jetzt Tickets sichern!<\/p>","protected":false},"featured_media":65216,"template":"","meta":{"_acf_changed":false,"inline_featured_image":false},"product_brand":[],"product_cat":[6743,31,69,86,35,499,21,58],"product_tag":[6880,941,942,943,4819,944,6956,6779,967,947,948],"class_list":{"0":"post-65213","1":"product","2":"type-product","3":"status-publish","4":"has-post-thumbnail","6":"product_cat-dark-darkwave","7":"product_cat-events","8":"product_cat-konzert","9":"product_cat-leipzig","10":"product_cat-orte","11":"product_cat-taeubchenthal","12":"product_cat-ticket","13":"product_cat-veranstaltung","14":"product_tag-dark-darkwave","15":"product_tag-events","16":"product_tag-konzert","17":"product_tag-leipzig","18":"product_tag-live-2026","19":"product_tag-orte","20":"product_tag-silke-bischoff","21":"product_tag-sonstiges","22":"product_tag-taeubchenthal","23":"product_tag-ticket","24":"product_tag-veranstaltung","25":"product_shipping_class-nur_paketversand","26":"pa_discount-normalpreis","27":"pa_preiskategorie-freie-platzwahl","28":"pa_preiskategorie-stehplatz","30":"first","31":"instock","32":"taxable","33":"shipping-taxable","34":"purchasable","35":"product-type-variable"},"group_of_quantity":0,"min_quantity":0,"max_quantity":"","exclude_order_quantity_value_rules":"no","exclude_category_quantity_rules":"no","combine_variations":"no","acf":[],"_links":{"self":[{"href":"https:\/\/arena-ticket.com\/en\/wp-json\/wp\/v2\/product\/65213","targetHints":{"allow":["GET"]}}],"collection":[{"href":"https:\/\/arena-ticket.com\/en\/wp-json\/wp\/v2\/product"}],"about":[{"href":"https:\/\/arena-ticket.com\/en\/wp-json\/wp\/v2\/types\/product"}],"wp:featuredmedia":[{"embeddable":true,"href":"https:\/\/arena-ticket.com\/en\/wp-json\/wp\/v2\/media\/65216"}],"wp:attachment":[{"href":"https:\/\/arena-ticket.com\/en\/wp-json\/wp\/v2\/media?parent=65213"}],"wp:term":[{"taxonomy":"product_brand","embeddable":true,"href":"https:\/\/arena-ticket.com\/en\/wp-json\/wp\/v2\/product_brand?post=65213"},{"taxonomy":"product_cat","embeddable":true,"href":"https:\/\/arena-ticket.com\/en\/wp-json\/wp\/v2\/product_cat?post=65213"},{"taxonomy":"product_tag","embeddable":true,"href":"https:\/\/arena-ticket.com\/en\/wp-json\/wp\/v2\/product_tag?post=65213"}],"curies":[{"name":"wp","href":"https:\/\/api.w.org\/{rel}","templated":true}]}}