{"id":65343,"date":"2026-01-30T17:45:07","date_gmt":"2026-01-30T16:45:07","guid":{"rendered":"https:\/\/arena-ticket.com\/?p=65343&#038;post_type=product&#038;preview_id=65343"},"modified":"2026-02-02T16:12:53","modified_gmt":"2026-02-02T15:12:53","slug":"stomp-oper-leipzig-10-07-2027-1930-uhr","status":"publish","type":"product","link":"https:\/\/arena-ticket.com\/en\/product\/stomp-oper-leipzig-10-07-2027-1930-uhr\/","title":{"rendered":"STOMP - Oper Leipzig"},"content":{"rendered":"<p>Es ist das furioseste, originellste und witzigste Rhythmusspektakel der Erde: STOMP ist ein Ph\u00e4nomen und sorgt f\u00fcr staunende Augen, klingelnde Ohren und ersch\u00f6pfte Lachmuskeln. Mit nichts als Schrott und untr\u00fcglichem Rhythmusgef\u00fchl bewaffnet, loten die herrlich eigenwilligen STOMP-Charaktere zuvor unbekannte Klangtiefen aus und sind dabei noch immer so frisch, neugierig und verspielt wie am ersten Tag. Lassen Sie sich von der hohen Kunst des Fingerschnippens, Besenschwingens und M\u00fclltonnenklapperns begeistern!<\/p>\n<p>Pulsierend, witzig und unwiderstehlich!<br \/>\nSTOMP findet Sch\u00f6nheit und Musik im Allt\u00e4glichen - von Stiefeln und M\u00fclltonnen bis hin zu Feuerzeugen und Rohrzangen - alles, einschlie\u00dflich der K\u00fcchensp\u00fcle, wird Teil dieser erstaunlichen Inszenierung. Das Ensemble von acht inspirierenden Darstellern schafft es, aus Besen Instrumente zu machen und H\u00e4ndeklatschen in Erz\u00e4hlungen zu verwandeln. Seit seiner Premiere beim Edinburgh Festival 1991 hat sich STOMP zu einer globalen Sensation entwickelt, die eine universelle Sprache des Rhythmus, des Theaters, der Kom\u00f6die und des Tanzes pr\u00e4sentiert, die das Publikum auf der ganzen Welt begeistert. STOMP tourt seit \u00fcber 25 Jahren fast ununterbrochen um den Globus und hat in 53 L\u00e4ndern auf 5 Kontinenten mehr als 15 Millionen Menschen zum Stampfen, Trommeln und Adrenalinrausch gebracht. Lassen Sie sich von diesem pulsierenden, witzigen und absolut unwiderstehlichen Theaterereignis mitrei\u00dfen!<br \/>\n__________________________________________________________________________________________________________________________________________________________________________________<br \/>\nDauer ca. 100 Minuten ohne Pause<\/p>\n<p>Erm\u00e4\u00dfigt: Sch\u00fcler\/Studenten\/Azubis\/FSJ\/FWD\/Senioren ab 65 J.+ schwerbehindert ab 70% GdB ohne \"B\".<br \/>\nKinder ab 6 bis einschl. 14 Jahre<\/p>\n<p>Kinder unter 6 Jahren erhalten keinen Einlass in die Veranstaltung - Kinder unter 16 Jahren erhalten nur Eintritt in Begleitung einer erziehungs-\/personensorgeberechtigten oder erziehungsbeauftragen Person<\/p>\n<p>Erm\u00e4\u00dfigungsnachweise sind beim Einlass vorzuzeigen<\/p>","protected":false},"excerpt":{"rendered":"<p>STOMP \u2212 Die internationale Theatersensation kehrt zur\u00fcck!<\/p>","protected":false},"featured_media":65190,"template":"","meta":{"_acf_changed":false,"inline_featured_image":false},"product_brand":[],"product_cat":[31,86,64,346,35,6730,21,58],"product_tag":[941,943,6773,961,944,958,2341,947,948],"class_list":{"0":"post-65343","1":"product","2":"type-product","3":"status-publish","4":"has-post-thumbnail","6":"product_cat-events","7":"product_cat-leipzig","8":"product_cat-musical-show","9":"product_cat-oper-leipzig","10":"product_cat-orte","11":"product_cat-show","12":"product_cat-ticket","13":"product_cat-veranstaltung","14":"product_tag-events","15":"product_tag-leipzig","16":"product_tag-musical-show","17":"product_tag-oper-leipzig","18":"product_tag-orte","19":"product_tag-show","20":"product_tag-stomp","21":"product_tag-ticket","22":"product_tag-veranstaltung","23":"product_shipping_class-nur_paketversand","24":"pa_discount-ermaessigt","25":"pa_discount-kind-bis-14-jahre","26":"pa_discount-normalpreis","27":"pa_discount-schwerbeschaedigt-inkl-begleitperson","28":"pa_preiskategorie-pk-i","29":"pa_preiskategorie-pk-ii","30":"pa_preiskategorie-pk-iii","31":"pa_preiskategorie-pk-iv","32":"pa_preiskategorie-pk-v","34":"first","35":"instock","36":"taxable","37":"shipping-taxable","38":"purchasable","39":"product-type-variable"},"group_of_quantity":0,"min_quantity":0,"max_quantity":"","exclude_order_quantity_value_rules":"no","exclude_category_quantity_rules":"no","combine_variations":"no","acf":[],"_links":{"self":[{"href":"https:\/\/arena-ticket.com\/en\/wp-json\/wp\/v2\/product\/65343","targetHints":{"allow":["GET"]}}],"collection":[{"href":"https:\/\/arena-ticket.com\/en\/wp-json\/wp\/v2\/product"}],"about":[{"href":"https:\/\/arena-ticket.com\/en\/wp-json\/wp\/v2\/types\/product"}],"wp:featuredmedia":[{"embeddable":true,"href":"https:\/\/arena-ticket.com\/en\/wp-json\/wp\/v2\/media\/65190"}],"wp:attachment":[{"href":"https:\/\/arena-ticket.com\/en\/wp-json\/wp\/v2\/media?parent=65343"}],"wp:term":[{"taxonomy":"product_brand","embeddable":true,"href":"https:\/\/arena-ticket.com\/en\/wp-json\/wp\/v2\/product_brand?post=65343"},{"taxonomy":"product_cat","embeddable":true,"href":"https:\/\/arena-ticket.com\/en\/wp-json\/wp\/v2\/product_cat?post=65343"},{"taxonomy":"product_tag","embeddable":true,"href":"https:\/\/arena-ticket.com\/en\/wp-json\/wp\/v2\/product_tag?post=65343"}],"curies":[{"name":"wp","href":"https:\/\/api.w.org\/{rel}","templated":true}]}}