{"id":65465,"date":"2026-02-02T18:48:23","date_gmt":"2026-02-02T17:48:23","guid":{"rendered":"https:\/\/arena-ticket.com\/?p=65465&#038;post_type=product&#038;preview_id=65465"},"modified":"2026-03-18T09:25:15","modified_gmt":"2026-03-18T08:25:15","slug":"see-in-flammen-open-air-ein-event-fuer-die-ganze-familie-stausee-kelbra-kyffhaeuser-22-08-2026-2030-uhr","status":"publish","type":"product","link":"https:\/\/arena-ticket.com\/en\/product\/see-in-flammen-open-air-ein-event-fuer-die-ganze-familie-stausee-kelbra-kyffhaeuser-22-08-2026-2030-uhr\/","title":{"rendered":"See in Flammen - Open Air. Ein Event f\u00fcr die ganze Familie"},"content":{"rendered":"<div class=\"event-list u-position-relative js-focus js-capacity-control\">\n<div class=\"js-cat-check\">\n<div class=\"event-list-item margin-bottom-s u-shadow standard-gray-shadow\" data-qa=\"event-list-item\">\n<div class=\"event-list-item-wrapper pc-list-item-space clearfix js-product-type\" data-cc-formcount=\"1_1_vip_packages\">\n<div class=\"event-list-content pc-list-item-space no-padding-top\">\n<div class=\"paragraph external-content\">\n<div class=\"u-position-relative js-moretext-wrapper\">\n<div class=\"moretext js-moretext expanded\" data-qa=\"readMoreText\" aria-expanded=\"true\">\n<div class=\"moretext-teaser\">\n<p><em>Einlass: ab 18:00 Uhr<\/em><\/p>\n<p><em>Kinder bis einschlie\u00dflich 10 Jahren haben freien Eintritt ohne Sitzplatzanspruch.<\/em><\/p>\n<p><em>Keine Erm\u00e4\u00dfigungen<\/em><\/p>\n<p>&nbsp;<\/p>\n<h2>Mega H\u00f6henfeuerwerk<\/h2>\n<p>See in Flammen 2026 \u2013 Ein Fest f\u00fcr die ganze Familie. Erleben Sie einen Abend voller Magie, Musik und atemberaubender Highlights am wundersch\u00f6nen Haselbacher See! Dieses spektakul\u00e4re Fest bringt die ganze Familie zusammen und sorgt f\u00fcr unvergessliche Momente. Freuen Sie sich auf die Live-Band der Extraklasse, die gefeierte Rammstein-Tribute-Band Stahlzeit, die mit ihrer beeindruckenden Show und explosiven Sounds die B\u00fchne rocken wird.<br \/>\nDas absolute Highlight erwartet Sie bei Einbruch der Dunkelheit: Ein Mega-H\u00f6henfeuerwerk, das den Himmel \u00fcber dem Stausee Kelbra in ein funkelndes Lichtspektakel verwandelt. Die beeindruckenden Effekte spiegeln sich malerisch auf der Wasseroberfl\u00e4che und machen dieses Erlebnis zu einem magischen Moment f\u00fcr alle Besucher.<\/p>\n<\/div>\n<\/div>\n<\/div>\n<\/div>\n<\/div>\n<\/div>\n<\/div>\n<\/div>\n<\/div>\n<p class=\"paragraph legalhint-text font-size-m line-height-l\">","protected":false},"excerpt":{"rendered":"<p>Secure your tickets!<\/p>","protected":false},"featured_media":65470,"template":"","meta":{"_acf_changed":false,"inline_featured_image":false},"product_brand":[],"product_cat":[6958,31,6771,922,35,6960,21,58],"product_tag":[6964,941,6976,951,6963,944,6962,6779,6965,947,948],"class_list":{"0":"post-65465","1":"product","2":"type-product","3":"status-publish","4":"has-post-thumbnail","6":"product_cat-berga","7":"product_cat-events","8":"product_cat-freizeit","9":"product_cat-kultur","10":"product_cat-orte","11":"product_cat-stausee-kelbra","12":"product_cat-ticket","13":"product_cat-veranstaltung","14":"product_tag-berga","15":"product_tag-events","16":"product_tag-freizeit","17":"product_tag-kultur","18":"product_tag-open-air-ein-event-fuer-die-ganze-familie","19":"product_tag-orte","20":"product_tag-see-in-flammen","21":"product_tag-sonstiges","22":"product_tag-stausee-kelbra","23":"product_tag-ticket","24":"product_tag-veranstaltung","25":"product_shipping_class-nur_paketversand","26":"pa_discount-familienticket","27":"pa_discount-normalpreis","28":"pa_preiskategorie-stehplatz","30":"first","31":"instock","32":"taxable","33":"shipping-taxable","34":"purchasable","35":"product-type-variable"},"group_of_quantity":0,"min_quantity":0,"max_quantity":"","exclude_order_quantity_value_rules":"no","exclude_category_quantity_rules":"no","combine_variations":"no","acf":[],"_links":{"self":[{"href":"https:\/\/arena-ticket.com\/en\/wp-json\/wp\/v2\/product\/65465","targetHints":{"allow":["GET"]}}],"collection":[{"href":"https:\/\/arena-ticket.com\/en\/wp-json\/wp\/v2\/product"}],"about":[{"href":"https:\/\/arena-ticket.com\/en\/wp-json\/wp\/v2\/types\/product"}],"wp:featuredmedia":[{"embeddable":true,"href":"https:\/\/arena-ticket.com\/en\/wp-json\/wp\/v2\/media\/65470"}],"wp:attachment":[{"href":"https:\/\/arena-ticket.com\/en\/wp-json\/wp\/v2\/media?parent=65465"}],"wp:term":[{"taxonomy":"product_brand","embeddable":true,"href":"https:\/\/arena-ticket.com\/en\/wp-json\/wp\/v2\/product_brand?post=65465"},{"taxonomy":"product_cat","embeddable":true,"href":"https:\/\/arena-ticket.com\/en\/wp-json\/wp\/v2\/product_cat?post=65465"},{"taxonomy":"product_tag","embeddable":true,"href":"https:\/\/arena-ticket.com\/en\/wp-json\/wp\/v2\/product_tag?post=65465"}],"curies":[{"name":"wp","href":"https:\/\/api.w.org\/{rel}","templated":true}]}}