{"id":65520,"date":"2026-02-03T12:50:05","date_gmt":"2026-02-03T11:50:05","guid":{"rendered":"https:\/\/arena-ticket.com\/?p=65520&#038;post_type=product&#038;preview_id=65520"},"modified":"2026-02-03T17:05:39","modified_gmt":"2026-02-03T16:05:39","slug":"tocotronic-golden-years-2026-open-air-dresden-club-tante-ju-open-air-28-08-2026-2000-uhr","status":"publish","type":"product","link":"https:\/\/arena-ticket.com\/en\/product\/tocotronic-golden-years-2026-open-air-dresden-club-tante-ju-open-air-28-08-2026-2000-uhr\/","title":{"rendered":"TOCOTRONIC - GOLDEN YEARS 2026 OPEN AIR"},"content":{"rendered":"<section class=\"artist-description-wrapper\">\n<div class=\"artist text artist_description\">\n<div><\/div>\n<div><\/div>\n<div>Fr\u00fcher begannen junge Leute mit dem Gitarrespielen, indem sie das Riff von Smoke On The Water und die Akkorde f\u00fcr das Traditional House Of The Rising Sun lernten. Wenn sie heute mit Instrumenten anfangen, lassen sie sich dazu gerne durch Lieder von Tocotronic anspornen.<\/div>\n<div><\/div>\n<div>Diese aufm\u00fcpfige und fr\u00f6hlich sch\u00f6pferische Band \u00fcbt hierzulande einen \u00fcberall sp\u00fcrbaren Einfluss aus. Musikalisch und modisch versorgt sie Jungs und M\u00e4nner mit dem Selbstbewusstsein, das Madonna bis heute an M\u00e4dchen und Frauen weitergibt. Der Gitarrist Rick McPhail findet mit Leichtigkeit pr\u00e4gnant erz\u00e4hlende T\u00f6ne. Er setzt sie wie Punkte und Kommas auf und zwischen Strophen und Refrains. So verwandelt er einen Entwurf in einen Song.<\/div>\n<div><\/div>\n<div>Der Bassist Jan M\u00fcller hat ein romantisches Verh\u00e4ltnis zu Musik, die apart aus der Zeit f\u00e4llt. Er ist der aufgeschlossenste Rock-Fan der Band. Sein Bass klingt wie das Auge des Sturms in den Songs von Tocotronic.<\/div>\n<div>Der Schlagzeuger Arne Zank reist schon mal auf die andere Seite der Erdkugel, um Kl\u00e4nge zu entdecken wie seltene Schmetterlinge. Anschlie\u00dfend kehrt er als musikalischer Antipode zur\u00fcck, um in angenehmen Bars in Berlin-Kreuzberg interessante, sonderbare Klanglandschaften vorzustellen.<\/div>\n<div><\/div>\n<div>Der S\u00e4nger Dirk von Lowtzow steht morgens auf und hat einen Song fertig. Er fr\u00fchst\u00fcckt und hat einen zweiten Song fertig. Dann geht er um den Block und telefoniert vielleicht kurz. Wenn er mittags nach Hause zur\u00fcckkommt, ist die Demo-Version eines dritten Songs so gut wie aufgenommen.<\/div>\n<\/div>\n<\/section>\n<section class=\"artist-menue tour-menue\"><\/section>\n<section class=\"artist-feed\">\n<div class=\"titel\"><\/div>\n<div class=\"artist-feed-list\">\n<div class=\"artist-socials\">\n<div class=\"iconListe\">\n<div class=\"spotify-icon icon sozial-icon klein\"><\/div>\n<div class=\"facebook-icon icon sozial-icon klein\"><\/div>\n<div class=\"insta-icon icon sozial-icon klein\"><\/div>\n<div class=\"tiktok-icon icon sozial-icon klein\"><\/div>\n<div class=\"youtube-icon icon sozial-icon klein\"><\/div>\n<\/div>\n<\/div>\n<div class=\"artist-spotify\"><\/div>\n<div class=\"homepage-link-box\">\n<div class=\"artist text artist-homepage link_box\">\n<div class=\"text-link pfeil-icon\"><\/div>\n<\/div>\n<\/div>\n<\/div>\n<\/section>","protected":false},"excerpt":{"rendered":"<p>Don&#039;t miss it!<\/p>","protected":false},"featured_media":65522,"template":"","meta":{"_acf_changed":false,"inline_featured_image":false},"product_brand":[],"product_cat":[384,87,31,69,35,6733,21,58],"product_tag":[2756,940,941,6970,942,944,2506,947,4785,948],"class_list":{"0":"post-65520","1":"product","2":"type-product","3":"status-publish","4":"has-post-thumbnail","6":"product_cat-club-tante-ju","7":"product_cat-dresden","8":"product_cat-events","9":"product_cat-konzert","10":"product_cat-orte","11":"product_cat-pop","12":"product_cat-ticket","13":"product_cat-veranstaltung","14":"product_tag-club-tante-ju","15":"product_tag-dresden","16":"product_tag-events","17":"product_tag-golden-years-2026-open-air","18":"product_tag-konzert","19":"product_tag-orte","20":"product_tag-pop","21":"product_tag-ticket","22":"product_tag-tocotronic","23":"product_tag-veranstaltung","24":"product_shipping_class-nur_paketversand","25":"pa_discount-normalpreis","26":"pa_preiskategorie-stehplatz","28":"first","29":"instock","30":"taxable","31":"shipping-taxable","32":"purchasable","33":"product-type-variable"},"group_of_quantity":0,"min_quantity":0,"max_quantity":"","exclude_order_quantity_value_rules":"no","exclude_category_quantity_rules":"no","combine_variations":"no","acf":[],"_links":{"self":[{"href":"https:\/\/arena-ticket.com\/en\/wp-json\/wp\/v2\/product\/65520","targetHints":{"allow":["GET"]}}],"collection":[{"href":"https:\/\/arena-ticket.com\/en\/wp-json\/wp\/v2\/product"}],"about":[{"href":"https:\/\/arena-ticket.com\/en\/wp-json\/wp\/v2\/types\/product"}],"wp:featuredmedia":[{"embeddable":true,"href":"https:\/\/arena-ticket.com\/en\/wp-json\/wp\/v2\/media\/65522"}],"wp:attachment":[{"href":"https:\/\/arena-ticket.com\/en\/wp-json\/wp\/v2\/media?parent=65520"}],"wp:term":[{"taxonomy":"product_brand","embeddable":true,"href":"https:\/\/arena-ticket.com\/en\/wp-json\/wp\/v2\/product_brand?post=65520"},{"taxonomy":"product_cat","embeddable":true,"href":"https:\/\/arena-ticket.com\/en\/wp-json\/wp\/v2\/product_cat?post=65520"},{"taxonomy":"product_tag","embeddable":true,"href":"https:\/\/arena-ticket.com\/en\/wp-json\/wp\/v2\/product_tag?post=65520"}],"curies":[{"name":"wp","href":"https:\/\/api.w.org\/{rel}","templated":true}]}}