{"id":65526,"date":"2026-02-03T13:12:11","date_gmt":"2026-02-03T12:12:11","guid":{"rendered":"https:\/\/arena-ticket.com\/?p=65526&#038;post_type=product&#038;preview_id=65526"},"modified":"2026-02-03T14:34:19","modified_gmt":"2026-02-03T13:34:19","slug":"lilo-wanders-waren-sie-nicht-mal-lilo-wanders-kabarettist-lesung-leipzig-academixer-keller-11-10-2026-1800-uhr","status":"publish","type":"product","link":"https:\/\/arena-ticket.com\/en\/product\/lilo-wanders-waren-sie-nicht-mal-lilo-wanders-kabarettist-lesung-leipzig-academixer-keller-11-10-2026-1800-uhr\/","title":{"rendered":"Lilo Wanders  - WAREN SIE NICHT MAL LILO WANDERS?"},"content":{"rendered":"<p>&nbsp;<\/p>\n<p>P\u00fcnktlich zu seinem 70. Geburtstag blickt Ernie auf sein Leben zur\u00fcck, auf das Aufwachsen in der nieders\u00e4chsischen Provinz ab den 50er Jahren, auf die Suche nach der sexuellen Identit\u00e4t als junger Mann in Hamburg, auf die Karriere als B\u00fchnenk\u00fcnstler und schlie\u00dflich auch auf die Erschaffung von Lilo Wanders, die sich in das kollektive Ged\u00e4chtnis ganzer Generationen einbrannte.<\/p>\n<p>Ernie Reinhardts Lebensgeschichte ist abwechslungsreich, dramatisch und zuweilen urkomisch \u2013 eben genau wie Ernie selbst. Es ist eine Geschichte von Selbstzweifeln und Selbstfindung, von Triumphen und Misserfolgen. Ernie erz\u00e4hlt, wie er vom sch\u00fcchternen Jungen zur schillernden Diva wurde, warum er sich die meiste Zeit seines Lebens in die zweite Reihe gestellt hat, und wie er es geschafft hat, nach jedem Tiefschlag wieder auf die Beine zu kommen \u2013 auch dank seines Publikums.<\/p>","protected":false},"excerpt":{"rendered":"<p>Doch wer ist Lilo, wenn sie nicht Lilo ist? Ernie Reinhardt!<\/p>","protected":false},"featured_media":65530,"template":"","meta":{"_acf_changed":false,"inline_featured_image":false},"product_brand":[],"product_cat":[351,31,95,6726,86,35,21,58],"product_tag":[3304,941,6774,960,943,6971,944,947,948,6972],"class_list":{"0":"post-65526","1":"product","2":"type-product","3":"status-publish","4":"has-post-thumbnail","6":"product_cat-academixer-keller","7":"product_cat-events","8":"product_cat-humor","9":"product_cat-kabarett","10":"product_cat-leipzig","11":"product_cat-orte","12":"product_cat-ticket","13":"product_cat-veranstaltung","14":"product_tag-academixer-keller","15":"product_tag-events","16":"product_tag-humor","17":"product_tag-kabarett","18":"product_tag-leipzig","19":"product_tag-lilo-wanders","20":"product_tag-orte","21":"product_tag-ticket","22":"product_tag-veranstaltung","23":"product_tag-waren-sie-nicht-mal-lilo-wanders","24":"product_shipping_class-nur_paketversand","25":"pa_discount-normalpreis","26":"pa_preiskategorie-pk-i","27":"pa_preiskategorie-pk-ii","28":"pa_preiskategorie-pk-iii","30":"first","31":"instock","32":"taxable","33":"shipping-taxable","34":"purchasable","35":"product-type-variable"},"group_of_quantity":0,"min_quantity":0,"max_quantity":"","exclude_order_quantity_value_rules":"no","exclude_category_quantity_rules":"no","combine_variations":"no","acf":[],"_links":{"self":[{"href":"https:\/\/arena-ticket.com\/en\/wp-json\/wp\/v2\/product\/65526","targetHints":{"allow":["GET"]}}],"collection":[{"href":"https:\/\/arena-ticket.com\/en\/wp-json\/wp\/v2\/product"}],"about":[{"href":"https:\/\/arena-ticket.com\/en\/wp-json\/wp\/v2\/types\/product"}],"wp:featuredmedia":[{"embeddable":true,"href":"https:\/\/arena-ticket.com\/en\/wp-json\/wp\/v2\/media\/65530"}],"wp:attachment":[{"href":"https:\/\/arena-ticket.com\/en\/wp-json\/wp\/v2\/media?parent=65526"}],"wp:term":[{"taxonomy":"product_brand","embeddable":true,"href":"https:\/\/arena-ticket.com\/en\/wp-json\/wp\/v2\/product_brand?post=65526"},{"taxonomy":"product_cat","embeddable":true,"href":"https:\/\/arena-ticket.com\/en\/wp-json\/wp\/v2\/product_cat?post=65526"},{"taxonomy":"product_tag","embeddable":true,"href":"https:\/\/arena-ticket.com\/en\/wp-json\/wp\/v2\/product_tag?post=65526"}],"curies":[{"name":"wp","href":"https:\/\/api.w.org\/{rel}","templated":true}]}}