{"id":65534,"date":"2026-02-03T13:32:12","date_gmt":"2026-02-03T12:32:12","guid":{"rendered":"https:\/\/arena-ticket.com\/?p=65534&#038;post_type=product&#038;preview_id=65534"},"modified":"2026-02-03T17:01:41","modified_gmt":"2026-02-03T16:01:41","slug":"ulan-bator-undsinn-leipzig-academixer-keller-25-03-2026-1930-uhr","status":"publish","type":"product","link":"https:\/\/arena-ticket.com\/en\/product\/ulan-bator-undsinn-leipzig-academixer-keller-25-03-2026-1930-uhr\/","title":{"rendered":"Ulan & Bator  - UNDSINN"},"content":{"rendered":"<p>&nbsp;<\/p>\n<p>Die Welt steht Kopf. Ist es m\u00f6glich, dar\u00fcber zu lachen, ohne den Kopf dabei auszuschalten?<br \/>\nIst es m\u00f6glich, sich in Leichtigkeit zu vergessen, ohne Realit\u00e4tsflucht zu begehen?<br \/>\nEs ist! Man erlebe einfach Ulan &amp; Bator.<br \/>\nIhre Antwort auf jegliche Sinnkrise hei\u00dft: Undsinn! Bei Sinnkrise: Undsinn!<\/p>\n<p>Nach Wirrklichkeit, Irreparabeln und Zukunst das neue Programm der beiden preisgekr\u00f6nten Clowns unter den Intellektuellen, den K\u00fcnstlern unter den Comedians, den Dadaisten unter den Witzbolden. Ein Abend, der Lachmuskeln und Geist gleicherma\u00dfen anregt.<\/p>\n<p>\u201eDie Erben Monty Pythons\u201c (S\u00fcddeutsche Zeitung vom 27.05.2024). Nur wenigen B\u00fchnenk\u00fcnstlern kann man nachsagen, eine ganz eigene Kunstform erschaffen zu haben. Ulan &amp; Bator arbeiten seit mehr als 20 Jahren an ihrem \u201eKrazy Kabarett\u201c und sind im deutschsprachigen Raum einzigartig.<\/p>\n<p>\u201eIm Reich des Undsinns\u201c, schreibt die S\u00fcddeutsche Zeitung anl\u00e4sslich der Premiere im M\u00fcnchner Lustspielhaus am 25. Mai 2024, \u201espiegelt sich die reale Welt als absurde, groteske Parodie.\u201c<\/p>\n<p>\u201eEin H\u00f6hepunkt der Saison\u201c (M\u00fcnchner Abendzeitung vom 27.05.2024) Gl\u00e4nzendes Theaterhandwerk ohne Einspieler, Lichtwechsel und Requisiten \u2013 die Spielfreude, die Sebastian R\u00fcger und Frank Smilgies als Ulan &amp; Bator auf der B\u00fchne in Szenen, Liedern, T\u00e4nzen und Grotesken entfesseln, ist l\u00e4ngst legend\u00e4r. Am neuen Programm faszinieren au\u00dferdem Musikalit\u00e4t und mitrei\u00dfendes Tempo. So albern wie anspruchsvoll entwerfen die beiden Schauspieler st\u00e4ndig neue Welten, flirrend zwischen allen Genres \u2013 eine wundervoll verg\u00e4ngliche B\u00fchnenkunst, die im Moment zwischen K\u00fcnstlern und Publikum erfahrbar wird.<\/p>\n<p>\u201eUlan &amp; Bator sind zu wahr, um verr\u00fcckt zu sein.\u201c (ein Fan) Ein wohltuender Mittelfinger in Richtung digitale Wiederverwertbarkeit, ein Konter gegen jede KI, eine verz\u00fcckende Verbeugung gegen\u00fcber dem Geistreichen mit atemraubend anhaltender Wirkung.<\/p>\n<p>Das erwartet Sie: Antike Kr\u00e4uter-Klage, Hochliteratur trifft Kiefernarkose, Wacken versus Sibirien, streikendes Echo, Aale am rechten Rand, Fu\u00dfball im Dichterolymp, TV-Talk aus der H\u00f6lle\u2026 und einiges mehr.<\/p>","protected":false},"excerpt":{"rendered":"<p>Get your tickets now!<\/p>","protected":false},"featured_media":65539,"template":"","meta":{"_acf_changed":false,"inline_featured_image":false},"product_brand":[],"product_cat":[351,31,95,6726,86,35,21,58],"product_tag":[3304,941,6774,960,943,944,947,6973,6974,948],"class_list":{"0":"post-65534","1":"product","2":"type-product","3":"status-publish","4":"has-post-thumbnail","6":"product_cat-academixer-keller","7":"product_cat-events","8":"product_cat-humor","9":"product_cat-kabarett","10":"product_cat-leipzig","11":"product_cat-orte","12":"product_cat-ticket","13":"product_cat-veranstaltung","14":"product_tag-academixer-keller","15":"product_tag-events","16":"product_tag-humor","17":"product_tag-kabarett","18":"product_tag-leipzig","19":"product_tag-orte","20":"product_tag-ticket","21":"product_tag-ulan-bator","22":"product_tag-undsinn","23":"product_tag-veranstaltung","24":"product_shipping_class-nur_paketversand","25":"pa_discount-normalpreis","26":"pa_preiskategorie-pk-i","27":"pa_preiskategorie-pk-ii","28":"pa_preiskategorie-pk-iii","30":"first","31":"instock","32":"taxable","33":"shipping-taxable","34":"purchasable","35":"product-type-variable"},"group_of_quantity":0,"min_quantity":0,"max_quantity":"","exclude_order_quantity_value_rules":"no","exclude_category_quantity_rules":"no","combine_variations":"no","acf":[],"_links":{"self":[{"href":"https:\/\/arena-ticket.com\/en\/wp-json\/wp\/v2\/product\/65534","targetHints":{"allow":["GET"]}}],"collection":[{"href":"https:\/\/arena-ticket.com\/en\/wp-json\/wp\/v2\/product"}],"about":[{"href":"https:\/\/arena-ticket.com\/en\/wp-json\/wp\/v2\/types\/product"}],"wp:featuredmedia":[{"embeddable":true,"href":"https:\/\/arena-ticket.com\/en\/wp-json\/wp\/v2\/media\/65539"}],"wp:attachment":[{"href":"https:\/\/arena-ticket.com\/en\/wp-json\/wp\/v2\/media?parent=65534"}],"wp:term":[{"taxonomy":"product_brand","embeddable":true,"href":"https:\/\/arena-ticket.com\/en\/wp-json\/wp\/v2\/product_brand?post=65534"},{"taxonomy":"product_cat","embeddable":true,"href":"https:\/\/arena-ticket.com\/en\/wp-json\/wp\/v2\/product_cat?post=65534"},{"taxonomy":"product_tag","embeddable":true,"href":"https:\/\/arena-ticket.com\/en\/wp-json\/wp\/v2\/product_tag?post=65534"}],"curies":[{"name":"wp","href":"https:\/\/api.w.org\/{rel}","templated":true}]}}