{"id":65582,"date":"2026-02-04T12:56:42","date_gmt":"2026-02-04T11:56:42","guid":{"rendered":"https:\/\/arena-ticket.com\/?p=65582&#038;post_type=product&#038;preview_id=65582"},"modified":"2026-02-11T13:31:29","modified_gmt":"2026-02-11T12:31:29","slug":"dr-biyon-kattilathu-eine-reise-zum-glueck-leipzig-haus-leipzig-05-09-2026-2000-uhr","status":"publish","type":"product","link":"https:\/\/arena-ticket.com\/en\/product\/dr-biyon-kattilathu-eine-reise-zum-glueck-leipzig-haus-leipzig-05-09-2026-2000-uhr\/","title":{"rendered":"Dr. Biyon Kattilathu - Eine Reise zum Gl\u00fcck"},"content":{"rendered":"<p>Erlebe Biyons neues Live-Programm \u201eEine Reise zum Gl\u00fcck\u201c \u2013 eine Feel-Good-Show, die nicht nur f\u00fcr Lacher, sondern auch f\u00fcr jede Menge Inspiration, Dankbarkeit und Gl\u00fcck sorgt.<\/p>\n<p>With his unique mix of humor and deep, inspiring thoughts, Biyon takes us on a journey to ourselves.<\/p>\n<p>This is not just about entertaining, but about a profound experience that makes the audience laugh, think and feel.<\/p>\n<p>In the end, what remains is not only a smile, but also a feeling of happiness and gratitude that stays with us for a long time.<\/p>\n<p>Join us and join us on a journey to happiness.<\/p>","protected":false},"excerpt":{"rendered":"<p>Get your tickets here now!<\/p>","protected":false},"featured_media":65585,"template":"","meta":{"_acf_changed":false,"inline_featured_image":false},"product_brand":[],"product_cat":[31,349,922,86,6764,35,21,58],"product_tag":[6978,6977,5031,941,955,951,943,1691,944,947,948],"class_list":{"0":"post-65582","1":"product","2":"type-product","3":"status-publish","4":"has-post-thumbnail","6":"product_cat-events","7":"product_cat-haus-leipzig","8":"product_cat-kultur","9":"product_cat-leipzig","10":"product_cat-lesung","11":"product_cat-orte","12":"product_cat-ticket","13":"product_cat-veranstaltung","14":"product_tag-dr-biyon-kattilathu","15":"product_tag-dr-biyon-kattilathu-eine-reise-zum-glueck","16":"product_tag-eine-reise-zum-glueck","17":"product_tag-events","18":"product_tag-haus-leipzig","19":"product_tag-kultur","20":"product_tag-leipzig","21":"product_tag-lesung","22":"product_tag-orte","23":"product_tag-ticket","24":"product_tag-veranstaltung","25":"product_shipping_class-nur_paketversand","26":"pa_discount-normalpreis","27":"pa_preiskategorie-pk-i","28":"pa_preiskategorie-pk-ii","29":"pa_preiskategorie-pk-iii","31":"first","32":"instock","33":"taxable","34":"shipping-taxable","35":"purchasable","36":"product-type-variable"},"group_of_quantity":0,"min_quantity":0,"max_quantity":"","exclude_order_quantity_value_rules":"no","exclude_category_quantity_rules":"no","combine_variations":"no","acf":[],"_links":{"self":[{"href":"https:\/\/arena-ticket.com\/en\/wp-json\/wp\/v2\/product\/65582","targetHints":{"allow":["GET"]}}],"collection":[{"href":"https:\/\/arena-ticket.com\/en\/wp-json\/wp\/v2\/product"}],"about":[{"href":"https:\/\/arena-ticket.com\/en\/wp-json\/wp\/v2\/types\/product"}],"wp:featuredmedia":[{"embeddable":true,"href":"https:\/\/arena-ticket.com\/en\/wp-json\/wp\/v2\/media\/65585"}],"wp:attachment":[{"href":"https:\/\/arena-ticket.com\/en\/wp-json\/wp\/v2\/media?parent=65582"}],"wp:term":[{"taxonomy":"product_brand","embeddable":true,"href":"https:\/\/arena-ticket.com\/en\/wp-json\/wp\/v2\/product_brand?post=65582"},{"taxonomy":"product_cat","embeddable":true,"href":"https:\/\/arena-ticket.com\/en\/wp-json\/wp\/v2\/product_cat?post=65582"},{"taxonomy":"product_tag","embeddable":true,"href":"https:\/\/arena-ticket.com\/en\/wp-json\/wp\/v2\/product_tag?post=65582"}],"curies":[{"name":"wp","href":"https:\/\/api.w.org\/{rel}","templated":true}]}}