{"id":65590,"date":"2026-02-04T13:08:24","date_gmt":"2026-02-04T12:08:24","guid":{"rendered":"https:\/\/arena-ticket.com\/?p=65590&#038;post_type=product&#038;preview_id=65590"},"modified":"2026-02-04T16:04:02","modified_gmt":"2026-02-04T15:04:02","slug":"heroes-alexander-scheer-singt-david-bowie-kulturpalast-dresden-30-06-2026-2000-uhr","status":"publish","type":"product","link":"https:\/\/arena-ticket.com\/en\/product\/heroes-alexander-scheer-singt-david-bowie-kulturpalast-dresden-30-06-2026-2000-uhr\/","title":{"rendered":"HEROES  - Alexander Scheer singt David Bowie"},"content":{"rendered":"<p>Mit \u201cHEROES\u201c bringt Alexander Scheer, einer der profiliertesten Schauspieler und Musiker des Landes, gemeinsam mit seiner gro\u00dfartigen Band einen B\u00fchnenabend auf Tour, der David Bowies musikalisches Werk mit einer grandiosen Show neu beleuchtet. Dabei n\u00e4hert sich Scheer Bowies kreativer Welt auf besondere Weise: nicht nur als reine Hommage, sondern auch als pers\u00f6nliche Erfahrung, die Bowies Musik mit der f\u00fcr ihn essenziell wichtigen Literatur verbindet<br \/>\nGrundlage f\u00fcr das \"HEROES\" Programm ist eine von Bowie selbst ver\u00f6ffentlichte Liste der 100 B\u00fccher, die sein Leben und seine Musik in besonderer Weise gepr\u00e4gt haben.<\/p>\n<p>Von Homers Ilias bis Dantes Inferno, von Klassikern der Weltliteratur oder kulturwissenschaftlichen Schriften \u00fcber Soul und Funk, bis hin zu den Berliner Romanen Berlin Alexanderplatz von Alfred D\u00f6blin und Nachdenken \u00fcber Christa T. von Christa Wolf \u2013 David Bowies bisher wenig bekannter literarischer Kosmos er\u00f6ffnet uns einen neuen Blick auf sein musikalisches Schaffen. Alexander Scheer und seine Band folgen diesen Spuren und verweben die Texte mit Bowies Songs, \u00f6ffnen Fenster und ziehen ungeahnte Querverbindungen.<\/p>\n<p>Der Abend f\u00fchrt zur\u00fcck nach West-Berlin, wo Bowie zwischen 1976 und 1978 lebte und einige seiner wichtigsten Alben schuf \u2013 darunter auch \u201cHeroes\u201c. Und er verr\u00e4t ganz nebenbei, woher die ber\u00fchmten Delphine dieses Songs stammen.<br \/>\n\u00dcber Alexander Scheer Alexander Scheer z\u00e4hlt zu den wandlungsf\u00e4higsten Schauspielern seiner Generation. Er spielte an allen gro\u00dfen Theatern des Landes und war dazu 16 Jahre lang Teil des legend\u00e4ren Volksb\u00fchnen Ensembles von Frank Castorf. Geboren in Ost-Berlin, im gleichen Jahr als Bowie nach Sch\u00f6neberg zog, ist Scheer stets ein Wanderer zwischen den Welten, ein Spieler in Film und Musik, ein Suchender der Wahrheit im Wandel geblieben. Im Kino hat Scheer zahlreiche ikonische Figuren verk\u00f6rpert \u2013 darunter Keith Richards oder Andy Warhol. F\u00fcr seine Darstellung des Liedermachers Gundermann im gleichnamigen Kinofilm von Andreas Dresen wurde er mit dem Bayerischen und dem Deutschen Filmpreis ausgezeichnet. Im Schauspielhaus Hamburg stand er als \u201eder Mann, der vom Himmel fiel\u201c in David Bowies Lazarus auf der B\u00fchne<\/p>\n<p>&nbsp;<\/p>\n<p>&nbsp;<\/p>\n<p>&nbsp;<\/p>","protected":false},"excerpt":{"rendered":"<p>Don&#039;t miss it!<\/p>","protected":false},"featured_media":65595,"template":"","meta":{"_acf_changed":false,"inline_featured_image":false},"product_brand":[],"product_cat":[87,31,936,69,428,35,6733,21,58],"product_tag":[6980,940,941,957,6979,942,3423,3435,944,2506,947,948],"class_list":{"0":"post-65590","1":"product","2":"type-product","3":"status-publish","4":"has-post-thumbnail","6":"product_cat-dresden","7":"product_cat-events","8":"product_cat-grosser-saal","9":"product_cat-konzert","10":"product_cat-kulturpalalst","11":"product_cat-orte","12":"product_cat-pop","13":"product_cat-ticket","14":"product_cat-veranstaltung","15":"product_tag-alexander-scheer-singt-david-bowie","16":"product_tag-dresden","17":"product_tag-events","18":"product_tag-grosser-saal","19":"product_tag-heroes","20":"product_tag-konzert","21":"product_tag-kulturpalalst","22":"product_tag-kulturpalast-dresden","23":"product_tag-orte","24":"product_tag-pop","25":"product_tag-ticket","26":"product_tag-veranstaltung","27":"product_shipping_class-nur_paketversand","28":"pa_discount-normalpreis","29":"pa_preiskategorie-pk-i","30":"pa_preiskategorie-pk-ii","31":"pa_preiskategorie-pk-iii","32":"pa_preiskategorie-pk-iv","33":"pa_preiskategorie-pk-v","35":"first","36":"instock","37":"taxable","38":"shipping-taxable","39":"purchasable","40":"product-type-variable"},"group_of_quantity":0,"min_quantity":0,"max_quantity":"","exclude_order_quantity_value_rules":"no","exclude_category_quantity_rules":"no","combine_variations":"no","acf":[],"_links":{"self":[{"href":"https:\/\/arena-ticket.com\/en\/wp-json\/wp\/v2\/product\/65590","targetHints":{"allow":["GET"]}}],"collection":[{"href":"https:\/\/arena-ticket.com\/en\/wp-json\/wp\/v2\/product"}],"about":[{"href":"https:\/\/arena-ticket.com\/en\/wp-json\/wp\/v2\/types\/product"}],"wp:featuredmedia":[{"embeddable":true,"href":"https:\/\/arena-ticket.com\/en\/wp-json\/wp\/v2\/media\/65595"}],"wp:attachment":[{"href":"https:\/\/arena-ticket.com\/en\/wp-json\/wp\/v2\/media?parent=65590"}],"wp:term":[{"taxonomy":"product_brand","embeddable":true,"href":"https:\/\/arena-ticket.com\/en\/wp-json\/wp\/v2\/product_brand?post=65590"},{"taxonomy":"product_cat","embeddable":true,"href":"https:\/\/arena-ticket.com\/en\/wp-json\/wp\/v2\/product_cat?post=65590"},{"taxonomy":"product_tag","embeddable":true,"href":"https:\/\/arena-ticket.com\/en\/wp-json\/wp\/v2\/product_tag?post=65590"}],"curies":[{"name":"wp","href":"https:\/\/api.w.org\/{rel}","templated":true}]}}