{"id":65614,"date":"2026-02-04T14:38:49","date_gmt":"2026-02-04T13:38:49","guid":{"rendered":"https:\/\/arena-ticket.com\/?p=65614&#038;post_type=product&#038;preview_id=65614"},"modified":"2026-02-04T15:48:51","modified_gmt":"2026-02-04T14:48:51","slug":"helmut-lotti-goes-classic-30th-anniversary-edition-dresden-kulturpalast-grosser-saal-26-10-2026-2000-uhr","status":"publish","type":"product","link":"https:\/\/arena-ticket.com\/en\/product\/helmut-lotti-goes-classic-30th-anniversary-edition-dresden-kulturpalast-grosser-saal-26-10-2026-2000-uhr\/","title":{"rendered":"Helmut Lotti goes Classic  - 30th Anniversary Edition"},"content":{"rendered":"<p style=\"font-weight: 400\">Jubil\u00e4umstour startet in Bremen, Hamburg und Kassel \u2013 weitere Termine im Herbst Mit seiner unverkennbaren Stimme, seinem Charme und einer musikalischen Bandbreite, die ihresgleichen sucht, kehrt Helmut Lotti im Januar 2026 endlich auf die deutschen B\u00fchnen zur\u00fcck \u2013 und das mit einem ganz besonderen Anlass: 30 Jahre \u201eHelmut Lotti Goes Classic\u201c!<\/p>\n<p>Die gro\u00dfe Anniversary-Tour startet mit drei festlichen Konzerten in Bremen, Hamburg und Kassel, bevor im Herbst weitere Deutschlandtermine folgen. Begleitet wird der belgische Star-Tenor wie gewohnt vom eindrucksvollen Golden Symphonic Orchestra, das seine Klassiker in einem neuen, gl\u00e4nzenden Klanggewand erstrahlen l\u00e4sst.<\/p>\n<p>Freuen Sie sich auf unvergessliche Konzertabende voller musikalischer Eleganz, emotionaler H\u00f6hepunkte und nat\u00fcrlich \u2013 G\u00e4nsehaut pur!<\/p>\n<p>Ein Jahrhundertstimme feiert ein Jubil\u00e4um<br \/>\nSeit seinem internationalen Durchbruch mit dem Album \u201eHelmut Lotti Goes Classic\u201c (1995) begeistert der mehrsprachige S\u00e4nger aus Gent ein Millionenpublikum rund um den Globus. Ob Pop, Jazz, Soul, afrikanische Rhythmen, lateinamerikanische Klassiker oder gar Metal \u2013 Helmut Lotti bewegt sich m\u00fchelos zwischen den musikalischen Welten und bleibt doch immer unverwechselbar. Seine \u201eGoes Classic\u201c-Reihe machte ihn in den 90er-Jahren zum Superstar: \u00dcber zwei Millionen verkaufte Tontr\u00e4ger, zahlreiche Platin- und Gold-Auszeichnungen sowie gefeierte Tourneen von Kanada bis S\u00fcdafrika sprechen f\u00fcr sich. Seitdem ist Helmut Lotti aus der Musiklandschaft nicht mehr wegzudenken \u2013 ein S\u00e4nger, der Br\u00fccken baut: zwischen Genres, zwischen Sprachen, zwischen Herzen.<\/p>","protected":false},"excerpt":{"rendered":"<p>Ab Januar 2026 endlich wieder live in Deutschland!<\/p>","protected":false},"featured_media":65619,"template":"","meta":{"_acf_changed":false,"inline_featured_image":false},"product_brand":[],"product_cat":[87,31,6741,69,428,35,21,58],"product_tag":[5964,940,941,957,5963,2504,942,3423,3435,944,947,948],"class_list":{"0":"post-65614","1":"product","2":"type-product","3":"status-publish","4":"has-post-thumbnail","6":"product_cat-dresden","7":"product_cat-events","8":"product_cat-klassik","9":"product_cat-konzert","10":"product_cat-kulturpalalst","11":"product_cat-orte","12":"product_cat-ticket","13":"product_cat-veranstaltung","14":"product_tag-30th-anniversary-edition","15":"product_tag-dresden","16":"product_tag-events","17":"product_tag-grosser-saal","18":"product_tag-helmut-lotti-goes-classic","19":"product_tag-klassik","20":"product_tag-konzert","21":"product_tag-kulturpalalst","22":"product_tag-kulturpalast-dresden","23":"product_tag-orte","24":"product_tag-ticket","25":"product_tag-veranstaltung","26":"product_shipping_class-nur_paketversand","27":"pa_discount-ermaessigt","28":"pa_discount-normalpreis","29":"pa_preiskategorie-pk-i","30":"pa_preiskategorie-pk-ii","31":"pa_preiskategorie-pk-iii","32":"pa_preiskategorie-pk-iv","34":"first","35":"instock","36":"taxable","37":"shipping-taxable","38":"purchasable","39":"product-type-variable"},"group_of_quantity":0,"min_quantity":0,"max_quantity":"","exclude_order_quantity_value_rules":"no","exclude_category_quantity_rules":"no","combine_variations":"no","acf":[],"_links":{"self":[{"href":"https:\/\/arena-ticket.com\/en\/wp-json\/wp\/v2\/product\/65614","targetHints":{"allow":["GET"]}}],"collection":[{"href":"https:\/\/arena-ticket.com\/en\/wp-json\/wp\/v2\/product"}],"about":[{"href":"https:\/\/arena-ticket.com\/en\/wp-json\/wp\/v2\/types\/product"}],"wp:featuredmedia":[{"embeddable":true,"href":"https:\/\/arena-ticket.com\/en\/wp-json\/wp\/v2\/media\/65619"}],"wp:attachment":[{"href":"https:\/\/arena-ticket.com\/en\/wp-json\/wp\/v2\/media?parent=65614"}],"wp:term":[{"taxonomy":"product_brand","embeddable":true,"href":"https:\/\/arena-ticket.com\/en\/wp-json\/wp\/v2\/product_brand?post=65614"},{"taxonomy":"product_cat","embeddable":true,"href":"https:\/\/arena-ticket.com\/en\/wp-json\/wp\/v2\/product_cat?post=65614"},{"taxonomy":"product_tag","embeddable":true,"href":"https:\/\/arena-ticket.com\/en\/wp-json\/wp\/v2\/product_tag?post=65614"}],"curies":[{"name":"wp","href":"https:\/\/api.w.org\/{rel}","templated":true}]}}