{"id":65635,"date":"2026-02-04T18:11:25","date_gmt":"2026-02-04T17:11:25","guid":{"rendered":"https:\/\/arena-ticket.com\/?p=65635&#038;post_type=product&#038;preview_id=65635"},"modified":"2026-02-09T15:16:48","modified_gmt":"2026-02-09T14:16:48","slug":"reiner-calmund-ein-runder-abend-mit-fussball-freunden-dresden-alter-schlachthof-11-05-2026-2000-uhr","status":"publish","type":"product","link":"https:\/\/arena-ticket.com\/en\/product\/reiner-calmund-ein-runder-abend-mit-fussball-freunden-dresden-alter-schlachthof-11-05-2026-2000-uhr\/","title":{"rendered":"Reiner Calmund  - Ein runder Abend mit Fu\u00dfball &amp; Freunden"},"content":{"rendered":"<section class=\"c-full c-inner c-narrow\" data-c=\"stageteasertext\" data-qa=\"stageteasertext-component\">\n<div class=\"container\">\n<div class=\"external-content no-margin\">\n<div class=\"u-position-relative js-moretext-wrapper\">\n<div class=\"moretext js-moretext expanded\" data-qa=\"readMoreText\">\n<div class=\"moretext-teaser\">\n<p>Reiner Calmund geht auf gro\u00dfe B\u00fchnentour<\/p>\n<p>Er ist Kult, er ist Meinung, er war, ist und bleibt der XXL-Manager: Reiner Calmund lebt den Fu\u00dfball und er l\u00e4dt seine Fans ein, den Lieblingssport der Deutschen mit ihm gemeinsam zu erleben. Und dies an einem ganz besonderen Abend \u2013 vollgepackt mit spannenden Geschichten, ehrlichen Worten und jeder Menge Herzblut.<\/p>\n<p>In seinem B\u00fchnenprogramm \u201eEin runder Abend \u2013 mit Fu\u00dfball &amp; Freunden\u201c begr\u00fc\u00dft der charismatische Fu\u00dfballmanager, TV-Experte und Publikumsliebling in jeder Show einen \u00dcberraschungsgast aus der Welt des Sports. Wer dabei ist, bleibt bis zum Schluss geheim. Sicher ist: Es wird leidenschaftlich, lustig, lehrreich, interessant und \u00fcberraschend pers\u00f6nlich.<\/p>\n<p>Calli erz\u00e4hlt mit viel Witz, Tiefgang und Power von seinen Erlebnissen rund um das Spielfeld \u2013 von gro\u00dfen Erfolgen, kuriosen Momenten, von spannenden Verhandlungen, von jeder Menge Tr\u00e4nen und dem wahren Leben hinter den Kulissen des Fu\u00dfballs. Freuen Sie sich auf einen Abend mit echten Typen, bewegenden Geschichten und fantastischer Unterhaltung.<\/p>\n<\/div>\n<\/div>\n<\/div>\n<\/div>\n<\/div>\n<\/section>","protected":false},"excerpt":{"rendered":"<p>Reiner Calmund geht auf gro\u00dfe B\u00fchnentour - nicht verpassen!<\/p>","protected":false},"featured_media":65637,"template":"","meta":{"_acf_changed":false,"inline_featured_image":false},"product_brand":[],"product_cat":[359,87,31,922,6764,35,21,58],"product_tag":[939,940,5711,941,951,1691,944,5710,947,948],"class_list":{"0":"post-65635","1":"product","2":"type-product","3":"status-publish","4":"has-post-thumbnail","6":"product_cat-alter-schlachthof","7":"product_cat-dresden","8":"product_cat-events","9":"product_cat-kultur","10":"product_cat-lesung","11":"product_cat-orte","12":"product_cat-ticket","13":"product_cat-veranstaltung","14":"product_tag-alter-schlachthof","15":"product_tag-dresden","16":"product_tag-ein-runder-abend-mit-fussball-freunden","17":"product_tag-events","18":"product_tag-kultur","19":"product_tag-lesung","20":"product_tag-orte","21":"product_tag-reiner-calmund","22":"product_tag-ticket","23":"product_tag-veranstaltung","24":"product_shipping_class-nur_paketversand","25":"pa_discount-normalpreis","26":"pa_preiskategorie-freie-platzwahl","28":"first","29":"instock","30":"taxable","31":"shipping-taxable","32":"purchasable","33":"product-type-variable"},"group_of_quantity":0,"min_quantity":0,"max_quantity":"","exclude_order_quantity_value_rules":"no","exclude_category_quantity_rules":"no","combine_variations":"no","acf":[],"_links":{"self":[{"href":"https:\/\/arena-ticket.com\/en\/wp-json\/wp\/v2\/product\/65635","targetHints":{"allow":["GET"]}}],"collection":[{"href":"https:\/\/arena-ticket.com\/en\/wp-json\/wp\/v2\/product"}],"about":[{"href":"https:\/\/arena-ticket.com\/en\/wp-json\/wp\/v2\/types\/product"}],"wp:featuredmedia":[{"embeddable":true,"href":"https:\/\/arena-ticket.com\/en\/wp-json\/wp\/v2\/media\/65637"}],"wp:attachment":[{"href":"https:\/\/arena-ticket.com\/en\/wp-json\/wp\/v2\/media?parent=65635"}],"wp:term":[{"taxonomy":"product_brand","embeddable":true,"href":"https:\/\/arena-ticket.com\/en\/wp-json\/wp\/v2\/product_brand?post=65635"},{"taxonomy":"product_cat","embeddable":true,"href":"https:\/\/arena-ticket.com\/en\/wp-json\/wp\/v2\/product_cat?post=65635"},{"taxonomy":"product_tag","embeddable":true,"href":"https:\/\/arena-ticket.com\/en\/wp-json\/wp\/v2\/product_tag?post=65635"}],"curies":[{"name":"wp","href":"https:\/\/api.w.org\/{rel}","templated":true}]}}