{"id":65650,"date":"2026-02-04T18:42:53","date_gmt":"2026-02-04T17:42:53","guid":{"rendered":"https:\/\/arena-ticket.com\/?p=65650&#038;post_type=product&#038;preview_id=65650"},"modified":"2026-04-10T13:26:19","modified_gmt":"2026-04-10T11:26:19","slug":"seraphina-kalze-jetzt-fetzt-dresden-groovestation-11-03-2028-1900-uhr","status":"publish","type":"product","link":"https:\/\/arena-ticket.com\/en\/product\/seraphina-kalze-jetzt-fetzt-dresden-groovestation-11-03-2028-1900-uhr\/","title":{"rendered":"Seraphina Kalze - Jetzt Fetzt!"},"content":{"rendered":"<p>Wenn jemand wei\u00df, wie man dem Leben die besten Seiten abgewinnt, dann ist es Seraphina Kalze! Die quirlige Wahlhamburgerin, die als Moderatorin, Musikerin, SPIEGEL-Bestsellerautorin und ungekr\u00f6nte Witzequeen die Herzen von \u00fcber 750.000 Social-Media-Fans im Sturm erobert hat, geht in die n\u00e4chste Runde ihrer umjubelten \u201eJETZT FETZT!\u201c-Tour.<\/p>\n<p>Die Power geht weiter!<br \/>\n\u201eNach der ersten Rutsche war klar: Einmal Fetzen ist kein Mal Fetzen!\u201c, lacht die 42-j\u00e4hrige Powerfrau, die mit ihrer einzigartigen Mischung aus Musik, Comedy und Real-Talks beweist, dass das Leben definitiv zu kurz f\u00fcr ein langes Gesicht ist. Wer k\u00f6nnte das besser wissen als sie? Ihr Buch \u201eDas Leben ist zu kurz f\u00fcr ein langes Gesicht\u201c \u00fcber die Zeit als pflegende Angeh\u00f6rige ihres Vaters schaffte es Ende 2024 direkt auf die SPIEGEL-Bestsellerliste.<\/p>\n<div class=\"page container\">\n<div class=\"row text-left\">\n<div class=\"col-lg-5\">\n<p class=\"programmtext\">Was erwartet die Zuschauer? \u201eEine Show, bei der garantiert niemand im Saal vor spontanen Aktionen sicher ist!\u201c, verspricht Seraphina augenzwinkernd. Gemeinsam mit ihren Musikern Rick J. Jordan (Keyboard) und Sascha Aust (Gitarre), die w\u00e4hrend der Show auch gerne mal side-kicken, sorgt sie f\u00fcr erstklassige Live-Momente. Ihr Witze-Battle, das schon bei den fr\u00fcheren Shows f\u00fcr Begeisterungsst\u00fcrme sorgte, und ihr legend\u00e4res \u201eLach-Yoga\u201c liefern live ein echtes Workout f\u00fcr die Lachmuskeln. Auch Seraphinas Buch wird auf besondere Art und Weise in den Shows zu finden sein. \u201eIm Pflegealltag geht es mitunter sehr humorvoll zu. Lachen an sich hat so eine besondere Kraft und schenkt Mut auf spezielle Art und Weise!\u201c<br \/>\nUnd dieses Mal gibt es noch ein besonderes Highlight: Als Special Guest tritt Seraphinas eigene Spa\u00dfband Trio Durstig auf! Die drei Musiker bringen Chaos, Charme und Comedy auf die B\u00fchne. Ihr Motto: \u201eWir singen, was andere nicht mal zu denken wagen.\u201c Und wie die Band selbst sagt: \u201eNull Respekt vor Schubladen \u2013 das sind wir!\u201c Mit Knaller-Outfits, wilden Songs und jeder Menge Selbstironie liefern sie eine explosive Mischung aus Humor und Musik, die l\u00e4ngst auch auf Social Media viral geht.<\/p>\n<p>Das Motto<br \/>\n\u201eJETZT FETZT! ist mehr als nur ein Slogan\u201c, erkl\u00e4rt Seraphina. \u201eEs ist eine Aufforderung, das Leben im Hier und Jetzt zu packen und Tr\u00e4ume nicht auf morgen zu verschieben. Denn wie ich aus eigener Erfahrung wei\u00df: Das Leben schreibt seine eigenen Geschichten, und manchmal muss man einfach den Moment beim Schopfe packen \u2013 oder in meinem Fall: beim Mikrofon!<\/p>\n<\/div>\n<\/div>\n<\/div>","protected":false},"excerpt":{"rendered":"<p>Don&#039;t miss it!<\/p>","protected":false},"featured_media":65652,"template":"","meta":{"_acf_changed":false,"inline_featured_image":false},"product_brand":[],"product_cat":[6725,87,31,411,95,35,21,58],"product_tag":[954,940,941,3029,2723,6774,6827,3863,942,944,6242,6243,3862,947,948],"class_list":{"0":"post-65650","1":"product","2":"type-product","3":"status-publish","4":"has-post-thumbnail","6":"product_cat-comedy","7":"product_cat-dresden","8":"product_cat-events","9":"product_cat-groove-station","10":"product_cat-humor","11":"product_cat-orte","12":"product_cat-ticket","13":"product_cat-veranstaltung","14":"product_tag-comedy","15":"product_tag-dresden","16":"product_tag-events","17":"product_tag-groove-station","18":"product_tag-groovestation","19":"product_tag-humor","20":"product_tag-indie","21":"product_tag-jetzt-fetzt","22":"product_tag-konzert","23":"product_tag-orte","24":"product_tag-rosmarin","25":"product_tag-rosmarin-live-2026","26":"product_tag-seraphina-kalze","27":"product_tag-ticket","28":"product_tag-veranstaltung","29":"product_shipping_class-nur_paketversand","30":"pa_discount-normalpreis","31":"pa_preiskategorie-freie-platzwahl","32":"pa_preiskategorie-stehplatz","34":"first","35":"instock","36":"taxable","37":"shipping-taxable","38":"purchasable","39":"product-type-variable","40":"has-default-attributes"},"group_of_quantity":0,"min_quantity":0,"max_quantity":"","exclude_order_quantity_value_rules":"no","exclude_category_quantity_rules":"no","combine_variations":"no","acf":[],"_links":{"self":[{"href":"https:\/\/arena-ticket.com\/en\/wp-json\/wp\/v2\/product\/65650","targetHints":{"allow":["GET"]}}],"collection":[{"href":"https:\/\/arena-ticket.com\/en\/wp-json\/wp\/v2\/product"}],"about":[{"href":"https:\/\/arena-ticket.com\/en\/wp-json\/wp\/v2\/types\/product"}],"wp:featuredmedia":[{"embeddable":true,"href":"https:\/\/arena-ticket.com\/en\/wp-json\/wp\/v2\/media\/65652"}],"wp:attachment":[{"href":"https:\/\/arena-ticket.com\/en\/wp-json\/wp\/v2\/media?parent=65650"}],"wp:term":[{"taxonomy":"product_brand","embeddable":true,"href":"https:\/\/arena-ticket.com\/en\/wp-json\/wp\/v2\/product_brand?post=65650"},{"taxonomy":"product_cat","embeddable":true,"href":"https:\/\/arena-ticket.com\/en\/wp-json\/wp\/v2\/product_cat?post=65650"},{"taxonomy":"product_tag","embeddable":true,"href":"https:\/\/arena-ticket.com\/en\/wp-json\/wp\/v2\/product_tag?post=65650"}],"curies":[{"name":"wp","href":"https:\/\/api.w.org\/{rel}","templated":true}]}}