{"id":65689,"date":"2026-02-05T14:34:43","date_gmt":"2026-02-05T13:34:43","guid":{"rendered":"https:\/\/arena-ticket.com\/?p=65689&#038;post_type=product&#038;preview_id=65689"},"modified":"2026-02-28T15:50:30","modified_gmt":"2026-02-28T14:50:30","slug":"gastspiel-50-jahre-engerling-die-jubilaeumstour-leipzig-krystallpalast-variete-21-04-2026-1930-uhr","status":"publish","type":"product","link":"https:\/\/arena-ticket.com\/en\/product\/gastspiel-50-jahre-engerling-die-jubilaeumstour-leipzig-krystallpalast-variete-21-04-2026-1930-uhr\/","title":{"rendered":"Gastspiel | 50 Jahre Engerling  - Die Jubil\u00e4umstour"},"content":{"rendered":"<section class=\"c-full c-inner c-narrow\" data-c=\"stageteasertext\" data-qa=\"stageteasertext-component\">\n<div class=\"container\">\n<div class=\"external-content no-margin\">\n<div class=\"u-position-relative js-moretext-wrapper\">\n<div class=\"moretext js-moretext expanded\" data-qa=\"readMoreText\">\n<div class=\"moretext-teaser\">\n<section class=\"c-full c-inner c-narrow\" data-c=\"stageteasertext\" data-qa=\"stageteasertext-component\">\n<div class=\"container\">\n<div class=\"external-content no-margin\">\n<div class=\"u-position-relative js-moretext-wrapper\">\n<div class=\"moretext js-moretext expanded\" data-qa=\"readMoreText\">\n<div class=\"moretext-teaser\">\n<p class=\"headline\">Rock'n'Blues mit Geschichte und Blick nach vorn...<\/p>\n<p class=\"text-align-justify\">Damals war's: Im Januar 1975 bestiegen f\u00fcnf junge Herren die B\u00fchne eines Gasthofes in Blankenfelde bei Berlin.\u00a0<i>grub<\/i>\u00a0hei\u00dfen die, sagte der Kneiper und f\u00fcgte hinzu: \u201eNa, mit dem Namen werden die aber nicht weit kommen \u2026\u201c Um die 50 war der \u2013 ob er wohl 100 wurde?\u00a0<strong>Engerling wird 50<\/strong>\u00a0und ist zum Gl\u00fcck immer noch kein Maik\u00e4fer, denn die leben ja bekanntlich nicht sehr lange!<\/p>\n<p class=\"text-align-justify\">Irgendwie passten Engerling in all den Jahren nirgends so recht ins Konzept und haben es doch geschafft, sich selbst und ihrem Publikum treu zu bleiben. Den DDR-Kulturfunktion\u00e4ren schien die Band um den Pianisten und Songwriter Wolfram Bodag als Blues-Band zu weit weg vom Idealbild des liedhaften Rock \u201eals eigenst\u00e4ndigem DDR-Beitrag zur internationalen Musikkultur\u201c, als dass man sie wirklich h\u00e4tte gro\u00df rauskommen lassen. Blues-Puristen dagegen kritisierten die mangelnde Authentizit\u00e4t einer Bluesband, die sich um die Einhaltung des originalen Zw\u00f6lf-Takt-Schemas wenig scherte und stattdessen Blueselemente nach Belieben mit Rock- und Soulelementen vermengte oder sich gar in lange Improvisationen verstieg, die viel eher ins psychedelische Flower-Power-Lager gepasst h\u00e4tten.<\/p>\n<p class=\"text-align-justify\">Seit 50 Jahren feilt die Ost-Formation beharrlich an ihrem eigenen Stil mit intelligenten Texten im Grenzbereich zwischen Deutschrock und eben doch Blues und hat sich damit ein treues, aber ganz und gar nicht \u201eostalgisches\u201c Publikum erspielt.<\/p>\n<p class=\"text-align-justify\">&quot;<i>Erdige Ehrlichkeit! Ihr Maik\u00e4fername klingt nach chronischem Entwicklungsstadium. Doch welches Pr\u00e4dikat st\u00fcnde einer Band besser? Engerling und ihr weiter Bluesbegriff punkten seit 1975 mit Originalit\u00e4t. Die Jubil\u00e4umsleistung der Ostformation gibt es live \u2013 stark!<\/i>\u201c<br \/>\n(Events, 2021)<\/p>\n<p>&nbsp;<\/p>\n<p class=\"text-align-justify\">Wolfram Bodag\u00a0(ld, key, voc, harm)<br \/>\nHeiner Witte\u00a0(git)<br \/>\nManne Pokrandt\u00a0(bg)<br \/>\nHannes Schulze\u00a0(dr)<\/p>\n<\/div>\n<\/div>\n<\/div>\n<\/div>\n<\/div>\n<\/section>\n<\/div>\n<\/div>\n<\/div>\n<\/div>\n<\/div>\n<\/section>","protected":false},"excerpt":{"rendered":"<p>Get your tickets now!<\/p>","protected":false},"featured_media":65695,"template":"","meta":{"_acf_changed":false,"inline_featured_image":false},"product_brand":[],"product_cat":[31,69,427,86,35,6746,21,58],"product_tag":[4328,941,6984,6221,942,2740,3023,943,944,6814,6779,947,948],"class_list":{"0":"post-65689","1":"product","2":"type-product","3":"status-publish","4":"has-post-thumbnail","6":"product_cat-events","7":"product_cat-konzert","8":"product_cat-krystallpalast-variete","9":"product_cat-leipzig","10":"product_cat-orte","11":"product_cat-singer-songwriter","12":"product_cat-ticket","13":"product_cat-veranstaltung","14":"product_tag-die-jubilaeumstour","15":"product_tag-events","16":"product_tag-gastspiel-50-jahre-engerling","17":"product_tag-gastspiel-weitersagen-singt-westernhagen","18":"product_tag-konzert","19":"product_tag-krystallpalast","20":"product_tag-krystallpalast-variete","21":"product_tag-leipzig","22":"product_tag-orte","23":"product_tag-singer-songwriter","24":"product_tag-sonstiges","25":"product_tag-ticket","26":"product_tag-veranstaltung","27":"product_shipping_class-nur_paketversand","28":"pa_discount-ermaessigt","29":"pa_discount-normalpreis","30":"pa_preiskategorie-pk-i","32":"first","33":"outofstock","34":"taxable","35":"shipping-taxable","36":"purchasable","37":"product-type-variable"},"group_of_quantity":0,"min_quantity":0,"max_quantity":"","exclude_order_quantity_value_rules":"no","exclude_category_quantity_rules":"no","combine_variations":"no","acf":[],"_links":{"self":[{"href":"https:\/\/arena-ticket.com\/en\/wp-json\/wp\/v2\/product\/65689","targetHints":{"allow":["GET"]}}],"collection":[{"href":"https:\/\/arena-ticket.com\/en\/wp-json\/wp\/v2\/product"}],"about":[{"href":"https:\/\/arena-ticket.com\/en\/wp-json\/wp\/v2\/types\/product"}],"wp:featuredmedia":[{"embeddable":true,"href":"https:\/\/arena-ticket.com\/en\/wp-json\/wp\/v2\/media\/65695"}],"wp:attachment":[{"href":"https:\/\/arena-ticket.com\/en\/wp-json\/wp\/v2\/media?parent=65689"}],"wp:term":[{"taxonomy":"product_brand","embeddable":true,"href":"https:\/\/arena-ticket.com\/en\/wp-json\/wp\/v2\/product_brand?post=65689"},{"taxonomy":"product_cat","embeddable":true,"href":"https:\/\/arena-ticket.com\/en\/wp-json\/wp\/v2\/product_cat?post=65689"},{"taxonomy":"product_tag","embeddable":true,"href":"https:\/\/arena-ticket.com\/en\/wp-json\/wp\/v2\/product_tag?post=65689"}],"curies":[{"name":"wp","href":"https:\/\/api.w.org\/{rel}","templated":true}]}}