{"id":6569,"date":"2024-02-22T17:28:46","date_gmt":"2024-02-22T16:28:46","guid":{"rendered":"https:\/\/arena.hostpress.me\/?p=6569&#038;post_type=product&#038;preview_id=6569"},"modified":"2025-01-10T16:13:37","modified_gmt":"2025-01-10T15:13:37","slug":"fruehlingskonzert-salonorchester-cappuccino-gewandhaus-zu-leipzig-grosser-saal-28-04-2024-1600-uhr","status":"publish","type":"product","link":"https:\/\/arena-ticket.com\/en\/product\/fruehlingskonzert-salonorchester-cappuccino-gewandhaus-zu-leipzig-grosser-saal-28-04-2024-1600-uhr\/","title":{"rendered":"Fr\u00fchlingskonzert  - Salonorchester CAPPUCCINO"},"content":{"rendered":"<p>It began with Supp\u00e8, it achieved world fame with Strau\u00df, Leh\u00e0r was supposed to reinvent it, and Stolz became its executor: We&#039;re talking about the &quot;Vienna Operetta&quot;!<br \/>\nEven today the word has a nostalgic aftertaste, spiced with a pinch of eroticism, refined with a glass of champagne and characterized by the fleeting smell of endearing decadence. All of them, the Mill\u00f6cker, Ziehrer, Komzak and Eysler, have written their way into the listeners&#039; hearts with their stage works - and with their wonderful melodies we want to celebrate spring in a big gala when it says: &quot;On the wings of colorful dreams&quot; .<\/p>","protected":false},"excerpt":{"rendered":"<p>Operetta Gala \u201cOn the Wings of Colorful Dreams\u201d<\/p>","protected":false},"featured_media":6571,"template":"","meta":{"_acf_changed":false,"inline_featured_image":false},"product_brand":[],"product_cat":[31,345,936,69,86,35,21,58],"product_tag":[1772,941,1770,956,2832,1324,957,942,943,1325,1771,4544,947,948],"class_list":{"0":"post-6569","1":"product","2":"type-product","3":"status-publish","4":"has-post-thumbnail","6":"product_cat-events","7":"product_cat-gewandhaus","8":"product_cat-grosser-saal","9":"product_cat-konzert","10":"product_cat-leipzig","11":"product_cat-orte","12":"product_cat-ticket","13":"product_cat-veranstaltung","14":"product_tag-cappuccino","15":"product_tag-events","16":"product_tag-fruehlingskonzert","17":"product_tag-gewandhaus","18":"product_tag-gewandhaus-grosser-saal","19":"product_tag-grosser","20":"product_tag-grosser-saal","21":"product_tag-konzert","22":"product_tag-leipzig","23":"product_tag-saal","24":"product_tag-salonorchester","25":"product_tag-salonorchester-cappuccino","26":"product_tag-ticket","27":"product_tag-veranstaltung","28":"product_shipping_class-nur_paketversand","29":"pa_discount-ermaessigt","30":"pa_discount-leipzig-pass-inhaber","31":"pa_discount-normalpreis","32":"pa_discount-schwerbeschaedigt","33":"pa_preiskategorie-pk-i","35":"first","36":"instock","37":"taxable","38":"shipping-taxable","39":"purchasable","40":"product-type-variable"},"group_of_quantity":0,"min_quantity":0,"max_quantity":"","exclude_order_quantity_value_rules":"no","exclude_category_quantity_rules":"no","combine_variations":"no","acf":[],"_links":{"self":[{"href":"https:\/\/arena-ticket.com\/en\/wp-json\/wp\/v2\/product\/6569","targetHints":{"allow":["GET"]}}],"collection":[{"href":"https:\/\/arena-ticket.com\/en\/wp-json\/wp\/v2\/product"}],"about":[{"href":"https:\/\/arena-ticket.com\/en\/wp-json\/wp\/v2\/types\/product"}],"wp:featuredmedia":[{"embeddable":true,"href":"https:\/\/arena-ticket.com\/en\/wp-json\/wp\/v2\/media\/6571"}],"wp:attachment":[{"href":"https:\/\/arena-ticket.com\/en\/wp-json\/wp\/v2\/media?parent=6569"}],"wp:term":[{"taxonomy":"product_brand","embeddable":true,"href":"https:\/\/arena-ticket.com\/en\/wp-json\/wp\/v2\/product_brand?post=6569"},{"taxonomy":"product_cat","embeddable":true,"href":"https:\/\/arena-ticket.com\/en\/wp-json\/wp\/v2\/product_cat?post=6569"},{"taxonomy":"product_tag","embeddable":true,"href":"https:\/\/arena-ticket.com\/en\/wp-json\/wp\/v2\/product_tag?post=6569"}],"curies":[{"name":"wp","href":"https:\/\/api.w.org\/{rel}","templated":true}]}}