{"id":65697,"date":"2026-02-05T15:28:23","date_gmt":"2026-02-05T14:28:23","guid":{"rendered":"https:\/\/arena-ticket.com\/?p=65697&#038;post_type=product&#038;preview_id=65697"},"modified":"2026-03-07T10:58:32","modified_gmt":"2026-03-07T09:58:32","slug":"titanic-eine-immersive-reise-leipzig-zeitfenstertickets-05-02-2026-01-03-202-10-00-18-00-uhr","status":"publish","type":"product","link":"https:\/\/arena-ticket.com\/en\/product\/titanic-eine-immersive-reise-leipzig-zeitfenstertickets-05-02-2026-01-03-202-10-00-18-00-uhr\/","title":{"rendered":"Titanic: Eine Immersive Reise - Zeitfentertickets"},"content":{"rendered":"<p>\u00d6FFNUNGSZEITEN:<br \/>\nDi., Mi., So., Feiertage: 10 - 18 Uhr, Do. - Sa.: 10 - 20 Uhr<\/p>\n<p>Zugang zur Ausstellung innerhalb des gebuchten Timeslots. Die Verweildauer ist zeitlich unbegrenzt!<br \/>\nErm\u00e4\u00dfigungen nur gegen Vorlage eines g\u00fcltigen Ausweises.<br \/>\n__________________________________________________________________________________________________________________________________________________________________________________________<\/p>\n<p>Die faszinierende und bewegende Geschichte der Titanic wird in einer v\u00f6llig neu konzipierten magischen Symbiose aus gelebter Historie und moderner Inszenierung greifbar: Die Ausstellung \u201eTitanic: Eine Immersive Reise\u201c beleuchtet auf noch nie zuvor gesehene Art und Weise das seinerzeit gr\u00f6\u00dfte Passagierschiff, seinen dramatischen Untergang und die damit verwobenen menschlichen Schicksale. Die Besucher tauchen ein in eine faszinierende Welt, in der modernste Technologie auf Geschichte trifft. Das einzigartige Ausstellungskonzept vereint atemberaubende 360-Grad-Projektionen mit detailgetreuen Raumnachbildungen, pr\u00e4sentiert \u00fcber 300 sorgf\u00e4ltig kuratierte Artefakte und l\u00e4sst den Betrachter dank virtueller Realit\u00e4t die Vergangenheit hautnah erleben. Diese innovative Verschmelzung von digitaler Immersion und greifbarer Historie schafft ein unvergessliches Erlebnis, das die Grenzen traditioneller Museumsbesuche sprengt und Geschichte auf v\u00f6llig neue Art erlebbar macht. Nach der parallel in Mailand (Italien) und Atlanta (USA) stattfindenden Weltpremiere kommt die Ausstellung nun auch erstmals in den deutschsprachigen Raum!<\/p>","protected":false},"excerpt":{"rendered":"<p>Bitte rufen Sie uns bei Interesse an und wir sprechen gerne die verf\u00fcgbaren Termine mit den Zeitfenstern ab.<\/p>","protected":false},"featured_media":65706,"template":"","meta":{"_acf_changed":false,"inline_featured_image":false},"product_brand":[],"product_cat":[6763,31,922,86,35,363,21,58],"product_tag":[6987,6857,941,951,943,944,952,947,6985,948,6986],"class_list":{"0":"post-65697","1":"product","2":"type-product","3":"status-publish","4":"has-post-thumbnail","6":"product_cat-ausstellung","7":"product_cat-events","8":"product_cat-kultur","9":"product_cat-leipzig","10":"product_cat-orte","11":"product_cat-panometer-leipzig","12":"product_cat-ticket","13":"product_cat-veranstaltung","14":"product_tag-agra-messegelaende","15":"product_tag-ausstellung","16":"product_tag-events","17":"product_tag-kultur","18":"product_tag-leipzig","19":"product_tag-orte","20":"product_tag-panometer-leipzig","21":"product_tag-ticket","22":"product_tag-titanic-eine-immersive-reise","23":"product_tag-veranstaltung","24":"product_tag-zeitfentertickets","25":"product_shipping_class-nur_paketversand","26":"pa_discount-ermaessigt","27":"pa_discount-familienticket","28":"pa_discount-kind","29":"pa_discount-normalpreis","30":"pa_preiskategorie-flexticket","32":"first","33":"instock","34":"taxable","35":"shipping-taxable","36":"purchasable","37":"product-type-variable"},"group_of_quantity":0,"min_quantity":0,"max_quantity":"","exclude_order_quantity_value_rules":"no","exclude_category_quantity_rules":"no","combine_variations":"no","acf":[],"_links":{"self":[{"href":"https:\/\/arena-ticket.com\/en\/wp-json\/wp\/v2\/product\/65697","targetHints":{"allow":["GET"]}}],"collection":[{"href":"https:\/\/arena-ticket.com\/en\/wp-json\/wp\/v2\/product"}],"about":[{"href":"https:\/\/arena-ticket.com\/en\/wp-json\/wp\/v2\/types\/product"}],"wp:featuredmedia":[{"embeddable":true,"href":"https:\/\/arena-ticket.com\/en\/wp-json\/wp\/v2\/media\/65706"}],"wp:attachment":[{"href":"https:\/\/arena-ticket.com\/en\/wp-json\/wp\/v2\/media?parent=65697"}],"wp:term":[{"taxonomy":"product_brand","embeddable":true,"href":"https:\/\/arena-ticket.com\/en\/wp-json\/wp\/v2\/product_brand?post=65697"},{"taxonomy":"product_cat","embeddable":true,"href":"https:\/\/arena-ticket.com\/en\/wp-json\/wp\/v2\/product_cat?post=65697"},{"taxonomy":"product_tag","embeddable":true,"href":"https:\/\/arena-ticket.com\/en\/wp-json\/wp\/v2\/product_tag?post=65697"}],"curies":[{"name":"wp","href":"https:\/\/api.w.org\/{rel}","templated":true}]}}