{"id":65716,"date":"2026-02-05T16:19:33","date_gmt":"2026-02-05T15:19:33","guid":{"rendered":"https:\/\/arena-ticket.com\/?p=65716&#038;post_type=product&#038;preview_id=65716"},"modified":"2026-02-26T14:53:24","modified_gmt":"2026-02-26T13:53:24","slug":"gastspiel-laura-liebeskind-feat-mondena-quartet-releasekonzert-leipzig-krystallpalast-variete-03-03-2026-1930-uhr","status":"publish","type":"product","link":"https:\/\/arena-ticket.com\/en\/product\/gastspiel-laura-liebeskind-feat-mondena-quartet-releasekonzert-leipzig-krystallpalast-variete-03-03-2026-1930-uhr\/","title":{"rendered":"Gastspiel | Laura Liebeskind feat. mond\u00ebna quartet - Releasekonzert"},"content":{"rendered":"<section class=\"c-full c-inner c-narrow\" data-c=\"stageteasertext\" data-qa=\"stageteasertext-component\">\n<div class=\"container\">\n<div class=\"external-content no-margin\">\n<div class=\"u-position-relative js-moretext-wrapper\">\n<div class=\"moretext js-moretext expanded\" data-qa=\"readMoreText\">\n<div class=\"moretext-teaser\">\n<section class=\"c-full c-inner c-narrow\" data-c=\"stageteasertext\" data-qa=\"stageteasertext-component\">\n<div class=\"container\">\n<div class=\"external-content no-margin\">\n<div class=\"u-position-relative js-moretext-wrapper\">\n<div class=\"moretext js-moretext expanded\" data-qa=\"readMoreText\">\n<div class=\"moretext-teaser\">\n<p class=\"headline\">Poesie, Leidenschaft und charmante Wendungen<\/p>\n<p>Laura Liebeskind, S\u00e4ngerin &amp; Conf\u00e9rencieuse in den Variet\u00e9shows\u00a0<i>SHOWTIME, GLANZZEIT\u00a0<\/i>and<i>\u00a0ROUGE<\/i>, hat ein neues Album mit vierzehn verschrobenen Liebesliedern kreiert. Dabei unterst\u00fctzt sie niemand geringeres als das\u00a0mond\u00ebna quartet\u00a0mit Shir-Ran Yinon, die wunderbar einf\u00fchlsame Streichers\u00e4tze zu den humorvoll bis satirisch-ernsten Liebesanekdoten arrangierte. Schon die vorhergehenden Alben Liebeskinds, \u201cDas Gl\u00fcck\u201d und \u201cDionysos\u201d, sind von MDR Kultur zum Album der Woche sowie von der Liederbestenliste und der Deutschen Schallplattenkritik ausgezeichnet worden. \u201cToi &amp; Moi: Das kleinste \u00dcbel\u201d widmet sich den Fragen, warum wir lieben und wie wir lieben und spielt dabei nicht selten mit gesellschaftlichen Rollenbildern und eigent\u00fcmlichen Statistiken zum Thema. Wer vorab einmal in die ersten Singles h\u00f6ren mag: Auf Youtube gibt es seit Fr\u00fchjahr 2025 acht erfrischende Musikvideos zum neuen Album.<\/p>\n<p>Zum ersten Mal wird Laura mit dem\u00a0mond\u00ebna quartet\u00a0gleich zwei Releasekonzerte am St\u00fcck geben, denn die B\u00fchnenszenerie von\u00a0<i>ROUGE<\/i>\u00a0wird so perfekt zu den Liebesliedern Liebeskinds passen, dass es schade w\u00e4re, nur ein Mal Releasekonzert zu feiern. Au\u00dferdem k\u00f6nnen so noch mehr Menschen in die Magie eintauchen, die entsteht, wenn f\u00fcnf Frauen, Freundinnen und Wegbegleiterinnen - Laura Liebeskind und das\u00a0mond\u00ebna quartet\u00a0- sich die Seele aus dem Leib spielen. Freuen Sie sich auf einen Abend voller Poesie, Leidenschaft, klugen Metaphern und charmanten Wendungen - und sogar auch ein paar franz\u00f6sischen Liedern.<\/p>\n<\/div>\n<\/div>\n<\/div>\n<\/div>\n<\/div>\n<\/section>\n<\/div>\n<\/div>\n<\/div>\n<\/div>\n<\/div>\n<\/section>","protected":false},"excerpt":{"rendered":"<p>Get your tickets now!<\/p>","protected":false},"featured_media":65719,"template":"","meta":{"_acf_changed":false,"inline_featured_image":false},"product_brand":[],"product_cat":[31,69,427,86,35,6746,21,58],"product_tag":[4328,941,6984,6989,942,2740,3023,943,944,6990,6779,947,948],"class_list":{"0":"post-65716","1":"product","2":"type-product","3":"status-publish","4":"has-post-thumbnail","6":"product_cat-events","7":"product_cat-konzert","8":"product_cat-krystallpalast-variete","9":"product_cat-leipzig","10":"product_cat-orte","11":"product_cat-singer-songwriter","12":"product_cat-ticket","13":"product_cat-veranstaltung","14":"product_tag-die-jubilaeumstour","15":"product_tag-events","16":"product_tag-gastspiel-50-jahre-engerling","17":"product_tag-gastspiel-laura-liebeskind-feat-mondena-quartet","18":"product_tag-konzert","19":"product_tag-krystallpalast","20":"product_tag-krystallpalast-variete","21":"product_tag-leipzig","22":"product_tag-orte","23":"product_tag-releasekonzert","24":"product_tag-sonstiges","25":"product_tag-ticket","26":"product_tag-veranstaltung","27":"product_shipping_class-nur_paketversand","28":"pa_discount-ermaessigt","29":"pa_discount-normalpreis","30":"pa_preiskategorie-pk-i","32":"first","33":"outofstock","34":"taxable","35":"shipping-taxable","36":"purchasable","37":"product-type-variable"},"group_of_quantity":0,"min_quantity":0,"max_quantity":"","exclude_order_quantity_value_rules":"no","exclude_category_quantity_rules":"no","combine_variations":"no","acf":[],"_links":{"self":[{"href":"https:\/\/arena-ticket.com\/en\/wp-json\/wp\/v2\/product\/65716","targetHints":{"allow":["GET"]}}],"collection":[{"href":"https:\/\/arena-ticket.com\/en\/wp-json\/wp\/v2\/product"}],"about":[{"href":"https:\/\/arena-ticket.com\/en\/wp-json\/wp\/v2\/types\/product"}],"wp:featuredmedia":[{"embeddable":true,"href":"https:\/\/arena-ticket.com\/en\/wp-json\/wp\/v2\/media\/65719"}],"wp:attachment":[{"href":"https:\/\/arena-ticket.com\/en\/wp-json\/wp\/v2\/media?parent=65716"}],"wp:term":[{"taxonomy":"product_brand","embeddable":true,"href":"https:\/\/arena-ticket.com\/en\/wp-json\/wp\/v2\/product_brand?post=65716"},{"taxonomy":"product_cat","embeddable":true,"href":"https:\/\/arena-ticket.com\/en\/wp-json\/wp\/v2\/product_cat?post=65716"},{"taxonomy":"product_tag","embeddable":true,"href":"https:\/\/arena-ticket.com\/en\/wp-json\/wp\/v2\/product_tag?post=65716"}],"curies":[{"name":"wp","href":"https:\/\/api.w.org\/{rel}","templated":true}]}}