{"id":65721,"date":"2026-02-05T16:31:07","date_gmt":"2026-02-05T15:31:07","guid":{"rendered":"https:\/\/arena-ticket.com\/?p=65721&#038;post_type=product&#038;preview_id=65721"},"modified":"2026-03-06T09:52:52","modified_gmt":"2026-03-06T08:52:52","slug":"gastspiel-the-rubettes-feat-bill-hurd-abschiedstour-leipzig-krystallpalast-variete-27-04-2026-1930-uhr","status":"publish","type":"product","link":"https:\/\/arena-ticket.com\/en\/product\/gastspiel-the-rubettes-feat-bill-hurd-abschiedstour-leipzig-krystallpalast-variete-27-04-2026-1930-uhr\/","title":{"rendered":"Gastspiel | The Rubettes feat. Bill Hurd  - Abschiedstour"},"content":{"rendered":"<section class=\"c-full c-inner c-narrow\" data-c=\"stageteasertext\" data-qa=\"stageteasertext-component\">\n<div class=\"container\">\n<div class=\"external-content no-margin\">\n<div class=\"u-position-relative js-moretext-wrapper\">\n<div class=\"moretext js-moretext expanded\" data-qa=\"readMoreText\">\n<div class=\"moretext-teaser\">\n<section class=\"c-full c-inner c-narrow\" data-c=\"stageteasertext\" data-qa=\"stageteasertext-component\">\n<div class=\"container\">\n<div class=\"external-content no-margin\">\n<div class=\"u-position-relative js-moretext-wrapper\">\n<div class=\"moretext js-moretext expanded\" data-qa=\"readMoreText\">\n<div class=\"moretext-teaser\">\n<p class=\"headline\">Glam-Rock vom Feinsten!<\/p>\n<p>Seit 5 Jahrzehnten unterwegs mit wei\u00dfen Anz\u00fcgen, schmucken Schieberm\u00fctzen und unsterblichen Hits wie \u201eI Can Do It\u201c, \u201eJuke Box Jive\u201c, \u201eSaturday Night\u201c oder \u201eTonight\u201c. Alles nat\u00fcrlich getoppt vom unvergesslichen Evergreen \u201eSugar Baby Love\u201c!<\/p>\n<p>Letzte Chance auf Glam-Rock vom Feinsten!<\/p>\n<\/div>\n<\/div>\n<\/div>\n<\/div>\n<\/div>\n<\/section>\n<\/div>\n<\/div>\n<\/div>\n<\/div>\n<\/div>\n<\/section>","protected":false},"excerpt":{"rendered":"<p>Get your tickets now!<\/p>","protected":false},"featured_media":65724,"template":"","meta":{"_acf_changed":false,"inline_featured_image":false},"product_brand":[],"product_cat":[31,69,427,86,35,6733,21,58],"product_tag":[1355,4328,941,6991,942,2740,3023,943,944,2506,6779,947,948],"class_list":{"0":"post-65721","1":"product","2":"type-product","3":"status-publish","4":"has-post-thumbnail","6":"product_cat-events","7":"product_cat-konzert","8":"product_cat-krystallpalast-variete","9":"product_cat-leipzig","10":"product_cat-orte","11":"product_cat-pop","12":"product_cat-ticket","13":"product_cat-veranstaltung","14":"product_tag-abschiedstour","15":"product_tag-die-jubilaeumstour","16":"product_tag-events","17":"product_tag-gastspiel-the-rubettes-feat-bill-hurd","18":"product_tag-konzert","19":"product_tag-krystallpalast","20":"product_tag-krystallpalast-variete","21":"product_tag-leipzig","22":"product_tag-orte","23":"product_tag-pop","24":"product_tag-sonstiges","25":"product_tag-ticket","26":"product_tag-veranstaltung","27":"product_shipping_class-nur_paketversand","28":"pa_discount-ermaessigt","29":"pa_discount-normalpreis","30":"pa_preiskategorie-pk-i","31":"pa_preiskategorie-pk-ii","33":"first","34":"instock","35":"taxable","36":"shipping-taxable","37":"purchasable","38":"product-type-variable"},"group_of_quantity":0,"min_quantity":0,"max_quantity":"","exclude_order_quantity_value_rules":"no","exclude_category_quantity_rules":"no","combine_variations":"no","acf":[],"_links":{"self":[{"href":"https:\/\/arena-ticket.com\/en\/wp-json\/wp\/v2\/product\/65721","targetHints":{"allow":["GET"]}}],"collection":[{"href":"https:\/\/arena-ticket.com\/en\/wp-json\/wp\/v2\/product"}],"about":[{"href":"https:\/\/arena-ticket.com\/en\/wp-json\/wp\/v2\/types\/product"}],"wp:featuredmedia":[{"embeddable":true,"href":"https:\/\/arena-ticket.com\/en\/wp-json\/wp\/v2\/media\/65724"}],"wp:attachment":[{"href":"https:\/\/arena-ticket.com\/en\/wp-json\/wp\/v2\/media?parent=65721"}],"wp:term":[{"taxonomy":"product_brand","embeddable":true,"href":"https:\/\/arena-ticket.com\/en\/wp-json\/wp\/v2\/product_brand?post=65721"},{"taxonomy":"product_cat","embeddable":true,"href":"https:\/\/arena-ticket.com\/en\/wp-json\/wp\/v2\/product_cat?post=65721"},{"taxonomy":"product_tag","embeddable":true,"href":"https:\/\/arena-ticket.com\/en\/wp-json\/wp\/v2\/product_tag?post=65721"}],"curies":[{"name":"wp","href":"https:\/\/api.w.org\/{rel}","templated":true}]}}