{"id":65733,"date":"2026-02-05T16:52:34","date_gmt":"2026-02-05T15:52:34","guid":{"rendered":"https:\/\/arena-ticket.com\/?p=65733&#038;post_type=product&#038;preview_id=65733"},"modified":"2026-02-06T17:37:59","modified_gmt":"2026-02-06T16:37:59","slug":"gastspiel-wenzel-noch-verschont-von-grossen-kriegen-leipzig-krystallpalast-variete-01-06-2026-1930-uhr","status":"publish","type":"product","link":"https:\/\/arena-ticket.com\/en\/product\/gastspiel-wenzel-noch-verschont-von-grossen-kriegen-leipzig-krystallpalast-variete-01-06-2026-1930-uhr\/","title":{"rendered":"Gastspiel | WENZEL  - Noch verschont von gro\u00dfen Kriegen"},"content":{"rendered":"<section class=\"c-full c-inner c-narrow\" data-c=\"stageteasertext\" data-qa=\"stageteasertext-component\">\n<div class=\"container\">\n<div class=\"external-content no-margin\">\n<div class=\"u-position-relative js-moretext-wrapper\">\n<div class=\"moretext js-moretext expanded\" data-qa=\"readMoreText\">\n<div class=\"moretext-teaser\">\n<section class=\"c-full c-inner c-narrow\" data-c=\"stageteasertext\" data-qa=\"stageteasertext-component\">\n<div class=\"container\">\n<div class=\"external-content no-margin\">\n<div class=\"u-position-relative js-moretext-wrapper\">\n<div class=\"moretext js-moretext expanded\" data-qa=\"readMoreText\">\n<div class=\"moretext-teaser\">\n<p class=\"headline\">Whiskey und Rauch, Wehmut und Rausch<\/p>\n<p>Immer wieder neu. Immer wieder \u00fcberraschend. Jedes Konzert ein Abenteuer. Wenzel ist ein Meister der Improvisation. Da tauchen wie aus dem Nichts v\u00f6llig unbekannte Lieder auf, stellen sich neben l\u00e4ngst vergessen geglaubte und spinnen ein neues Netz von Sinn und Unsinn mit den Hits dieses Poeten. Wenzel, mit allen Wassern der B\u00fchnen gewaschen, mit allem Schwei\u00df orgiastischer Konzerte, bleibt sich erstaunlich treu, in welchem Metier er auch gerade mal arbeitet. Getragen scheint er von einer unbezwingbaren Gier nach dem Leben, dem Gl\u00fcck und dem Lachen. Er verzaubert seine H\u00f6rer mit Gesten, Blicken und dem Klang seiner von Whiskey und Rauch, von Wehmut und Rausch gegerbten Stimme. Akkordeon, Gitarren und Klavier wechseln unter seinen H\u00e4nden je nach Laune. Immer ist es der Augenblick, der gefeiert wird, diese unwiederbringlichen Momente eines Lebens, einer Liebe, eines Konzertes. Wenzel schreckt vor nichts zur\u00fcck. Ihm ist dabei der profane Schlager ebenso von Bedeutung wie das traurige Lied oder das sarkastische Couplet. Seine Zuh\u00f6rer sind die K\u00f6nige. Er ist der Narr. Er h\u00e4lt sich selbst den Spiegel vors Gesicht und die Zuschauer erkennen sich wieder. Vielleicht ist das Leben so ein wenig ertr\u00e4glicher. Manchmal macht dies die sch\u00f6ne Wahrheit und manchmal muss man eben sch\u00f6ner L\u00fcgen.<\/p>\n<p>Wenzel ist Autor, Komponist, Musiker, S\u00e4nger, Schauspieler und Regisseur. Tourneen f\u00fchrten ihn durch Frankreich, \u00d6sterreich, Amerika, Nikaragua, Kuba, die T\u00fcrkei, u.a.. Wenzel stand mit Arlo Guthrie, Randy Newman, Billy Bragg, Konstantin Wecker und vielen anderen Musikern auf der B\u00fchne. Wenzel hat Ehrungen \u00fcberstanden von der GOLDENEN AMIGA, dem Heinrich-Heine-Preis \u00fcber den Deutschen Kleinkunstpreis, dem Preis der deutschen Schallplattenkritik (acht Mal), sowie den Preis der Liederbestenliste.<\/p>\n<\/div>\n<\/div>\n<\/div>\n<\/div>\n<\/div>\n<\/section>\n<\/div>\n<\/div>\n<\/div>\n<\/div>\n<\/div>\n<\/section>","protected":false},"excerpt":{"rendered":"<p>Get your tickets now!<\/p>","protected":false},"featured_media":65737,"template":"","meta":{"_acf_changed":false,"inline_featured_image":false},"product_brand":[],"product_cat":[31,69,427,86,35,6746,21,58],"product_tag":[941,6994,942,2740,3023,943,6995,944,6814,6779,947,948],"class_list":{"0":"post-65733","1":"product","2":"type-product","3":"status-publish","4":"has-post-thumbnail","6":"product_cat-events","7":"product_cat-konzert","8":"product_cat-krystallpalast-variete","9":"product_cat-leipzig","10":"product_cat-orte","11":"product_cat-singer-songwriter","12":"product_cat-ticket","13":"product_cat-veranstaltung","14":"product_tag-events","15":"product_tag-gastspiel-wenzel","16":"product_tag-konzert","17":"product_tag-krystallpalast","18":"product_tag-krystallpalast-variete","19":"product_tag-leipzig","20":"product_tag-noch-verschont-von-grossen-kriegen","21":"product_tag-orte","22":"product_tag-singer-songwriter","23":"product_tag-sonstiges","24":"product_tag-ticket","25":"product_tag-veranstaltung","26":"product_shipping_class-nur_paketversand","27":"pa_discount-ermaessigt","28":"pa_discount-normalpreis","29":"pa_preiskategorie-pk-i","30":"pa_preiskategorie-pk-ii","32":"first","33":"instock","34":"taxable","35":"shipping-taxable","36":"purchasable","37":"product-type-variable"},"group_of_quantity":0,"min_quantity":0,"max_quantity":"","exclude_order_quantity_value_rules":"no","exclude_category_quantity_rules":"no","combine_variations":"no","acf":[],"_links":{"self":[{"href":"https:\/\/arena-ticket.com\/en\/wp-json\/wp\/v2\/product\/65733","targetHints":{"allow":["GET"]}}],"collection":[{"href":"https:\/\/arena-ticket.com\/en\/wp-json\/wp\/v2\/product"}],"about":[{"href":"https:\/\/arena-ticket.com\/en\/wp-json\/wp\/v2\/types\/product"}],"wp:featuredmedia":[{"embeddable":true,"href":"https:\/\/arena-ticket.com\/en\/wp-json\/wp\/v2\/media\/65737"}],"wp:attachment":[{"href":"https:\/\/arena-ticket.com\/en\/wp-json\/wp\/v2\/media?parent=65733"}],"wp:term":[{"taxonomy":"product_brand","embeddable":true,"href":"https:\/\/arena-ticket.com\/en\/wp-json\/wp\/v2\/product_brand?post=65733"},{"taxonomy":"product_cat","embeddable":true,"href":"https:\/\/arena-ticket.com\/en\/wp-json\/wp\/v2\/product_cat?post=65733"},{"taxonomy":"product_tag","embeddable":true,"href":"https:\/\/arena-ticket.com\/en\/wp-json\/wp\/v2\/product_tag?post=65733"}],"curies":[{"name":"wp","href":"https:\/\/api.w.org\/{rel}","templated":true}]}}