{"id":65795,"date":"2026-02-06T15:45:52","date_gmt":"2026-02-06T14:45:52","guid":{"rendered":"https:\/\/arena-ticket.com\/?p=65795&#038;post_type=product&#038;preview_id=65795"},"modified":"2026-02-06T16:18:04","modified_gmt":"2026-02-06T15:18:04","slug":"pet-shop-boys-dreamworld-the-greatest-hits-live-waldbuehne-berlin-11-07-2026-2000-uhr","status":"publish","type":"product","link":"https:\/\/arena-ticket.com\/en\/product\/pet-shop-boys-dreamworld-the-greatest-hits-live-waldbuehne-berlin-11-07-2026-2000-uhr\/","title":{"rendered":"Pet Shop Boys - DREAMWORLD The Greatest Hits Live"},"content":{"rendered":"<p>Die Pet Shop Boys kommen endlich wieder nach Deutschland - das nach dem Guinnessbuch der Rekorde erfolgreichste Duo der britischen Musikgeschichte spielt im Sommer gleich zwei Shows hierzulande! Den Rekordtitel haben sich Neil Tennant und Chris Lowe verdient: Seit ihres Signings bei Parlophone Records in 1985, landeten alle ihre 15 Studioalben in den UK Top 10 und insgesamt 44 Singles schafften es in die Top 30 - vier davon auf Nummer Eins.<\/p>\n<p>Mit ihren Live-Shows haben die Pet Shop Boys ihren eigenen Stil des Pop Musical Theaters erschaffen. In Zusammenarbeit mit Regisseur*innen, Designer*innen und Artists wie Derek Jarman, David Alden, David Fielding, Zaha Hadid, Sam Taylor-Wood, Es Devlin und Tom Scutt haben sie ihre besondere Art des Pop-Musicals geschaffen, das von der Kritik hochgelobt wird.<\/p>\n<p>Ihre allerste Greatest Hits-Tour \u201eDREAMWORLD The Greatest Hits Live\u201c ist nach einem gefeierten Start in Mailand (Mai 2022) mittlerweile in ihrem f\u00fcnften Jahr und hat Arenen in ganz Europa gef\u00fcllt. Fans und die Kritik sind gleichauf begeistert, der London Evening Standard bezeichnete die Show gar als \u201eekstatische Pr\u00e4sentation von 40 Jahren Brillanz\u201d.<\/p>\n<p>Insgesamt spielten die Pet Shop Boys in \u00fcber 40 Jahren Bandgeschichte in 63 L\u00e4ndern vor Millionen und waren als Headliner auf ikonischen Festivals sowie den wichtigsten B\u00fchnen der Welt wie beispielsweise Roskilde, Glastonbury, diversen Ausgaben des Primavera Sound, New Yorks Madison Square Garden, The Hollywood Bowl und Londons Hyde Park, um nur einige zu nennen.<\/p>\n<p>Neben ihrer eigenen Musik haben Tennant und Lowe mit vielen Artists sowie Gr\u00f6\u00dfen wie Lady Gaga, Madonna, Blur, David Bowie, Yoko Ono, The Killers oder Noel Gallagher zusammengearbeitet und schrieben f\u00fcr das West-End-Musical \u201eCloser to Heaven\u201c, ein Ballett sowie diverse Filme. Zudem traten sie bei den Olympischen Spielen in London (2012) auf und wurden bereits in den 2000ern f\u00fcr ihren au\u00dferordentlichen Beitrag zur britischen Musikszene ausgezeichnet (Ivor Novello Award und BRIT Award).<\/p>\n<p>Im Sommer 2026 bringen die Pet Shop Boys ihre gefeierte \u201eDREAMWORLD The Greatest Hits Live\u201c-Tour auf neue B\u00fchnen - unter anderem in Berlin und M\u00f6nchengladbach. Wer sich dieses Erlebnis von Weltklasse nicht entgehen lassen will, sollte sich schnellstens Tickets sichern!<\/p>","protected":false},"excerpt":{"rendered":"<p>Die Pet Shop Boys kommen mit ihrer \"DREAMWORLD \u2013 The Greatest Hits Live\"-Tour zur\u00fcck nach Deutschland!<\/p>","protected":false},"featured_media":65801,"template":"","meta":{"_acf_changed":false,"inline_featured_image":false},"product_brand":[],"product_cat":[315,31,69,35,6733,21,58,510],"product_tag":[1332,7001,941,6803,942,944,7000,2506,947,948,5236,5237],"class_list":{"0":"post-65795","1":"product","2":"type-product","3":"status-publish","4":"has-post-thumbnail","6":"product_cat-berlin","7":"product_cat-events","8":"product_cat-konzert","9":"product_cat-orte","10":"product_cat-pop","11":"product_cat-ticket","12":"product_cat-veranstaltung","13":"product_cat-waldbuehne","14":"product_tag-berlin","15":"product_tag-dreamworld-the-greatest-hits-live","16":"product_tag-events","17":"product_tag-hip-hop-rnb","18":"product_tag-konzert","19":"product_tag-orte","20":"product_tag-pet-shop-boys","21":"product_tag-pop","22":"product_tag-ticket","23":"product_tag-veranstaltung","24":"product_tag-waldbuehne","25":"product_tag-waldbuehne-berlin","26":"product_shipping_class-nur_paketversand","27":"pa_discount-normalpreis","28":"pa_preiskategorie-pk-i","29":"pa_preiskategorie-pk-ii","30":"pa_preiskategorie-pk-iii","31":"pa_preiskategorie-pk-iv","32":"pa_preiskategorie-pk-v","33":"pa_preiskategorie-pk-vi","34":"pa_preiskategorie-pk-vii","35":"pa_preiskategorie-pk-viii","37":"first","38":"instock","39":"taxable","40":"shipping-taxable","41":"purchasable","42":"product-type-variable"},"group_of_quantity":0,"min_quantity":0,"max_quantity":"","exclude_order_quantity_value_rules":"no","exclude_category_quantity_rules":"no","combine_variations":"no","acf":[],"_links":{"self":[{"href":"https:\/\/arena-ticket.com\/en\/wp-json\/wp\/v2\/product\/65795","targetHints":{"allow":["GET"]}}],"collection":[{"href":"https:\/\/arena-ticket.com\/en\/wp-json\/wp\/v2\/product"}],"about":[{"href":"https:\/\/arena-ticket.com\/en\/wp-json\/wp\/v2\/types\/product"}],"wp:featuredmedia":[{"embeddable":true,"href":"https:\/\/arena-ticket.com\/en\/wp-json\/wp\/v2\/media\/65801"}],"wp:attachment":[{"href":"https:\/\/arena-ticket.com\/en\/wp-json\/wp\/v2\/media?parent=65795"}],"wp:term":[{"taxonomy":"product_brand","embeddable":true,"href":"https:\/\/arena-ticket.com\/en\/wp-json\/wp\/v2\/product_brand?post=65795"},{"taxonomy":"product_cat","embeddable":true,"href":"https:\/\/arena-ticket.com\/en\/wp-json\/wp\/v2\/product_cat?post=65795"},{"taxonomy":"product_tag","embeddable":true,"href":"https:\/\/arena-ticket.com\/en\/wp-json\/wp\/v2\/product_tag?post=65795"}],"curies":[{"name":"wp","href":"https:\/\/api.w.org\/{rel}","templated":true}]}}