{"id":65807,"date":"2026-02-06T16:03:26","date_gmt":"2026-02-06T15:03:26","guid":{"rendered":"https:\/\/arena-ticket.com\/?p=65807&#038;post_type=product&#038;preview_id=65807"},"modified":"2026-02-06T16:19:45","modified_gmt":"2026-02-06T15:19:45","slug":"das-gipfeltreffen-mit-olaf-schubert-torsten-straeter-johann-koenig-waldbuehne-berlin-29-08-2027-1900-uhr","status":"publish","type":"product","link":"https:\/\/arena-ticket.com\/en\/product\/das-gipfeltreffen-mit-olaf-schubert-torsten-straeter-johann-koenig-waldbuehne-berlin-29-08-2027-1900-uhr\/","title":{"rendered":"Das Gipfeltreffen -  mit Olaf Schubert, Torsten Str\u00e4ter, Johann K\u00f6nig"},"content":{"rendered":"<p>Das Gipfeltreffen mit Olaf Schubert, Torsten Str\u00e4ter, Johann K\u00f6nig in Berlin!<\/p>","protected":false},"excerpt":{"rendered":"<p>Get your tickets here now!<\/p>","protected":false},"featured_media":65818,"template":"","meta":{"_acf_changed":false,"inline_featured_image":false},"product_brand":[],"product_cat":[315,6725,31,95,35,21,58,510],"product_tag":[1332,954,7002,941,6774,3046,7004,7003,944,947,3749,948,5236,5237],"class_list":{"0":"post-65807","1":"product","2":"type-product","3":"status-publish","4":"has-post-thumbnail","6":"product_cat-berlin","7":"product_cat-comedy","8":"product_cat-events","9":"product_cat-humor","10":"product_cat-orte","11":"product_cat-ticket","12":"product_cat-veranstaltung","13":"product_cat-waldbuehne","14":"product_tag-berlin","15":"product_tag-comedy","16":"product_tag-das-gipfeltreffen","17":"product_tag-events","18":"product_tag-humor","19":"product_tag-johann-koenig","20":"product_tag-mit-olaf-schubert","21":"product_tag-mit-olaf-schubert-torsten-straeter-johann-koenig","22":"product_tag-orte","23":"product_tag-ticket","24":"product_tag-torsten-straeter","25":"product_tag-veranstaltung","26":"product_tag-waldbuehne","27":"product_tag-waldbuehne-berlin","28":"product_shipping_class-nur_paketversand","29":"pa_discount-normalpreis","30":"pa_preiskategorie-pk-i","31":"pa_preiskategorie-pk-ii","32":"pa_preiskategorie-pk-iii","33":"pa_preiskategorie-pk-iv","34":"pa_preiskategorie-pk-v","36":"first","37":"instock","38":"taxable","39":"shipping-taxable","40":"purchasable","41":"product-type-variable"},"group_of_quantity":0,"min_quantity":0,"max_quantity":"","exclude_order_quantity_value_rules":"no","exclude_category_quantity_rules":"no","combine_variations":"no","acf":[],"_links":{"self":[{"href":"https:\/\/arena-ticket.com\/en\/wp-json\/wp\/v2\/product\/65807","targetHints":{"allow":["GET"]}}],"collection":[{"href":"https:\/\/arena-ticket.com\/en\/wp-json\/wp\/v2\/product"}],"about":[{"href":"https:\/\/arena-ticket.com\/en\/wp-json\/wp\/v2\/types\/product"}],"wp:featuredmedia":[{"embeddable":true,"href":"https:\/\/arena-ticket.com\/en\/wp-json\/wp\/v2\/media\/65818"}],"wp:attachment":[{"href":"https:\/\/arena-ticket.com\/en\/wp-json\/wp\/v2\/media?parent=65807"}],"wp:term":[{"taxonomy":"product_brand","embeddable":true,"href":"https:\/\/arena-ticket.com\/en\/wp-json\/wp\/v2\/product_brand?post=65807"},{"taxonomy":"product_cat","embeddable":true,"href":"https:\/\/arena-ticket.com\/en\/wp-json\/wp\/v2\/product_cat?post=65807"},{"taxonomy":"product_tag","embeddable":true,"href":"https:\/\/arena-ticket.com\/en\/wp-json\/wp\/v2\/product_tag?post=65807"}],"curies":[{"name":"wp","href":"https:\/\/api.w.org\/{rel}","templated":true}]}}