{"id":65822,"date":"2026-02-06T17:39:45","date_gmt":"2026-02-06T16:39:45","guid":{"rendered":"https:\/\/arena-ticket.com\/?p=65822&#038;post_type=product&#038;preview_id=65822"},"modified":"2026-04-04T14:18:56","modified_gmt":"2026-04-04T12:18:56","slug":"gastspiel-a-tribute-to-amy-winehouse-christine-ladda-band-leipzig-krystallpalast-variete-22-09-2026-1930-uhr","status":"publish","type":"product","link":"https:\/\/arena-ticket.com\/en\/product\/gastspiel-a-tribute-to-amy-winehouse-christine-ladda-band-leipzig-krystallpalast-variete-22-09-2026-1930-uhr\/","title":{"rendered":"Gastspiel | Christine Ladda & Band - A Tribute to Amy Winehouse"},"content":{"rendered":"<section class=\"c-full c-inner c-narrow\" data-c=\"stageteasertext\" data-qa=\"stageteasertext-component\">\n<div class=\"container\">\n<div class=\"external-content no-margin\">\n<div class=\"u-position-relative js-moretext-wrapper\">\n<div class=\"moretext js-moretext expanded\" data-qa=\"readMoreText\">\n<div class=\"moretext-teaser\">\n<section class=\"c-full c-inner c-narrow\" data-c=\"stageteasertext\" data-qa=\"stageteasertext-component\">\n<div class=\"container\">\n<div class=\"external-content no-margin\">\n<div class=\"u-position-relative js-moretext-wrapper\">\n<div class=\"moretext js-moretext expanded\" data-qa=\"readMoreText\">\n<div class=\"moretext-teaser\">\n<p class=\"headline\">A Tribute to Amy Winehouse<\/p>\n<p>Mit h\u00f6chstem Respekt vor dem Original und viel Liebe zum Detail erweckt \u201eA Tribute To Amy\u201c die wunderbare Musik der leider viel zu fr\u00fch von uns gegangenen Amy Winehouse zum Leben. Optisch wie klanglich n\u00e4hert sich die Show so weit wie nur irgend m\u00f6glich dem Original an. S\u00e4ngerin Christine Ladda schafft dabei mit ihrer au\u00dfergew\u00f6hnlichen Stimme, ihrer Verwandlungsf\u00e4higkeit und ihrem Schauspieltalent eine nahezu perfekte Illusion - mit brillantem Soulgesang, Ansagen im Cockney-English, Beehive, Tattoos und allem, was sonst noch dazugeh\u00f6rt.<\/p>\n<p>Die professionelle musikalische Begleitung liefert eine siebenk\u00f6pfige Band mit Bl\u00e4sern und Background-S\u00e4ngern. Erleben Sie eine einzigartige Tribute-Show mit Jazz-, Soul-, Blues- und Reggae - Einfl\u00fcssen und voller Leidenschaft f\u00fcr eine der bedeutendsten Jazzgr\u00f6\u00dfen der letzten Jahrzehnte.<\/p>\n<p>&nbsp;<\/p>\n<p>Support from Korsika: Amadeus Chiodi &amp; Band<\/p>\n<\/div>\n<\/div>\n<\/div>\n<\/div>\n<\/div>\n<\/section>\n<\/div>\n<\/div>\n<\/div>\n<\/div>\n<\/div>\n<\/section>","protected":false},"excerpt":{"rendered":"<p>Erleben Sie eine einzigartige Tribute-Show mit Jazz-, Soul-, Blues- und Reggae - Einfl\u00fcssen und voller Leidenschaft f\u00fcr eine der bedeutendsten Jazzgr\u00f6\u00dfen der letzten Jahrzehnte. Jetzt Tickets sichern!<\/p>","protected":false},"featured_media":65825,"template":"","meta":{"_acf_changed":false,"inline_featured_image":false},"product_brand":[],"product_cat":[31,6740,69,427,86,35,21,58],"product_tag":[7006,941,7005,6975,942,2740,3023,943,944,6779,947,948],"class_list":{"0":"post-65822","1":"product","2":"type-product","3":"status-publish","4":"has-post-thumbnail","6":"product_cat-events","7":"product_cat-jazz-blues","8":"product_cat-konzert","9":"product_cat-krystallpalast-variete","10":"product_cat-leipzig","11":"product_cat-orte","12":"product_cat-ticket","13":"product_cat-veranstaltung","14":"product_tag-a-tribute-to-amy-winehouse","15":"product_tag-events","16":"product_tag-gastspiel-christine-ladda-band","17":"product_tag-jazz-blues","18":"product_tag-konzert","19":"product_tag-krystallpalast","20":"product_tag-krystallpalast-variete","21":"product_tag-leipzig","22":"product_tag-orte","23":"product_tag-sonstiges","24":"product_tag-ticket","25":"product_tag-veranstaltung","26":"product_shipping_class-nur_paketversand","27":"pa_discount-ermaessigt","28":"pa_discount-normalpreis","29":"pa_preiskategorie-pk-i","31":"first","32":"outofstock","33":"taxable","34":"shipping-taxable","35":"purchasable","36":"product-type-variable"},"group_of_quantity":0,"min_quantity":0,"max_quantity":"","exclude_order_quantity_value_rules":"no","exclude_category_quantity_rules":"no","combine_variations":"no","acf":[],"_links":{"self":[{"href":"https:\/\/arena-ticket.com\/en\/wp-json\/wp\/v2\/product\/65822","targetHints":{"allow":["GET"]}}],"collection":[{"href":"https:\/\/arena-ticket.com\/en\/wp-json\/wp\/v2\/product"}],"about":[{"href":"https:\/\/arena-ticket.com\/en\/wp-json\/wp\/v2\/types\/product"}],"wp:featuredmedia":[{"embeddable":true,"href":"https:\/\/arena-ticket.com\/en\/wp-json\/wp\/v2\/media\/65825"}],"wp:attachment":[{"href":"https:\/\/arena-ticket.com\/en\/wp-json\/wp\/v2\/media?parent=65822"}],"wp:term":[{"taxonomy":"product_brand","embeddable":true,"href":"https:\/\/arena-ticket.com\/en\/wp-json\/wp\/v2\/product_brand?post=65822"},{"taxonomy":"product_cat","embeddable":true,"href":"https:\/\/arena-ticket.com\/en\/wp-json\/wp\/v2\/product_cat?post=65822"},{"taxonomy":"product_tag","embeddable":true,"href":"https:\/\/arena-ticket.com\/en\/wp-json\/wp\/v2\/product_tag?post=65822"}],"curies":[{"name":"wp","href":"https:\/\/api.w.org\/{rel}","templated":true}]}}