{"id":65951,"date":"2026-02-09T15:13:12","date_gmt":"2026-02-09T14:13:12","guid":{"rendered":"https:\/\/arena-ticket.com\/?p=65951&#038;post_type=product&#038;preview_id=65951"},"modified":"2026-02-10T18:44:50","modified_gmt":"2026-02-10T17:44:50","slug":"zauber-der-travestie-das-original-die-schraeg-schrille-andere-show-boehlen-kulturhaus-boehlen-13-11-2026-2000-uhr","status":"publish","type":"product","link":"https:\/\/arena-ticket.com\/en\/product\/zauber-der-travestie-das-original-die-schraeg-schrille-andere-show-boehlen-kulturhaus-boehlen-13-11-2026-2000-uhr\/","title":{"rendered":"Zauber der Travestie  - Das Original ...die schr\u00e4g schrille andere Show"},"content":{"rendered":"<section class=\"c-full c-inner c-narrow\" data-c=\"stageteasertext\" data-qa=\"stageteasertext-component\">\n<div class=\"container\">\n<div class=\"external-content no-margin\">\n<div class=\"u-position-relative js-moretext-wrapper\">\n<div class=\"moretext js-moretext expanded\" data-qa=\"readMoreText\">\n<div class=\"moretext-teaser\">\n<h2>Die High-Light Show<\/h2>\n<div class=\"description\">\n<p>Tauchen Sie ein in die Welt der Travestie und lassen Sie sich verzaubern, unterhalten und \u00fcberraschen. Mal heftig, mal mit Herz und das alles ist verpackt in eine Vielfalt von farbenpr\u00e4chtigen Kost\u00fcmen. Ob Mann oder Frau am Ende wissen Sie es nicht genau\u2026.<\/p>\n<\/div>\n<\/div>\n<\/div>\n<\/div>\n<\/div>\n<\/div>\n<\/section>","protected":false},"excerpt":{"rendered":"<p>Secure your tickets!<\/p>","protected":false},"featured_media":65954,"template":"","meta":{"_acf_changed":false,"inline_featured_image":false},"product_brand":[],"product_cat":[6358,31,6359,64,35,6730,21,58],"product_tag":[1620,7011,941,7009,7012,6773,944,958,947,948,7010],"class_list":{"0":"post-65951","1":"product","2":"type-product","3":"status-publish","4":"has-post-thumbnail","6":"product_cat-boehlen","7":"product_cat-events","8":"product_cat-kulturhaus","9":"product_cat-musical-show","10":"product_cat-orte","11":"product_cat-show","12":"product_cat-ticket","13":"product_cat-veranstaltung","14":"product_tag-bohlen","15":"product_tag-das-original-die-schraeg-schrille-andere-show","16":"product_tag-events","17":"product_tag-kulturhaus","18":"product_tag-kulturhaus-boehlen","19":"product_tag-musical-show","20":"product_tag-orte","21":"product_tag-show","22":"product_tag-ticket","23":"product_tag-veranstaltung","24":"product_tag-zauber-der-travestie","25":"product_shipping_class-nur_paketversand","26":"pa_discount-normalpreis","27":"pa_preiskategorie-pk-i","28":"pa_preiskategorie-pk-ii","30":"first","31":"instock","32":"taxable","33":"shipping-taxable","34":"purchasable","35":"product-type-variable"},"group_of_quantity":0,"min_quantity":0,"max_quantity":"","exclude_order_quantity_value_rules":"no","exclude_category_quantity_rules":"no","combine_variations":"no","acf":[],"_links":{"self":[{"href":"https:\/\/arena-ticket.com\/en\/wp-json\/wp\/v2\/product\/65951","targetHints":{"allow":["GET"]}}],"collection":[{"href":"https:\/\/arena-ticket.com\/en\/wp-json\/wp\/v2\/product"}],"about":[{"href":"https:\/\/arena-ticket.com\/en\/wp-json\/wp\/v2\/types\/product"}],"wp:featuredmedia":[{"embeddable":true,"href":"https:\/\/arena-ticket.com\/en\/wp-json\/wp\/v2\/media\/65954"}],"wp:attachment":[{"href":"https:\/\/arena-ticket.com\/en\/wp-json\/wp\/v2\/media?parent=65951"}],"wp:term":[{"taxonomy":"product_brand","embeddable":true,"href":"https:\/\/arena-ticket.com\/en\/wp-json\/wp\/v2\/product_brand?post=65951"},{"taxonomy":"product_cat","embeddable":true,"href":"https:\/\/arena-ticket.com\/en\/wp-json\/wp\/v2\/product_cat?post=65951"},{"taxonomy":"product_tag","embeddable":true,"href":"https:\/\/arena-ticket.com\/en\/wp-json\/wp\/v2\/product_tag?post=65951"}],"curies":[{"name":"wp","href":"https:\/\/api.w.org\/{rel}","templated":true}]}}