{"id":66000,"date":"2026-02-10T12:08:20","date_gmt":"2026-02-10T11:08:20","guid":{"rendered":"https:\/\/arena-ticket.com\/?p=66000&#038;post_type=product&#038;preview_id=66000"},"modified":"2026-02-10T12:43:20","modified_gmt":"2026-02-10T11:43:20","slug":"markkleeberger-puppentheaterfest-froschkoenig-oder-die-gruene-minna-markkleeberg-rathaus-kleiner-lindensaal-08-03-2026-1500-uhr","status":"publish","type":"product","link":"https:\/\/arena-ticket.com\/en\/product\/markkleeberger-puppentheaterfest-froschkoenig-oder-die-gruene-minna-markkleeberg-rathaus-kleiner-lindensaal-08-03-2026-1500-uhr\/","title":{"rendered":"Markkleeberger Puppentheaterfest - Froschk\u00f6nig oder die gr\u00fcne Minna"},"content":{"rendered":"<div><\/div>\n<div><\/div>\n<div>Minna ist G\u00e4rtnerin und ihre Aufgabe ist es, den Park zu pflegen. Doch ihre Leidenschaft und ihre Tr\u00e4ume gelten wundersch\u00f6nen Prinzessinnen, verzauberten Prinzen und deren treuen Dienern. Und deshalb m\u00f6chte sie Euch ihr Lieblingsm\u00e4rchen erz\u00e4hlen: FROSCHK\u00d6NIG. Mit handgeschnitzten Tisch- und Handpuppen, einer h\u00f6lzernen Schubkarre und den Alltagsgegenst\u00e4nden der Protagonistin wird das M\u00e4rchen um den bekannten Wurf ein Vergn\u00fcgen f\u00fcr Jung und Alt.<\/div>","protected":false},"excerpt":{"rendered":"<p>Get your tickets now!<\/p>","protected":false},"featured_media":66003,"template":"","meta":{"_acf_changed":false,"inline_featured_image":false},"product_brand":[],"product_cat":[31,94,4491,922,86,4490,35,347,6767,21,58],"product_tag":[941,7013,978,4789,951,943,4790,4791,4788,944,966,2517,947,948],"class_list":{"0":"post-66000","1":"product","2":"type-product","3":"status-publish","4":"has-post-thumbnail","6":"product_cat-events","7":"product_cat-kinder","8":"product_cat-kleiner-lindensaal","9":"product_cat-kultur","10":"product_cat-leipzig","11":"product_cat-markkleeberg","12":"product_cat-orte","13":"product_cat-parkbuehne-leipzig","14":"product_cat-theater","15":"product_cat-ticket","16":"product_cat-veranstaltung","17":"product_tag-events","18":"product_tag-froschkoenig-oder-die-gruene-minna","19":"product_tag-kinder","20":"product_tag-kleiner-lindensaal","21":"product_tag-kultur","22":"product_tag-leipzig","23":"product_tag-markkleeberg","24":"product_tag-markkleeberger-puppentheaterfest","25":"product_tag-meine-oma-ist-die-beste","26":"product_tag-orte","27":"product_tag-parkbuehne-leipzig","28":"product_tag-theater","29":"product_tag-ticket","30":"product_tag-veranstaltung","31":"product_shipping_class-nur_paketversand","32":"pa_discount-ermaessigt","33":"pa_discount-inklusive-begleitperson","34":"pa_discount-normalpreis","35":"pa_preiskategorie-freie-platzwahl","36":"pa_preiskategorie-rollstuhlfahrer","37":"pa_preiskategorie-stehplatz","39":"first","40":"instock","41":"taxable","42":"shipping-taxable","43":"purchasable","44":"product-type-variable"},"group_of_quantity":0,"min_quantity":0,"max_quantity":"","exclude_order_quantity_value_rules":"no","exclude_category_quantity_rules":"no","combine_variations":"no","acf":[],"_links":{"self":[{"href":"https:\/\/arena-ticket.com\/en\/wp-json\/wp\/v2\/product\/66000","targetHints":{"allow":["GET"]}}],"collection":[{"href":"https:\/\/arena-ticket.com\/en\/wp-json\/wp\/v2\/product"}],"about":[{"href":"https:\/\/arena-ticket.com\/en\/wp-json\/wp\/v2\/types\/product"}],"wp:featuredmedia":[{"embeddable":true,"href":"https:\/\/arena-ticket.com\/en\/wp-json\/wp\/v2\/media\/66003"}],"wp:attachment":[{"href":"https:\/\/arena-ticket.com\/en\/wp-json\/wp\/v2\/media?parent=66000"}],"wp:term":[{"taxonomy":"product_brand","embeddable":true,"href":"https:\/\/arena-ticket.com\/en\/wp-json\/wp\/v2\/product_brand?post=66000"},{"taxonomy":"product_cat","embeddable":true,"href":"https:\/\/arena-ticket.com\/en\/wp-json\/wp\/v2\/product_cat?post=66000"},{"taxonomy":"product_tag","embeddable":true,"href":"https:\/\/arena-ticket.com\/en\/wp-json\/wp\/v2\/product_tag?post=66000"}],"curies":[{"name":"wp","href":"https:\/\/api.w.org\/{rel}","templated":true}]}}