{"id":66006,"date":"2026-02-10T12:17:29","date_gmt":"2026-02-10T11:17:29","guid":{"rendered":"https:\/\/arena-ticket.com\/?p=66006&#038;post_type=product&#038;preview_id=66006"},"modified":"2026-02-26T17:13:22","modified_gmt":"2026-02-26T16:13:22","slug":"markkleeberger-puppentheaterfest-der-wolf-und-die-sieben-geisslein-markkleeberg-rathaus-grosser-lindensaal-07-03-2026-1600-uhr","status":"publish","type":"product","link":"https:\/\/arena-ticket.com\/en\/product\/markkleeberger-puppentheaterfest-der-wolf-und-die-sieben-geisslein-markkleeberg-rathaus-grosser-lindensaal-07-03-2026-1600-uhr\/","title":{"rendered":"Markkleeberger Puppentheaterfest - Der Wolf und die sieben Gei\u00dflein"},"content":{"rendered":"<p><em>Ab 4 Jahre, ca. 50 Min<\/em><\/p>\n<p>&nbsp;<\/p>\n<p>\u201eOch n\u00f6, erz\u00e4hl nicht schon wieder vom b\u00f6sen Wolf\u201c, rufen die Zicklein zur Mutter, als diese ihre Kinder ermahnt: \u201eMacht niemandem die T\u00fcr auf.\u201c Kaum ist die Gei\u00df aus dem Haus, klopft der hungrige Wolf an der T\u00fcr und bittet charmant um Einlass. Die Zicklein \u00fcberlegen: der Wolf soll gef\u00e4hrlich sein, aber wenn einer so nett ist, wird er doch nichts B\u00f6ses im Schilde f\u00fchren. Au\u00dferdem ist es sch\u00f6n gruselig, wenn so ein richtiger Wolf vor der T\u00fcr steht. Doch pl\u00f6tzlich ist der Spa\u00df zu Ende. Die Mutter kommt zur\u00fcck und findet keine Kinder, sondern den schnarchenden Wolf mit einem dicken Bauch. Zum Gl\u00fcck ist es ein M\u00e4rchen und zu guter Letzt tanzt die Ziegenfamilie singend in den Tag hinein.<\/p>\n<p>Ein heiteres Puppenspiel \u00fcber die Macht und Ohnmacht des B\u00f6sen.<\/p>","protected":false},"excerpt":{"rendered":"<p>Get your tickets now!<\/p>","protected":false},"featured_media":66010,"template":"","meta":{"_acf_changed":false,"inline_featured_image":false},"product_brand":[],"product_cat":[31,4794,94,922,4490,35,6767,21,58],"product_tag":[4796,7016,941,4795,978,951,943,4790,4791,944,2517,947,948],"class_list":{"0":"post-66006","1":"product","2":"type-product","3":"status-publish","4":"has-post-thumbnail","6":"product_cat-events","7":"product_cat-grosser-lindensaal","8":"product_cat-kinder","9":"product_cat-kultur","10":"product_cat-markkleeberg","11":"product_cat-orte","12":"product_cat-theater","13":"product_cat-ticket","14":"product_cat-veranstaltung","15":"product_tag-der-kleine-teufel-und-die-pfannkuchen","16":"product_tag-der-wolf-und-die-sieben-geisslein","17":"product_tag-events","18":"product_tag-grosser-lindensaal","19":"product_tag-kinder","20":"product_tag-kultur","21":"product_tag-leipzig","22":"product_tag-markkleeberg","23":"product_tag-markkleeberger-puppentheaterfest","24":"product_tag-orte","25":"product_tag-theater","26":"product_tag-ticket","27":"product_tag-veranstaltung","28":"product_shipping_class-nur_paketversand","29":"pa_discount-ermaessigt","30":"pa_discount-inklusive-begleitperson","31":"pa_discount-normalpreis","32":"pa_preiskategorie-freie-platzwahl","33":"pa_preiskategorie-rollstuhlfahrer","34":"pa_preiskategorie-stehplatz","36":"first","37":"outofstock","38":"taxable","39":"shipping-taxable","40":"purchasable","41":"product-type-variable"},"group_of_quantity":0,"min_quantity":0,"max_quantity":"","exclude_order_quantity_value_rules":"no","exclude_category_quantity_rules":"no","combine_variations":"no","acf":[],"_links":{"self":[{"href":"https:\/\/arena-ticket.com\/en\/wp-json\/wp\/v2\/product\/66006","targetHints":{"allow":["GET"]}}],"collection":[{"href":"https:\/\/arena-ticket.com\/en\/wp-json\/wp\/v2\/product"}],"about":[{"href":"https:\/\/arena-ticket.com\/en\/wp-json\/wp\/v2\/types\/product"}],"wp:featuredmedia":[{"embeddable":true,"href":"https:\/\/arena-ticket.com\/en\/wp-json\/wp\/v2\/media\/66010"}],"wp:attachment":[{"href":"https:\/\/arena-ticket.com\/en\/wp-json\/wp\/v2\/media?parent=66006"}],"wp:term":[{"taxonomy":"product_brand","embeddable":true,"href":"https:\/\/arena-ticket.com\/en\/wp-json\/wp\/v2\/product_brand?post=66006"},{"taxonomy":"product_cat","embeddable":true,"href":"https:\/\/arena-ticket.com\/en\/wp-json\/wp\/v2\/product_cat?post=66006"},{"taxonomy":"product_tag","embeddable":true,"href":"https:\/\/arena-ticket.com\/en\/wp-json\/wp\/v2\/product_tag?post=66006"}],"curies":[{"name":"wp","href":"https:\/\/api.w.org\/{rel}","templated":true}]}}