{"id":66044,"date":"2026-02-10T12:35:08","date_gmt":"2026-02-10T11:35:08","guid":{"rendered":"https:\/\/arena-ticket.com\/?p=66044&#038;post_type=product&#038;preview_id=66044"},"modified":"2026-02-10T14:47:00","modified_gmt":"2026-02-10T13:47:00","slug":"markkleeberger-puppentheaterfest-siehste-szenen-einer-ehe-von-loriot-markkleeberg-rathaus-grosser-lindensaal-07-03-2026-2000-uhr","status":"publish","type":"product","link":"https:\/\/arena-ticket.com\/en\/product\/markkleeberger-puppentheaterfest-siehste-szenen-einer-ehe-von-loriot-markkleeberg-rathaus-grosser-lindensaal-07-03-2026-2000-uhr\/","title":{"rendered":"Markkleeberger Puppentheaterfest - Siehste... Szenen einer Ehe von Loriot"},"content":{"rendered":"<p>- Veranstaltung f\u00fcr Erwachsene -<\/p>\n<p>&nbsp;<\/p>\n<p><em>ca. 90 Min. inkl. Pause<\/em><\/p>\n<p>&nbsp;<\/p>\n<p>Ein Schauspiel mit 12 Puppen und einer Psychologin<br \/>\nRegie: Dirk Baum<br \/>\nIdee\/Spiel: Ute Kotte<br \/>\nPyrotechnik: Frank Kotte<br \/>\nKost\u00fcm Puppen: Anke Lenz<\/p>\n<p>&nbsp;<\/p>\n<p>Das Theater Maskotte wagst es erstmalig, die einmaligen Figuren und Texte aus Loriots Szenen einer Ehe mit Mitteln des Puppenspiels (Handpuppenspiel) auf die B\u00fchne zu bringen. Psychologin Edelgard Greulich (Ute Kotte\/ schauspielerische Rahmenhandlung) f\u00fchrt das Publikum durch die Szenen einer Ehe und gibt den Zuschauern \u201eAnleitungen\u201c, wie Eheprobleme im Alltag bew\u00e4ltigt werden k\u00f6nnen. Sechs Szenen, wie: Das Ei, Der Feierabend, Die Eheberatung u.a. lassen das Publikum einen unterhaltsamen und vergn\u00fcglichen Abend erleben!<\/p>","protected":false},"excerpt":{"rendered":"<p>Get your tickets now!<\/p>","protected":false},"featured_media":66047,"template":"","meta":{"_acf_changed":false,"inline_featured_image":false},"product_brand":[],"product_cat":[31,4794,94,922,4490,35,6767,21,58],"product_tag":[7016,941,4795,978,951,943,4790,4791,944,7018,2517,947,948],"class_list":{"0":"post-66044","1":"product","2":"type-product","3":"status-publish","4":"has-post-thumbnail","6":"product_cat-events","7":"product_cat-grosser-lindensaal","8":"product_cat-kinder","9":"product_cat-kultur","10":"product_cat-markkleeberg","11":"product_cat-orte","12":"product_cat-theater","13":"product_cat-ticket","14":"product_cat-veranstaltung","15":"product_tag-der-wolf-und-die-sieben-geisslein","16":"product_tag-events","17":"product_tag-grosser-lindensaal","18":"product_tag-kinder","19":"product_tag-kultur","20":"product_tag-leipzig","21":"product_tag-markkleeberg","22":"product_tag-markkleeberger-puppentheaterfest","23":"product_tag-orte","24":"product_tag-siehste-szenen-einer-ehe-von-loriot","25":"product_tag-theater","26":"product_tag-ticket","27":"product_tag-veranstaltung","28":"product_shipping_class-nur_paketversand","29":"pa_discount-ermaessigt","30":"pa_discount-inklusive-begleitperson","31":"pa_discount-normalpreis","32":"pa_preiskategorie-freie-platzwahl","33":"pa_preiskategorie-rollstuhlfahrer","34":"pa_preiskategorie-stehplatz","36":"first","37":"instock","38":"taxable","39":"shipping-taxable","40":"purchasable","41":"product-type-variable"},"group_of_quantity":0,"min_quantity":0,"max_quantity":"","exclude_order_quantity_value_rules":"no","exclude_category_quantity_rules":"no","combine_variations":"no","acf":[],"_links":{"self":[{"href":"https:\/\/arena-ticket.com\/en\/wp-json\/wp\/v2\/product\/66044","targetHints":{"allow":["GET"]}}],"collection":[{"href":"https:\/\/arena-ticket.com\/en\/wp-json\/wp\/v2\/product"}],"about":[{"href":"https:\/\/arena-ticket.com\/en\/wp-json\/wp\/v2\/types\/product"}],"wp:featuredmedia":[{"embeddable":true,"href":"https:\/\/arena-ticket.com\/en\/wp-json\/wp\/v2\/media\/66047"}],"wp:attachment":[{"href":"https:\/\/arena-ticket.com\/en\/wp-json\/wp\/v2\/media?parent=66044"}],"wp:term":[{"taxonomy":"product_brand","embeddable":true,"href":"https:\/\/arena-ticket.com\/en\/wp-json\/wp\/v2\/product_brand?post=66044"},{"taxonomy":"product_cat","embeddable":true,"href":"https:\/\/arena-ticket.com\/en\/wp-json\/wp\/v2\/product_cat?post=66044"},{"taxonomy":"product_tag","embeddable":true,"href":"https:\/\/arena-ticket.com\/en\/wp-json\/wp\/v2\/product_tag?post=66044"}],"curies":[{"name":"wp","href":"https:\/\/api.w.org\/{rel}","templated":true}]}}