{"id":66067,"date":"2026-02-10T12:46:43","date_gmt":"2026-02-10T11:46:43","guid":{"rendered":"https:\/\/arena-ticket.com\/?p=66067&#038;post_type=product&#038;preview_id=66067"},"modified":"2026-02-10T13:18:05","modified_gmt":"2026-02-10T12:18:05","slug":"yamato-the-drummers-of-japan-oper-leipzig-03-07-2026-1930-uhr","status":"publish","type":"product","link":"https:\/\/arena-ticket.com\/en\/product\/yamato-the-drummers-of-japan-oper-leipzig-03-07-2026-1930-uhr\/","title":{"rendered":"Yamato  - The Drummers Of Japan"},"content":{"rendered":"<p>Sp\u00fcre den Puls Japans<br \/>\nYAMATO \u2013 The Drummers of Japan bringen mit Hito no Chikara \u2013 \u201eDie Kraft der menschlichen St\u00e4rke\u201c \u2013 ihre gefeierte Show erneut nach Deutschland. Seit \u00fcber 30 Jahren begeistert das Ensemble weltweit sein Publikum: Mit ihrer unverwechselbaren Mischung aus kraftvollen Taiko-Rhythmen, moderner B\u00fchnenenergie und humorvoller Leichtigkeit entsteht ein Erlebnis, das Menschen jeden Alters verbindet. Bei mehr als 4.500 Auftritten in 54 L\u00e4ndern haben sich die Taiko-Virtuosen bereits in die Herzen von \u00fcber 8 Millionen Menschen gespielt. YAMATO tritt dabei nicht nur f\u00fcr das Publikum auf, sondern mit ihm \u2013 ein gemeinschaftlicher, emotionaler Moment, der den Puls Japans unmittelbar sp\u00fcrbar macht.<\/p>\n<p>Kraftvolle Rhythmen. Bewegende Momente. Unvergessliche Energie.<br \/>\nIm Zentrum von Hito no Chikara \u2013 die Macht der menschlichen St\u00e4rke steht die besondere Balance zwischen kultureller Authentizit\u00e4t und mitrei\u00dfender Performance, die YAMATO so einzigartig macht. Die Show vereint kraftvolle Rhythmen, pr\u00e4zise Bewegung und den unverwechselbaren Humor des Ensembles zu einer intensiven, energiegeladenen Erfahrung. Auf der B\u00fchne stehen K\u00fcnstlerinnen und K\u00fcnstler gemeinsam, wodurch Taiko als vielseitige, k\u00f6rperliche und zutiefst menschliche Ausdrucksform sichtbar wird. Das Publikum erlebt eine wortlose Verbindung aus Rhythmus, Emotion und gemeinsamer Energie, die lange nachklingt. Eine Show, die Generationen zusammenf\u00fchrt, Japan-Fans begeistert und ebenso Menschen anspricht, die sich f\u00fcr Tanz, Fitness, Kampfk\u00fcnste oder spirituelle Erlebnisse interessieren. Ein kulturelles, emotionales und k\u00f6rperliches Erlebnis \u2013 weit mehr als Musik.<br \/>\n__________________________________________________________________________________________________________________________________________________________________________________<\/p>\n<p>Dauer: 2 Stunden inkl. 20 Minuten Pause<br \/>\nKinder\/Jugendl. bis einschl. 14 Jahre erhalten ca. 50% Erm\u00e4\u00dfigung.<br \/>\nPersonen mit Behinderung ab GdB70 und die eingetragene Begleitpersonen erhalten jeweils ca. 50% Erm\u00e4\u00dfigung.<\/p>","protected":false},"excerpt":{"rendered":"<p>YAMATO \u2013 The Drummers of Japan live mit der Show \"Hito no Chikara \u2013 Die Macht der menschlichen St\u00e4rke\"!<\/p>","protected":false},"featured_media":65996,"template":"","meta":{"_acf_changed":false,"inline_featured_image":false},"product_brand":[],"product_cat":[31,86,346,35,6730,21,58],"product_tag":[941,943,961,944,958,7015,947,948,7014],"class_list":{"0":"post-66067","1":"product","2":"type-product","3":"status-publish","4":"has-post-thumbnail","6":"product_cat-events","7":"product_cat-leipzig","8":"product_cat-oper-leipzig","9":"product_cat-orte","10":"product_cat-show","11":"product_cat-ticket","12":"product_cat-veranstaltung","13":"product_tag-events","14":"product_tag-leipzig","15":"product_tag-oper-leipzig","16":"product_tag-orte","17":"product_tag-show","18":"product_tag-the-drummers-of-japan","19":"product_tag-ticket","20":"product_tag-veranstaltung","21":"product_tag-yamato","22":"product_shipping_class-nur_paketversand","23":"pa_discount-begleitperson-schwerbeschaedigte","24":"pa_discount-kind-bis-14-jahre","25":"pa_discount-normalpreis","26":"pa_discount-schwerbeschaedigt","27":"pa_preiskategorie-pk-i","28":"pa_preiskategorie-pk-ii","29":"pa_preiskategorie-pk-iii","30":"pa_preiskategorie-pk-iv","31":"pa_preiskategorie-pk-v","33":"first","34":"instock","35":"taxable","36":"shipping-taxable","37":"purchasable","38":"product-type-variable"},"group_of_quantity":0,"min_quantity":0,"max_quantity":"","exclude_order_quantity_value_rules":"no","exclude_category_quantity_rules":"no","combine_variations":"no","acf":[],"_links":{"self":[{"href":"https:\/\/arena-ticket.com\/en\/wp-json\/wp\/v2\/product\/66067","targetHints":{"allow":["GET"]}}],"collection":[{"href":"https:\/\/arena-ticket.com\/en\/wp-json\/wp\/v2\/product"}],"about":[{"href":"https:\/\/arena-ticket.com\/en\/wp-json\/wp\/v2\/types\/product"}],"wp:featuredmedia":[{"embeddable":true,"href":"https:\/\/arena-ticket.com\/en\/wp-json\/wp\/v2\/media\/65996"}],"wp:attachment":[{"href":"https:\/\/arena-ticket.com\/en\/wp-json\/wp\/v2\/media?parent=66067"}],"wp:term":[{"taxonomy":"product_brand","embeddable":true,"href":"https:\/\/arena-ticket.com\/en\/wp-json\/wp\/v2\/product_brand?post=66067"},{"taxonomy":"product_cat","embeddable":true,"href":"https:\/\/arena-ticket.com\/en\/wp-json\/wp\/v2\/product_cat?post=66067"},{"taxonomy":"product_tag","embeddable":true,"href":"https:\/\/arena-ticket.com\/en\/wp-json\/wp\/v2\/product_tag?post=66067"}],"curies":[{"name":"wp","href":"https:\/\/api.w.org\/{rel}","templated":true}]}}