{"id":66169,"date":"2026-02-10T13:14:40","date_gmt":"2026-02-10T12:14:40","guid":{"rendered":"https:\/\/arena-ticket.com\/?p=66169&#038;post_type=product&#038;preview_id=66169"},"modified":"2026-02-27T17:11:42","modified_gmt":"2026-02-27T16:11:42","slug":"schwerelos-moderne-artistik-krystallpalast-variete-leipzig-29-03-2026-1800-uhr","status":"publish","type":"product","link":"https:\/\/arena-ticket.com\/en\/product\/schwerelos-moderne-artistik-krystallpalast-variete-leipzig-29-03-2026-1800-uhr\/","title":{"rendered":"Schwerelos  - Moderne Artistik"},"content":{"rendered":"<p><em>Admission: 1 hour before show start<\/em><\/p>\n<p><em>Students, pensioners and severely disabled people are entitled to discounts<\/em><\/p>\n<p>&nbsp;<\/p>\n<p>&nbsp;<\/p>\n<div class=\"header text-block__header\" data-ce=\"header\">\n<div class=\"header text-block__header\" data-ce=\"header\">\n<p class=\"header__title\">Preisgekr\u00f6nte Artistinnen und Artisten<\/p>\n<\/div>\n<div class=\"text-block__inner\">\n<div class=\"text-block-text\">\n<p><span class=\"text-size-l\">Ein Ereignis, das selbst erfahrene Variet\u00e9-Fans verbl\u00fcfft: Zehn preisgekr\u00f6nte K\u00fcnstlerinnen und K\u00fcnstler pr\u00e4sentieren ihre mutigsten, originellsten Ideen in einer nie dagewesenen Dichte. Hier trifft z\u00e4rtlicher Tanz mit einem Roboter auf schr\u00e4g-geniale Mast-Akrobatik, w\u00e4hrend woanders Requisiten mitten in der Nummer in ihre Einzelteile zerfallen \u2013 und ebenso kunstvoll wieder zusammengesetzt werden. Jede Darbietung \u00fcberrascht, jeder Act spr\u00fcht vor Kreativit\u00e4t im st\u00e4ndigen Kampf mit der Schwerkraft. International ausgezeichnet von Paris \u00fcber Monte-Carlo bis TV-Wettbewerben, vereinen diese Ausnahmetalente h\u00f6chste Virtuosit\u00e4t mit ungebremster Fantasie. Ein unwiderstehliches Must-See f\u00fcr alle, die glauben, schon alles gesehen zu haben.<\/span><\/p>\n<\/div>\n<\/div>\n<\/div>","protected":false},"excerpt":{"rendered":"<p>Schwerelos - Moderne Artistik - jetzt schon Tickets f\u00fcr die neue Show sichern!<\/p>","protected":false},"featured_media":65867,"template":"","meta":{"_acf_changed":false,"inline_featured_image":false},"product_brand":[],"product_cat":[31,427,922,86,64,35,6730,21,58],"product_tag":[941,2740,3023,951,943,7008,6773,944,7007,958,947,948],"class_list":{"0":"post-66169","1":"product","2":"type-product","3":"status-publish","4":"has-post-thumbnail","6":"product_cat-events","7":"product_cat-krystallpalast-variete","8":"product_cat-kultur","9":"product_cat-leipzig","10":"product_cat-musical-show","11":"product_cat-orte","12":"product_cat-show","13":"product_cat-ticket","14":"product_cat-veranstaltung","15":"product_tag-events","16":"product_tag-krystallpalast","17":"product_tag-krystallpalast-variete","18":"product_tag-kultur","19":"product_tag-leipzig","20":"product_tag-moderne-artistik","21":"product_tag-musical-show","22":"product_tag-orte","23":"product_tag-schwerelos","24":"product_tag-show","25":"product_tag-ticket","26":"product_tag-veranstaltung","27":"product_shipping_class-nur_paketversand","28":"pa_discount-ermaessigt","29":"pa_discount-kind-bis-14-jahre","30":"pa_discount-normalpreis","31":"pa_preiskategorie-pk-i","32":"pa_preiskategorie-pk-ii","33":"pa_preiskategorie-premium-sitzplatz","35":"first","36":"outofstock","37":"taxable","38":"shipping-taxable","39":"purchasable","40":"product-type-variable"},"group_of_quantity":0,"min_quantity":0,"max_quantity":"","exclude_order_quantity_value_rules":"no","exclude_category_quantity_rules":"no","combine_variations":"no","acf":[],"_links":{"self":[{"href":"https:\/\/arena-ticket.com\/en\/wp-json\/wp\/v2\/product\/66169","targetHints":{"allow":["GET"]}}],"collection":[{"href":"https:\/\/arena-ticket.com\/en\/wp-json\/wp\/v2\/product"}],"about":[{"href":"https:\/\/arena-ticket.com\/en\/wp-json\/wp\/v2\/types\/product"}],"wp:featuredmedia":[{"embeddable":true,"href":"https:\/\/arena-ticket.com\/en\/wp-json\/wp\/v2\/media\/65867"}],"wp:attachment":[{"href":"https:\/\/arena-ticket.com\/en\/wp-json\/wp\/v2\/media?parent=66169"}],"wp:term":[{"taxonomy":"product_brand","embeddable":true,"href":"https:\/\/arena-ticket.com\/en\/wp-json\/wp\/v2\/product_brand?post=66169"},{"taxonomy":"product_cat","embeddable":true,"href":"https:\/\/arena-ticket.com\/en\/wp-json\/wp\/v2\/product_cat?post=66169"},{"taxonomy":"product_tag","embeddable":true,"href":"https:\/\/arena-ticket.com\/en\/wp-json\/wp\/v2\/product_tag?post=66169"}],"curies":[{"name":"wp","href":"https:\/\/api.w.org\/{rel}","templated":true}]}}