{"id":66224,"date":"2026-02-10T15:20:47","date_gmt":"2026-02-10T14:20:47","guid":{"rendered":"https:\/\/arena-ticket.com\/?p=66224&#038;post_type=product&#038;preview_id=66224"},"modified":"2026-02-27T10:54:55","modified_gmt":"2026-02-27T09:54:55","slug":"wladimir-kaminer-die-kaminer-show-2027-halle-steintor-variete-20-01-2027-1930-uhr-kopie","status":"publish","type":"product","link":"https:\/\/arena-ticket.com\/en\/product\/wladimir-kaminer-die-kaminer-show-2027-halle-steintor-variete-20-01-2027-1930-uhr-kopie\/","title":{"rendered":"Wladimir Kaminer - Die Kaminer Show 2027"},"content":{"rendered":"<p>Wladimir Kaminer geh\u00f6rt nicht nur zu den erfolgreichsten deutschen Autoren, sondern garantiert auch zu den flei\u00dfigsten. Mehrere Millionen B\u00fccher hat der Bestsellerautor seit dem Jahr 2000 verkauft. Dazu kommt eine erstaunliche Medienpr\u00e4senz: Zwischen Kinoleinwand, B\u00fccherregal und heimischen Flimmerkisten steht der Schriftsteller regelm\u00e4\u00dfig auf deutschen B\u00fchnen. Als wahrer Entertainer gelingt ihm der Spagat zwischen urkomischen Situationen und Gesellschaftskritik immer wieder aufs Neue.<br \/>\nWer regelm\u00e4\u00dfig zu Lesungen von Wladimir Kaminer geht, wei\u00df um die unkonventionelle Frische dieser Veranstaltungen: Es geht querfeldein durch den kunterbunten und farbenfrohen literarischen Garten. Nicht selten pr\u00e4sentiert der Autor spontan Geschichten, die nur wenige Stunden alt sind. Kaminer holt seine G\u00e4ste mit detaillierten Situationsbeschreibungen, viel Charme und intelligentem Humor ab und nimmt sie mit auf eine Reise. Der Ausgang ist stets ungewiss, niemals vorhersehbar, aber immer einzigartig.<\/p>","protected":false},"excerpt":{"rendered":"<p>Get your tickets here now!<\/p>","protected":false},"featured_media":66227,"template":"","meta":{"_acf_changed":false,"inline_featured_image":false},"product_brand":[],"product_cat":[31,102,922,6764,35,496,58],"product_tag":[7022,941,999,951,1691,944,2788,948,5535],"class_list":{"0":"post-66224","1":"product","2":"type-product","3":"status-publish","4":"has-post-thumbnail","6":"product_cat-events","7":"product_cat-halle","8":"product_cat-kultur","9":"product_cat-lesung","10":"product_cat-orte","11":"product_cat-steintor-variete","12":"product_cat-veranstaltung","13":"product_tag-die-kaminer-show-2027","14":"product_tag-events","15":"product_tag-halle","16":"product_tag-kultur","17":"product_tag-lesung","18":"product_tag-orte","19":"product_tag-steintor-variete","20":"product_tag-veranstaltung","21":"product_tag-wladimir-kaminer","22":"product_shipping_class-nur_paketversand","23":"pa_discount-kind","24":"pa_discount-leipzig-pass-inhaber","25":"pa_discount-normalpreis","26":"pa_discount-schueler-student","27":"pa_preiskategorie-freie-platzwahl","28":"pa_preiskategorie-pk-i","30":"first","31":"instock","32":"taxable","33":"shipping-taxable","34":"purchasable","35":"product-type-variable"},"group_of_quantity":0,"min_quantity":0,"max_quantity":"","exclude_order_quantity_value_rules":"no","exclude_category_quantity_rules":"no","combine_variations":"no","acf":[],"_links":{"self":[{"href":"https:\/\/arena-ticket.com\/en\/wp-json\/wp\/v2\/product\/66224","targetHints":{"allow":["GET"]}}],"collection":[{"href":"https:\/\/arena-ticket.com\/en\/wp-json\/wp\/v2\/product"}],"about":[{"href":"https:\/\/arena-ticket.com\/en\/wp-json\/wp\/v2\/types\/product"}],"wp:featuredmedia":[{"embeddable":true,"href":"https:\/\/arena-ticket.com\/en\/wp-json\/wp\/v2\/media\/66227"}],"wp:attachment":[{"href":"https:\/\/arena-ticket.com\/en\/wp-json\/wp\/v2\/media?parent=66224"}],"wp:term":[{"taxonomy":"product_brand","embeddable":true,"href":"https:\/\/arena-ticket.com\/en\/wp-json\/wp\/v2\/product_brand?post=66224"},{"taxonomy":"product_cat","embeddable":true,"href":"https:\/\/arena-ticket.com\/en\/wp-json\/wp\/v2\/product_cat?post=66224"},{"taxonomy":"product_tag","embeddable":true,"href":"https:\/\/arena-ticket.com\/en\/wp-json\/wp\/v2\/product_tag?post=66224"}],"curies":[{"name":"wp","href":"https:\/\/api.w.org\/{rel}","templated":true}]}}