{"id":66262,"date":"2026-02-10T18:43:01","date_gmt":"2026-02-10T17:43:01","guid":{"rendered":"https:\/\/arena-ticket.com\/?p=66262&#038;post_type=product&#038;preview_id=66262"},"modified":"2026-02-10T18:56:29","modified_gmt":"2026-02-10T17:56:29","slug":"christin-stark-lichtspiel-tour-2026-boehlen-kulturhaus-boehlen-21-05-2026-1930-uhr","status":"publish","type":"product","link":"https:\/\/arena-ticket.com\/en\/product\/christin-stark-lichtspiel-tour-2026-boehlen-kulturhaus-boehlen-21-05-2026-1930-uhr\/","title":{"rendered":"Christin Stark  -  \"Lichtspiel\"-Tour 2026"},"content":{"rendered":"<section class=\"c-full c-inner c-narrow\" data-c=\"stageteasertext\" data-qa=\"stageteasertext-component\">\n<div class=\"container\">\n<div class=\"external-content no-margin\">\n<div class=\"u-position-relative js-moretext-wrapper\">\n<div class=\"moretext js-moretext expanded\" data-qa=\"readMoreText\">\n<div class=\"moretext-teaser\">\n<p>Mit ihrem f\u00fcnften Studioalbum \u201eLichtspiel\u201c \u00f6ffnet Christin Stark ihr Herz wie nie zuvor \u2013 ehrlich, nahbar und voller Emotionen. Zw\u00f6lf Songs wie zw\u00f6lf Filmszenen, in denen Licht und Schatten, St\u00e4rke und Verletzlichkeit, Tr\u00e4ume und Wahrheiten aufeinandertreffen. Mal leise und ber\u00fchrend, mal kraftvoll und energiegeladen, immer authentisch \u2013 so pr\u00e4sentiert sich die Ausnahmek\u00fcnstlerin nun live auf gro\u00dfer B\u00fchne.<\/p>\n<p>Die \u201eLichtspiel\u201c-Tour 2026 verspricht ein Konzerterlebnis, das unter die Haut geht: Eine Show voller G\u00e4nsehautmomente, musikalischer Vielfalt und einer Stimme, die mitten ins Herz trifft. Christin Stark l\u00e4dt ihr Publikum ein, gemeinsam zu lachen, zu tr\u00e4umen, innezuhalten \u2013 und die Magie der Musik als strahlendes Lichtspiel zu erleben.<\/p>\n<\/div>\n<\/div>\n<\/div>\n<\/div>\n<\/div>\n<\/section>","protected":false},"excerpt":{"rendered":"<p>Secure your tickets!<\/p>","protected":false},"featured_media":66265,"template":"","meta":{"_acf_changed":false,"inline_featured_image":false},"product_brand":[],"product_cat":[6358,31,69,6359,35,6734,21,58],"product_tag":[7026,1620,7025,941,942,7009,7012,944,2568,947,948],"class_list":{"0":"post-66262","1":"product","2":"type-product","3":"status-publish","4":"has-post-thumbnail","6":"product_cat-boehlen","7":"product_cat-events","8":"product_cat-konzert","9":"product_cat-kulturhaus","10":"product_cat-orte","11":"product_cat-schlager","12":"product_cat-ticket","13":"product_cat-veranstaltung","14":"product_tag-lichtspiel-tour-2026","15":"product_tag-bohlen","16":"product_tag-christin-stark","17":"product_tag-events","18":"product_tag-konzert","19":"product_tag-kulturhaus","20":"product_tag-kulturhaus-boehlen","21":"product_tag-orte","22":"product_tag-schlager","23":"product_tag-ticket","24":"product_tag-veranstaltung","25":"product_shipping_class-nur_paketversand","26":"pa_discount-normalpreis","27":"pa_preiskategorie-pk-i","28":"pa_preiskategorie-pk-ii","29":"pa_preiskategorie-pk-iii","31":"first","32":"instock","33":"taxable","34":"shipping-taxable","35":"purchasable","36":"product-type-variable"},"group_of_quantity":0,"min_quantity":0,"max_quantity":"","exclude_order_quantity_value_rules":"no","exclude_category_quantity_rules":"no","combine_variations":"no","acf":[],"_links":{"self":[{"href":"https:\/\/arena-ticket.com\/en\/wp-json\/wp\/v2\/product\/66262","targetHints":{"allow":["GET"]}}],"collection":[{"href":"https:\/\/arena-ticket.com\/en\/wp-json\/wp\/v2\/product"}],"about":[{"href":"https:\/\/arena-ticket.com\/en\/wp-json\/wp\/v2\/types\/product"}],"wp:featuredmedia":[{"embeddable":true,"href":"https:\/\/arena-ticket.com\/en\/wp-json\/wp\/v2\/media\/66265"}],"wp:attachment":[{"href":"https:\/\/arena-ticket.com\/en\/wp-json\/wp\/v2\/media?parent=66262"}],"wp:term":[{"taxonomy":"product_brand","embeddable":true,"href":"https:\/\/arena-ticket.com\/en\/wp-json\/wp\/v2\/product_brand?post=66262"},{"taxonomy":"product_cat","embeddable":true,"href":"https:\/\/arena-ticket.com\/en\/wp-json\/wp\/v2\/product_cat?post=66262"},{"taxonomy":"product_tag","embeddable":true,"href":"https:\/\/arena-ticket.com\/en\/wp-json\/wp\/v2\/product_tag?post=66262"}],"curies":[{"name":"wp","href":"https:\/\/api.w.org\/{rel}","templated":true}]}}