{"id":66281,"date":"2026-02-11T11:05:56","date_gmt":"2026-02-11T10:05:56","guid":{"rendered":"https:\/\/arena-ticket.com\/?p=66281&#038;post_type=product&#038;preview_id=66281"},"modified":"2026-02-11T11:28:03","modified_gmt":"2026-02-11T10:28:03","slug":"yakari-freunde-fuers-leben-zwickau-konzert-und-ballhaus-neue-welt-22-11-2026-1600-uhr","status":"publish","type":"product","link":"https:\/\/arena-ticket.com\/en\/product\/yakari-freunde-fuers-leben-zwickau-konzert-und-ballhaus-neue-welt-22-11-2026-1600-uhr\/","title":{"rendered":"Yakari - Freunde f\u00fcrs Leben"},"content":{"rendered":"<p>Das mitrei\u00dfende und zweifach mit Sold Out Awards ausgezeichnete Familienmusical \"YAKARI \u2013 Freunde f\u00fcrs Leben\" setzt seine Erfolgsgeschichte fort und geht ab 2026 erneut auf gro\u00dfe Deutschlandtournee! Wenn Yakari die B\u00fchne betritt, gibt es im Publikum kein Halten mehr! Komponist und Autor Thomas Schwab hat mit \"YAKARI \u2013 Freunde f\u00fcrs Leben\" eine Show geschaffen, die die Herzen der Zuschauer im Sturm erobert. Mehr als 180.000 begeisterte Besucher str\u00f6mten bereits in die ausverkauften Hallen und Theater, um die spannenden Abenteuer des naturverbundenen Helden und seiner Freunde Kleiner Donner, Kleiner Dachs, M\u00fcder Krieger, Regenbogen und Lindenbaum mitzuerleben. Das Ensemble begeistert die kleinen und gro\u00dfen Zuschauer mit wunderbaren Stimmen, einzigartigen Kost\u00fcmen sowie lustigen Schauspiel-Szenen und energiegeladenen T\u00e4nzen. Die farbenpr\u00e4chtigen B\u00fchnenbilder und Projektionen sowie die ergreifenden Songs machen das Musical zu einem fantastischen Erlebnis f\u00fcr die ganze Familie. YAKARI nimmt Kinder, Eltern und Gro\u00dfeltern mit auf eine spannende und faszinierende musikalische Reise \u00fcber Mut, Respekt und Freundschaft \u2013 zum Staunen, Lachen und Mitmachen.<\/p>","protected":false},"excerpt":{"rendered":"<p class=\"introtext\">YAKARI \u2013 Freunde f\u00fcrs Leben: Das mehrfach ausgezeichnete Musical-Abenteuer geht 2026 weiter! Jetzt Tickets sichern!<\/p>","protected":false},"featured_media":66286,"template":"","meta":{"_acf_changed":false,"inline_featured_image":false},"product_brand":[],"product_cat":[31,94,5721,922,35,21,58,4432],"product_tag":[941,7029,978,7030,951,3486,944,947,948,7028,4440],"class_list":{"0":"post-66281","1":"product","2":"type-product","3":"status-publish","4":"has-post-thumbnail","6":"product_cat-events","7":"product_cat-kinder","8":"product_cat-konzert-und-ballhaus-neue-welt","9":"product_cat-kultur","10":"product_cat-orte","11":"product_cat-ticket","12":"product_cat-veranstaltung","13":"product_cat-zwickau","14":"product_tag-events","15":"product_tag-freunde-fuers-leben","16":"product_tag-kinder","17":"product_tag-konzert-und-ballhaus-neue-welt","18":"product_tag-kultur","19":"product_tag-nuhr-auf-tour","20":"product_tag-orte","21":"product_tag-ticket","22":"product_tag-veranstaltung","23":"product_tag-yakari","24":"product_tag-zwickau","25":"product_shipping_class-nur_paketversand","26":"pa_discount-kind","27":"pa_discount-normalpreis","28":"pa_preiskategorie-pk-i","29":"pa_preiskategorie-pk-ii","30":"pa_preiskategorie-pk-iii","31":"pa_preiskategorie-pk-iv","32":"pa_preiskategorie-pk-v","34":"first","35":"instock","36":"taxable","37":"shipping-taxable","38":"purchasable","39":"product-type-variable","40":"has-default-attributes"},"group_of_quantity":0,"min_quantity":0,"max_quantity":"","exclude_order_quantity_value_rules":"no","exclude_category_quantity_rules":"no","combine_variations":"no","acf":[],"_links":{"self":[{"href":"https:\/\/arena-ticket.com\/en\/wp-json\/wp\/v2\/product\/66281","targetHints":{"allow":["GET"]}}],"collection":[{"href":"https:\/\/arena-ticket.com\/en\/wp-json\/wp\/v2\/product"}],"about":[{"href":"https:\/\/arena-ticket.com\/en\/wp-json\/wp\/v2\/types\/product"}],"wp:featuredmedia":[{"embeddable":true,"href":"https:\/\/arena-ticket.com\/en\/wp-json\/wp\/v2\/media\/66286"}],"wp:attachment":[{"href":"https:\/\/arena-ticket.com\/en\/wp-json\/wp\/v2\/media?parent=66281"}],"wp:term":[{"taxonomy":"product_brand","embeddable":true,"href":"https:\/\/arena-ticket.com\/en\/wp-json\/wp\/v2\/product_brand?post=66281"},{"taxonomy":"product_cat","embeddable":true,"href":"https:\/\/arena-ticket.com\/en\/wp-json\/wp\/v2\/product_cat?post=66281"},{"taxonomy":"product_tag","embeddable":true,"href":"https:\/\/arena-ticket.com\/en\/wp-json\/wp\/v2\/product_tag?post=66281"}],"curies":[{"name":"wp","href":"https:\/\/api.w.org\/{rel}","templated":true}]}}