{"id":66301,"date":"2026-02-11T13:30:46","date_gmt":"2026-02-11T12:30:46","guid":{"rendered":"https:\/\/arena-ticket.com\/?p=66301&#038;post_type=product&#038;preview_id=66301"},"modified":"2026-03-05T09:36:51","modified_gmt":"2026-03-05T08:36:51","slug":"juergen-von-der-lippe-sextextsextett-comedy-lesung-leipzig-haus-leipzig-20-01-2027-2000-uhr","status":"publish","type":"product","link":"https:\/\/arena-ticket.com\/en\/product\/juergen-von-der-lippe-sextextsextett-comedy-lesung-leipzig-haus-leipzig-20-01-2027-2000-uhr\/","title":{"rendered":"J\u00fcrgen von der Lippe - Sextextsextett"},"content":{"rendered":"<p>J\u00fcrgen von der Lippe, Jahrgang 1948, ist seit Jahrzehnten als erfolgreicher Meister humoristischer Feinarbeit und Moderator auf B\u00fchnen und im Fernsehen unterwegs. Er lebt in Berlin und ist unter anderem Tr\u00e4ger des Bambi, des Grimme-Preises und der Goldenen Kamera. Seine letzten B\u00fccher \u00abBeim Dehnen singe ich Balladen\u00bb, \u00abDer K\u00f6nig der Tiere\u00bb, \u00abNudel im Wind\u00bb und \u00abSex ist wie Mehl\u00bb standen wochenlang auf der Bestsellerliste.<\/p>\n<p>&nbsp;<\/p>\n<p>Wie bei allen vorherigen 15 B\u00fcchern werden die Fans ihren Spa\u00df haben und die Nichtfans die zahlreichen sprachlichen Finessen, interessanten Fakten, geistreichen Apercus \u00fcbersehen, ob absichtlich oder aufgrund kognitiver Schw\u00e4che, und sich \u00fcber die genitalreferentiellen Stellen entr\u00fcsten.<\/p>\n<p>Dazu bemerkte schon Goethe:<br \/>\nEin jeder h\u00f6rt nur das, was er versteht.<br \/>\nAnsonsten halte ich es mit Schopenhauer:<br \/>\nWollust im Akt der Kopulation. Das ist es.<br \/>\nDas ist das wahre Wesen und der Kern aller Dinge, das Ziel und Zweck alles Daseyns.<\/p>\n<p>Das ist der universelle menschliche Zustand: Wollen, vor\u00fcbergehende Befriedigung, Langeweile, weiteres Wollen. Die Genitalien sind der eigentliche Brennpunkt des Willens.<\/p>","protected":false},"excerpt":{"rendered":"<p>Get your tickets here now!<\/p>","protected":false},"featured_media":66307,"template":"","meta":{"_acf_changed":false,"inline_featured_image":false},"product_brand":[],"product_cat":[6725,31,349,95,86,35,21,58],"product_tag":[954,941,955,6774,7031,943,944,1823,947,948],"class_list":{"0":"post-66301","1":"product","2":"type-product","3":"status-publish","4":"has-post-thumbnail","6":"product_cat-comedy","7":"product_cat-events","8":"product_cat-haus-leipzig","9":"product_cat-humor","10":"product_cat-leipzig","11":"product_cat-orte","12":"product_cat-ticket","13":"product_cat-veranstaltung","14":"product_tag-comedy","15":"product_tag-events","16":"product_tag-haus-leipzig","17":"product_tag-humor","18":"product_tag-juergen-von-der-lippe","19":"product_tag-leipzig","20":"product_tag-orte","21":"product_tag-sextextsextett","22":"product_tag-ticket","23":"product_tag-veranstaltung","24":"product_shipping_class-nur_paketversand","25":"pa_discount-normalpreis","26":"pa_preiskategorie-pk-i","27":"pa_preiskategorie-pk-ii","28":"pa_preiskategorie-pk-iii","30":"first","31":"instock","32":"taxable","33":"shipping-taxable","34":"purchasable","35":"product-type-variable"},"group_of_quantity":0,"min_quantity":0,"max_quantity":"","exclude_order_quantity_value_rules":"no","exclude_category_quantity_rules":"no","combine_variations":"no","acf":[],"_links":{"self":[{"href":"https:\/\/arena-ticket.com\/en\/wp-json\/wp\/v2\/product\/66301","targetHints":{"allow":["GET"]}}],"collection":[{"href":"https:\/\/arena-ticket.com\/en\/wp-json\/wp\/v2\/product"}],"about":[{"href":"https:\/\/arena-ticket.com\/en\/wp-json\/wp\/v2\/types\/product"}],"wp:featuredmedia":[{"embeddable":true,"href":"https:\/\/arena-ticket.com\/en\/wp-json\/wp\/v2\/media\/66307"}],"wp:attachment":[{"href":"https:\/\/arena-ticket.com\/en\/wp-json\/wp\/v2\/media?parent=66301"}],"wp:term":[{"taxonomy":"product_brand","embeddable":true,"href":"https:\/\/arena-ticket.com\/en\/wp-json\/wp\/v2\/product_brand?post=66301"},{"taxonomy":"product_cat","embeddable":true,"href":"https:\/\/arena-ticket.com\/en\/wp-json\/wp\/v2\/product_cat?post=66301"},{"taxonomy":"product_tag","embeddable":true,"href":"https:\/\/arena-ticket.com\/en\/wp-json\/wp\/v2\/product_tag?post=66301"}],"curies":[{"name":"wp","href":"https:\/\/api.w.org\/{rel}","templated":true}]}}