{"id":66310,"date":"2026-02-11T15:01:37","date_gmt":"2026-02-11T14:01:37","guid":{"rendered":"https:\/\/arena-ticket.com\/?p=66310&#038;post_type=product&#038;preview_id=66310"},"modified":"2026-03-11T10:36:55","modified_gmt":"2026-03-11T09:36:55","slug":"schlagertherapie-tobias-moretti-dresden-stromwerk-06-06-2026-2000-uhr","status":"publish","type":"product","link":"https:\/\/arena-ticket.com\/en\/product\/schlagertherapie-tobias-moretti-dresden-stromwerk-06-06-2026-2000-uhr\/","title":{"rendered":"SCHLAGERTHERAPIE & TOBIAS MORETTI"},"content":{"rendered":"<p>Wer davon tr\u00e4umt, einfach mal die Sorgen unserer heutigen Zeit an der Garderobe abzulegen und in die fr\u00f6hlich-schunkelnde und immer heitere Welt des Schlagers einzutauchen, der ist bei der Schlagertherapie goldrichtig. Die musikalische Seelenbehandlung bringt Ruhe ins Gem\u00fct und fr\u00f6nt den gro\u00dfen Glanzzeiten des Schlagers mit virtuosem Instrumentalspiel, unschlagbarem Witz und therapeutischer Empathie. F\u00fcr den perfekten Sound sorgen die Blasmusik-Koryph\u00e4en Thomas Gansch und Leonhard Paul der legend\u00e4ren Gruppe Mnozil Brass, Michael Hornek am Piano sowie Sebastian Fuchsberger, ebenfalls ehemaliger Mnozil Brassist an der Posaune, der sich nun haupts\u00e4chlich s\u00e4ngerisch seinem Tenor verschrieben hat. Als musikalisches Sahneh\u00e4ubchen wird der bekannte Theater- und Filmschauspieler Tobias Moretti mit seinem gesch\u00e4tzten Tiroler Humor und seiner unfassbaren Erfahrung dieser Gem\u00fctsmassage zu einer bis dato unerh\u00f6rten Wirkung verhelfen.<\/p>\n<p><span class=\"text-tertiary\">Thomas Gamsch<\/span> Trompete, Fl\u00fcgelhorn und Gesang<br \/>\n<span class=\"text-tertiary\">Sebastian Fuchsberger<\/span> Gesang und Posaune<br \/>\n<span class=\"text-tertiary\">Leonhard Paul<\/span> Posaune, Basstrompete und Gesang<br \/>\n<span class=\"text-tertiary\">Michael Hornek <\/span>Klavier und Gesang<br \/>\n<span class=\"text-tertiary\">Tobias Moretti<\/span> Basstrompete und Gesang<\/p>","protected":false},"excerpt":{"rendered":"<p class=\"stage-headline\" data-qa=\"event-headline\">Heitere musikalische Gem\u00fctsmassage: Schlagertherapie &amp; Tobias Moretti performen die sch\u00f6nsten\u00a0Schlager der 1950er- und 1960er-Jahre - jetzt Tickets sichern!<\/p>","protected":false},"featured_media":66314,"template":"","meta":{"_acf_changed":false,"inline_featured_image":false},"product_brand":[],"product_cat":[87,31,69,425,35,6734,6730,21,58],"product_tag":[940,941,942,7213,7212,6773,944,2568,7211,958,947,948],"class_list":{"0":"post-66310","1":"product","2":"type-product","3":"status-publish","4":"has-post-thumbnail","6":"product_cat-dresden","7":"product_cat-events","8":"product_cat-konzert","9":"product_cat-kulturarena-kraftwerk-mitte","10":"product_cat-orte","11":"product_cat-schlager","12":"product_cat-show","13":"product_cat-ticket","14":"product_cat-veranstaltung","15":"product_tag-dresden","16":"product_tag-events","17":"product_tag-konzert","18":"product_tag-kraftwerk-mitte","19":"product_tag-kulturarena-kraftwerk-mitte","20":"product_tag-musical-show","21":"product_tag-orte","22":"product_tag-schlager","23":"product_tag-schlagertherapie-tobias-moretti","24":"product_tag-show","25":"product_tag-ticket","26":"product_tag-veranstaltung","27":"product_shipping_class-nur_paketversand","28":"pa_discount-normalpreis","29":"pa_preiskategorie-freie-platzwahl","31":"first","32":"instock","33":"taxable","34":"shipping-taxable","35":"purchasable","36":"product-type-variable"},"group_of_quantity":0,"min_quantity":0,"max_quantity":"","exclude_order_quantity_value_rules":"no","exclude_category_quantity_rules":"no","combine_variations":"no","acf":[],"_links":{"self":[{"href":"https:\/\/arena-ticket.com\/en\/wp-json\/wp\/v2\/product\/66310","targetHints":{"allow":["GET"]}}],"collection":[{"href":"https:\/\/arena-ticket.com\/en\/wp-json\/wp\/v2\/product"}],"about":[{"href":"https:\/\/arena-ticket.com\/en\/wp-json\/wp\/v2\/types\/product"}],"wp:featuredmedia":[{"embeddable":true,"href":"https:\/\/arena-ticket.com\/en\/wp-json\/wp\/v2\/media\/66314"}],"wp:attachment":[{"href":"https:\/\/arena-ticket.com\/en\/wp-json\/wp\/v2\/media?parent=66310"}],"wp:term":[{"taxonomy":"product_brand","embeddable":true,"href":"https:\/\/arena-ticket.com\/en\/wp-json\/wp\/v2\/product_brand?post=66310"},{"taxonomy":"product_cat","embeddable":true,"href":"https:\/\/arena-ticket.com\/en\/wp-json\/wp\/v2\/product_cat?post=66310"},{"taxonomy":"product_tag","embeddable":true,"href":"https:\/\/arena-ticket.com\/en\/wp-json\/wp\/v2\/product_tag?post=66310"}],"curies":[{"name":"wp","href":"https:\/\/api.w.org\/{rel}","templated":true}]}}