{"id":66312,"date":"2026-02-11T15:01:40","date_gmt":"2026-02-11T14:01:40","guid":{"rendered":"https:\/\/arena-ticket.com\/?p=66312&#038;post_type=product&#038;preview_id=66312"},"modified":"2026-02-11T15:09:11","modified_gmt":"2026-02-11T14:09:11","slug":"stereoact-lena-marie-engel-live-halle-capitol-11-12-2026-2100-uhr","status":"publish","type":"product","link":"https:\/\/arena-ticket.com\/en\/product\/stereoact-lena-marie-engel-live-halle-capitol-11-12-2026-2100-uhr\/","title":{"rendered":"Stereoact & Lena Marie Engel - Live"},"content":{"rendered":"<div class=\"u-position-relative js-moretext-wrapper\">\n<div class=\"moretext js-moretext with-image expanded\" data-qa=\"readMoreText\" aria-expanded=\"true\">\n<div class=\"moretext-teaser\">\n<div class=\"external-content\">\n<div class=\"uk-h2 uk-text-primary uk-width-xlarge uk-margin-auto\">\n<p style=\"font-weight: 400\">Das Erfolgsduo\u00a0Stereoact\u00a0setzt 2026 seinen Siegeszug fort und geht gemeinsam mit\u00a0Lena Marie Engel\u00a0auf Tour!<br \/>\nMit ihrem einzigartigen Mix aus\u00a0Electro, House,\u00a0elektrisierenden Pop- und Schlagermelodien\u00a0und echten Ohrwurm-Hits haben Ric und Sebastian die deutsche Musiklandschaft gepr\u00e4gt wie kaum ein anderes DJ- und Produzenten-Duo.<\/p>\n<p style=\"font-weight: 400\">Mit mehr als\u00a0500 Millionen Streams, \u00fcber\u00a0zwei Millionen verkauften Tontr\u00e4gern\u00a0sowie zahlreichen\u00a0Gold-, Platin- und Diamant-Awards\u00a0geh\u00f6ren Stereoact l\u00e4ngst zur ersten Liga der deutschen Musikszene.<\/p>\n<p style=\"font-weight: 400\">Ein Highlight der Tour:\u00a0Lena Marie Engel - mit ihrer unverwechselbaren Stimme bringt sie die Songs live auf die B\u00fchne und sorgt f\u00fcr G\u00e4nsehautmomente.<\/p>\n<\/div>\n<div id=\"content\">\n<div class=\"x11i5rnm xat24cr x1mh8g0r x1vvkbs xtlvy1s x126k92a\"><\/div>\n<p>&nbsp;<\/p>\n<\/div>\n<div id=\"menu\">\n<div id=\"innerMenue\"><\/div>\n<\/div>\n<\/div>\n<\/div>\n<\/div>\n<\/div>","protected":false},"excerpt":{"rendered":"<p>Secure your tickets!<\/p>","protected":false},"featured_media":66316,"template":"","meta":{"_acf_changed":false,"inline_featured_image":false},"product_brand":[],"product_cat":[31,5952,6738,102,69,35,21,58],"product_tag":[6060,1117,941,999,942,1089,944,6493,947,948],"class_list":{"0":"post-66312","1":"product","2":"type-product","3":"status-publish","4":"has-post-thumbnail","6":"product_cat-events","7":"product_cat-capitol","8":"product_cat-dance","9":"product_cat-halle","10":"product_cat-konzert","11":"product_cat-orte","12":"product_cat-ticket","13":"product_cat-veranstaltung","14":"product_tag-capitol","15":"product_tag-dance","16":"product_tag-events","17":"product_tag-halle","18":"product_tag-konzert","19":"product_tag-live","20":"product_tag-orte","21":"product_tag-stereoact-lena-marie-engel","22":"product_tag-ticket","23":"product_tag-veranstaltung","24":"product_shipping_class-nur_paketversand","25":"pa_discount-normalpreis","26":"pa_preiskategorie-stehplatz","28":"first","29":"instock","30":"taxable","31":"shipping-taxable","32":"purchasable","33":"product-type-variable","34":"has-default-attributes"},"group_of_quantity":0,"min_quantity":0,"max_quantity":"","exclude_order_quantity_value_rules":"no","exclude_category_quantity_rules":"no","combine_variations":"no","acf":[],"_links":{"self":[{"href":"https:\/\/arena-ticket.com\/en\/wp-json\/wp\/v2\/product\/66312","targetHints":{"allow":["GET"]}}],"collection":[{"href":"https:\/\/arena-ticket.com\/en\/wp-json\/wp\/v2\/product"}],"about":[{"href":"https:\/\/arena-ticket.com\/en\/wp-json\/wp\/v2\/types\/product"}],"wp:featuredmedia":[{"embeddable":true,"href":"https:\/\/arena-ticket.com\/en\/wp-json\/wp\/v2\/media\/66316"}],"wp:attachment":[{"href":"https:\/\/arena-ticket.com\/en\/wp-json\/wp\/v2\/media?parent=66312"}],"wp:term":[{"taxonomy":"product_brand","embeddable":true,"href":"https:\/\/arena-ticket.com\/en\/wp-json\/wp\/v2\/product_brand?post=66312"},{"taxonomy":"product_cat","embeddable":true,"href":"https:\/\/arena-ticket.com\/en\/wp-json\/wp\/v2\/product_cat?post=66312"},{"taxonomy":"product_tag","embeddable":true,"href":"https:\/\/arena-ticket.com\/en\/wp-json\/wp\/v2\/product_tag?post=66312"}],"curies":[{"name":"wp","href":"https:\/\/api.w.org\/{rel}","templated":true}]}}