{"id":66319,"date":"2026-02-11T15:09:27","date_gmt":"2026-02-11T14:09:27","guid":{"rendered":"https:\/\/arena-ticket.com\/?p=66319&#038;post_type=product&#038;preview_id=66319"},"modified":"2026-03-28T18:20:08","modified_gmt":"2026-03-28T17:20:08","slug":"harald-schmidt-und-bernadette-schoog-schauspielhaus-dresden-12-04-2026-1900-uhr","status":"publish","type":"product","link":"https:\/\/arena-ticket.com\/en\/product\/harald-schmidt-und-bernadette-schoog-schauspielhaus-dresden-12-04-2026-1900-uhr\/","title":{"rendered":"Harald Schmidt und Bernadette Schoog"},"content":{"rendered":"<p>&nbsp;<\/p>\n<p class=\"richtext richtext--textdecoration-default --text-default --margintop-element-none --marginbottom-element-none\" lang=\"de\">Wer taucht vor Ihrem inneren Auge zuerst auf, wenn Sie den Namen Harald Schmidt h\u00f6ren? Der langj\u00e4hrige Late-Night-Talker, der Kreuzfahrtdirektor auf dem Traumschiff des ZDF, der wandlungsf\u00e4hige Schauspieler auf gro\u00dfen Theaterb\u00fchnen, der bitterb\u00f6se und sarkastische Moderator, der Entertainer in der eigenen HARALD-SCHMIDT-SHOW, der Kabarettist, der Buchautor, die ewige Kunstfigur? Viele Gesichter hat der Mann, der als Jugendlicher einige Jahre Hilfsorganist in Rottenburg am Neckar war und im schw\u00e4bischen N\u00fcrtingen aufgewachsen ist.<\/p>\n<p class=\"richtext richtext--textdecoration-default --text-default --margintop-element-none --marginbottom-element-none\" lang=\"de\">Nun ist Harald Schmidt, den die Medien wegen seines bissigen Humors auch gerne \u201edirty Harry\u201c nennen, zusammen mit der fr\u00fcheren ARD-Moderatorin und Autorin Bernadette Schoog im Theater zu Gast. Harald Schmidt und Bernadette Schoog entfachen bei diesem besonderen Talkabend ein verbales Feuerwerk: mal ernsthaft-analytisch, mal ironisch-b\u00f6se, mal politisch unkorrekt, mal in heiterer Leichtigkeit \u2013 aber niemals wie beim letzten<\/p>","protected":false},"excerpt":{"rendered":"<p>Secure your tickets!<\/p>","protected":false},"featured_media":66343,"template":"","meta":{"_acf_changed":false,"inline_featured_image":false},"product_brand":[],"product_cat":[6725,87,31,95,922,6764,35,487,6772,21,58],"product_tag":[954,940,941,7032,6774,951,1691,944,7033,6779,947,948],"class_list":{"0":"post-66319","1":"product","2":"type-product","3":"status-publish","4":"has-post-thumbnail","6":"product_cat-comedy","7":"product_cat-dresden","8":"product_cat-events","9":"product_cat-humor","10":"product_cat-kultur","11":"product_cat-lesung","12":"product_cat-orte","13":"product_cat-schauspielhaus-dresden","14":"product_cat-sonstiges_kultur","15":"product_cat-ticket","16":"product_cat-veranstaltung","17":"product_tag-comedy","18":"product_tag-dresden","19":"product_tag-events","20":"product_tag-harald-schmidt-und-bernadette-schoog","21":"product_tag-humor","22":"product_tag-kultur","23":"product_tag-lesung","24":"product_tag-orte","25":"product_tag-schauspielhaus-dresden","26":"product_tag-sonstiges","27":"product_tag-ticket","28":"product_tag-veranstaltung","29":"product_shipping_class-nur_paketversand","30":"pa_discount-normalpreis","31":"pa_discount-schueler-student","32":"pa_preiskategorie-pk-i","33":"pa_preiskategorie-pk-ii","34":"pa_preiskategorie-pk-iii","35":"pa_preiskategorie-pk-iv","37":"first","38":"outofstock","39":"taxable","40":"shipping-taxable","41":"purchasable","42":"product-type-variable"},"group_of_quantity":0,"min_quantity":0,"max_quantity":"","exclude_order_quantity_value_rules":"no","exclude_category_quantity_rules":"no","combine_variations":"no","acf":[],"_links":{"self":[{"href":"https:\/\/arena-ticket.com\/en\/wp-json\/wp\/v2\/product\/66319","targetHints":{"allow":["GET"]}}],"collection":[{"href":"https:\/\/arena-ticket.com\/en\/wp-json\/wp\/v2\/product"}],"about":[{"href":"https:\/\/arena-ticket.com\/en\/wp-json\/wp\/v2\/types\/product"}],"wp:featuredmedia":[{"embeddable":true,"href":"https:\/\/arena-ticket.com\/en\/wp-json\/wp\/v2\/media\/66343"}],"wp:attachment":[{"href":"https:\/\/arena-ticket.com\/en\/wp-json\/wp\/v2\/media?parent=66319"}],"wp:term":[{"taxonomy":"product_brand","embeddable":true,"href":"https:\/\/arena-ticket.com\/en\/wp-json\/wp\/v2\/product_brand?post=66319"},{"taxonomy":"product_cat","embeddable":true,"href":"https:\/\/arena-ticket.com\/en\/wp-json\/wp\/v2\/product_cat?post=66319"},{"taxonomy":"product_tag","embeddable":true,"href":"https:\/\/arena-ticket.com\/en\/wp-json\/wp\/v2\/product_tag?post=66319"}],"curies":[{"name":"wp","href":"https:\/\/api.w.org\/{rel}","templated":true}]}}