{"id":66396,"date":"2026-02-11T15:44:10","date_gmt":"2026-02-11T14:44:10","guid":{"rendered":"https:\/\/arena-ticket.com\/?p=66396&#038;post_type=product&#038;preview_id=66396"},"modified":"2026-03-04T11:41:28","modified_gmt":"2026-03-04T10:41:28","slug":"silly-mit-julia-neigel-elektroakustik-dresden-konzertplatz-weisser-hirsch-16-07-2026-1930-uhr","status":"publish","type":"product","link":"https:\/\/arena-ticket.com\/en\/product\/silly-mit-julia-neigel-elektroakustik-dresden-konzertplatz-weisser-hirsch-16-07-2026-1930-uhr\/","title":{"rendered":"SILLY mit Julia Neigel  - elektroAKUSTIK"},"content":{"rendered":"<div data-v-0d4c50a8=\"\">\n<p data-start=\"772\" data-end=\"1094\">SILLY 2025 \u2013 Mit R\u00fcckenwind in Richtung 50 j\u00e4hriges Bandjubil\u00e4um<\/p>\n<p>Die Band SILLY hat in ihrer inzwischen 47 j\u00e4hrigen Bandgeschichte schon so einige Kapitel aufgeschlagen und in diesem Jahr kommt ein weiteres hinzu.<\/p>\n<p>In der j\u00fcngeren Vergangenheit, von 2019 bis 2022, standen AnNa R. und Julia Neigel bei SILLY gemeinsam am Mikrofon. Ab dem Jahr 2023 wandte sich AnNa R. ihrem lange geplanten Solo Projekt \u201eK\u00f6nigin\u201c zu.<\/p>\n<p>Seitdem hat der ehemalige Frontmann von CITY, Toni Krahl, musikalisches Asyl bei Silly gefunden und stand gemeinsam mit Julia Neigel bei SILLY bis Anfang 2025 auf der B\u00fchne.<\/p>\n<p>Nach der sehr erfolgreichen Elektroakustiktour 2024\/ 2025 wird SILLY nun zusammen mit Julia Neigel weitertouren und Toni wird sich seinem neuen Soloprojekt widmen. Silly: \u201eWir w\u00fcnschen unseren Freund Toni viel Spa\u00df, gutes Gelingen, f\u00fcr dich lieber Toni, ist bei uns immer ein Zimmer frei.\u201c<\/p>\n<p>Ein weiteres spannendes neues SILLY-Kapitel ist damit eingel\u00e4utet \u2013 \u201eWir freuen uns auf Euch!\"<\/p>\n<p>&nbsp;<\/p>\n<p>&nbsp;<\/p>\n<\/div>","protected":false},"excerpt":{"rendered":"<p class=\"detail-item__titel\">Secure your tickets!<\/p>","protected":false},"featured_media":66401,"template":"","meta":{"_acf_changed":false,"inline_featured_image":false},"product_brand":[],"product_cat":[87,31,69,4983,35,6732,21,58],"product_tag":[940,1685,941,942,4984,944,6804,7035,947,948],"class_list":{"0":"post-66396","1":"product","2":"type-product","3":"status-publish","4":"has-post-thumbnail","6":"product_cat-dresden","7":"product_cat-events","8":"product_cat-konzert","9":"product_cat-konzertplatz-weisser-hirsch","10":"product_cat-orte","11":"product_cat-rock-hard-rock","12":"product_cat-ticket","13":"product_cat-veranstaltung","14":"product_tag-dresden","15":"product_tag-elektroakustik","16":"product_tag-events","17":"product_tag-konzert","18":"product_tag-konzertplatz-weisser-hirsch","19":"product_tag-orte","20":"product_tag-rock-hard-rock","21":"product_tag-silly-mit-julia-neigel","22":"product_tag-ticket","23":"product_tag-veranstaltung","24":"product_shipping_class-nur_paketversand","25":"pa_discount-normalpreis","26":"pa_preiskategorie-pk-i","27":"pa_preiskategorie-pk-ii","28":"pa_preiskategorie-pk-iii","29":"pa_preiskategorie-pk-iv","31":"first","32":"instock","33":"taxable","34":"shipping-taxable","35":"purchasable","36":"product-type-variable"},"group_of_quantity":0,"min_quantity":0,"max_quantity":"","exclude_order_quantity_value_rules":"no","exclude_category_quantity_rules":"no","combine_variations":"no","acf":[],"_links":{"self":[{"href":"https:\/\/arena-ticket.com\/en\/wp-json\/wp\/v2\/product\/66396","targetHints":{"allow":["GET"]}}],"collection":[{"href":"https:\/\/arena-ticket.com\/en\/wp-json\/wp\/v2\/product"}],"about":[{"href":"https:\/\/arena-ticket.com\/en\/wp-json\/wp\/v2\/types\/product"}],"wp:featuredmedia":[{"embeddable":true,"href":"https:\/\/arena-ticket.com\/en\/wp-json\/wp\/v2\/media\/66401"}],"wp:attachment":[{"href":"https:\/\/arena-ticket.com\/en\/wp-json\/wp\/v2\/media?parent=66396"}],"wp:term":[{"taxonomy":"product_brand","embeddable":true,"href":"https:\/\/arena-ticket.com\/en\/wp-json\/wp\/v2\/product_brand?post=66396"},{"taxonomy":"product_cat","embeddable":true,"href":"https:\/\/arena-ticket.com\/en\/wp-json\/wp\/v2\/product_cat?post=66396"},{"taxonomy":"product_tag","embeddable":true,"href":"https:\/\/arena-ticket.com\/en\/wp-json\/wp\/v2\/product_tag?post=66396"}],"curies":[{"name":"wp","href":"https:\/\/api.w.org\/{rel}","templated":true}]}}