{"id":66417,"date":"2026-02-11T17:59:49","date_gmt":"2026-02-11T16:59:49","guid":{"rendered":"https:\/\/arena-ticket.com\/?p=66417&#038;post_type=product&#038;preview_id=66417"},"modified":"2026-03-13T17:34:17","modified_gmt":"2026-03-13T16:34:17","slug":"heroes-alexander-scheer-singt-david-bowie-leipzig-gewandhaus-zu-leipzig-grosser-saal-08-05-2026-2000-uhr","status":"publish","type":"product","link":"https:\/\/arena-ticket.com\/en\/product\/heroes-alexander-scheer-singt-david-bowie-leipzig-gewandhaus-zu-leipzig-grosser-saal-08-05-2026-2000-uhr\/","title":{"rendered":"HEROES  - Alexander Scheer singt David Bowie"},"content":{"rendered":"<p>\"HEROES\" - Alexander Scheer singt David Bowie<\/p>\n<p>Ab Fr\u00fchjahr 2026 erstmals auf gro\u00dfer Tournee<br \/>\nMit \u201cHEROES\u201c bringt Alexander Scheer, einer der profiliertesten Schauspieler und Musiker des Landes, gemeinsam mit seiner gro\u00dfartigen Band einen B\u00fchnenabend auf Tour, der David Bowies musikalisches Werk mit einer grandiosen Show neu beleuchtet. Dabei n\u00e4hert sich Scheer Bowies kreativer Welt auf besondere Weise: nicht nur als reine Hommage, sondern auch als pers\u00f6nliche Erfahrung, die Bowies Musik mit der f\u00fcr ihn essenziell wichtigen Literatur verbindet.<\/p>\n<p>Grundlage f\u00fcr das \"HEROES\" Programm ist eine von Bowie selbst ver\u00f6ffentlichte Liste der 100 B\u00fccher, die sein Leben und seine Musik in besonderer Weise gepr\u00e4gt haben. Von Homers Ilias bis Dantes Inferno, von Klassikern der Weltliteratur oder kulturwissenschaftlichen Schriften \u00fcber Soul und Funk, bis hin zu den Berliner Romanen Berlin Alexanderplatz von Alfred D\u00f6blin und Nachdenken \u00fcber Christa T. von Christa Wolf \u2013 David Bowies bisher wenig bekannter literarischer Kosmos er\u00f6ffnet uns einen neuen Blick auf sein musikalisches Schaffen. Alexander Scheer und seine Band folgen diesen Spuren und verweben die Texte mit Bowies Songs, \u00f6ffnen Fenster und ziehen ungeahnte Querverbindungen.<\/p>\n<p>Der Abend f\u00fchrt zur\u00fcck nach West-Berlin, wo Bowie zwischen 1976 und 1978 lebte und einige seiner wichtigsten Alben schuf \u2013 darunter auch \u201cHeroes\u201c. Und er verr\u00e4t ganz nebenbei, woher die ber\u00fchmten Delphine dieses Songs stammen.<\/p>\n<p>Konzipiert wurde \"HEROES\" von Steffen S\u00fcnkel, dessen Arbeiten u. a. am Deutschen Schauspielhaus Hamburg und am Berliner Ensemble gro\u00dfe Beachtung fanden, als musikalische Hommage an die Helden der Literatur. Der Abend avancierte aus dem Stand zum Publikumserfolg der Hauptstadt.<\/p>\n<p>Vom k\u00fcnstlerischen Experiment zum Hit der Saison Was als interdisziplin\u00e4re Erkundung begann, ist seit der Premiere eine der meistgefragten Shows in Berlin, s\u00e4mtliche Vorstellungen sind ausverkauft. Deutschlandweit st\u00f6\u00dft das Format sofort auf au\u00dfergew\u00f6hnliche Resonanz: Als Er\u00f6ffnung des Harbour Front Literaturfestivals 2025 in der Elbphilharmonie war \"HEROES\" innerhalb<br \/>\nk\u00fcrzester Zeit ausverkauft und wurde mit Standing Ovations gefeiert.<\/p>\n<p>Ab Fr\u00fchjahr 2026 bringt MSK \"HEROES\" nun erstmals bundesweit auf Tour. In diesem Jahr j\u00e4hrt sich David Bowies Todestag zum zehnten Mal und sein Aufenthalt in Berlin feiert 50-j\u00e4hriges Jubil\u00e4um. Anl\u00e4sse, die weltweit erneut den Blick auf die k\u00fcnstlerische Strahlkraft dieses Ausnahmemusikers lenken werden.<\/p>\n<p>\u00dcber Alexander Scheer<br \/>\nAlexander Scheer z\u00e4hlt zu den wandlungsf\u00e4higsten Schauspielern seiner Generation. Er spielte an allen gro\u00dfen Theatern des Landes und war dazu 16 Jahre lang Teil des legend\u00e4ren Volksb\u00fchnen Ensembles von Frank Castorf. Geboren in Ost-Berlin, im gleichen Jahr als Bowie nach Sch\u00f6neberg zog, ist Scheer stets ein Wanderer zwischen<br \/>\nden Welten, ein Spieler in Film und Musik, ein Suchender der Wahrheit im Wandel geblieben. Im Kino hat Scheer zahlreiche ikonische Figuren verk\u00f6rpert \u2013 darunter Keith Richards oder Andy Warhol. F\u00fcr seine Darstellung des Liedermachers Gundermann im gleichnamigen Kinofilm von Andreas Dresen wurde er mit dem Bayerischen und dem Deutschen Filmpreis ausgezeichnet. Im Schauspielhaus Hamburg stand er als \u201eder Mann, der vom Himmel fiel\u201c in David Bowies Lazarus auf der B\u00fchne.<\/p>\n<p>\u201eNiemand im Universum des Pop hat die Grenzen zwischen Leben und Kunst authentischer verwischt als David Bowie.\u201c \u2014 Alexander Scheer<\/p>\n<p>occupation<br \/>\nAlexander Scheer<br \/>\nFee Aviv Dubois - Electric Guitar<br \/>\nSteve Patuta - Keyboards<br \/>\nFabian Leu - Bass<br \/>\nSteffen Kieslich - Drums<br \/>\nKonzeption: Steffen S\u00fcnkel<br \/>\nHerstellungsleitung: Albrecht Leu<br \/>\nTon: Silvio Naumann, Marcel Dickow<br \/>\nLicht: Martin Mulik<br \/>\nBest Boy: Julian Leu<\/p>","protected":false},"excerpt":{"rendered":"<p>Get your tickets here now!<\/p>","protected":false},"featured_media":66424,"template":"","meta":{"_acf_changed":false,"inline_featured_image":false},"product_brand":[],"product_cat":[31,345,936,86,64,35,6730,21,58],"product_tag":[6980,941,956,2832,957,6979,943,6773,944,958,947,948],"class_list":{"0":"post-66417","1":"product","2":"type-product","3":"status-publish","4":"has-post-thumbnail","6":"product_cat-events","7":"product_cat-gewandhaus","8":"product_cat-grosser-saal","9":"product_cat-leipzig","10":"product_cat-musical-show","11":"product_cat-orte","12":"product_cat-show","13":"product_cat-ticket","14":"product_cat-veranstaltung","15":"product_tag-alexander-scheer-singt-david-bowie","16":"product_tag-events","17":"product_tag-gewandhaus","18":"product_tag-gewandhaus-grosser-saal","19":"product_tag-grosser-saal","20":"product_tag-heroes","21":"product_tag-leipzig","22":"product_tag-musical-show","23":"product_tag-orte","24":"product_tag-show","25":"product_tag-ticket","26":"product_tag-veranstaltung","27":"product_shipping_class-nur_paketversand","28":"pa_discount-ermaessigt","29":"pa_discount-normalpreis","30":"pa_preiskategorie-pk-i","31":"pa_preiskategorie-pk-ii","32":"pa_preiskategorie-pk-iii","33":"pa_preiskategorie-pk-iv","34":"pa_preiskategorie-pk-v","35":"pa_preiskategorie-premium","36":"pa_preiskategorie-premium-sitzplatz","38":"first","39":"instock","40":"taxable","41":"shipping-taxable","42":"purchasable","43":"product-type-variable"},"group_of_quantity":0,"min_quantity":0,"max_quantity":"","exclude_order_quantity_value_rules":"no","exclude_category_quantity_rules":"no","combine_variations":"no","acf":[],"_links":{"self":[{"href":"https:\/\/arena-ticket.com\/en\/wp-json\/wp\/v2\/product\/66417","targetHints":{"allow":["GET"]}}],"collection":[{"href":"https:\/\/arena-ticket.com\/en\/wp-json\/wp\/v2\/product"}],"about":[{"href":"https:\/\/arena-ticket.com\/en\/wp-json\/wp\/v2\/types\/product"}],"wp:featuredmedia":[{"embeddable":true,"href":"https:\/\/arena-ticket.com\/en\/wp-json\/wp\/v2\/media\/66424"}],"wp:attachment":[{"href":"https:\/\/arena-ticket.com\/en\/wp-json\/wp\/v2\/media?parent=66417"}],"wp:term":[{"taxonomy":"product_brand","embeddable":true,"href":"https:\/\/arena-ticket.com\/en\/wp-json\/wp\/v2\/product_brand?post=66417"},{"taxonomy":"product_cat","embeddable":true,"href":"https:\/\/arena-ticket.com\/en\/wp-json\/wp\/v2\/product_cat?post=66417"},{"taxonomy":"product_tag","embeddable":true,"href":"https:\/\/arena-ticket.com\/en\/wp-json\/wp\/v2\/product_tag?post=66417"}],"curies":[{"name":"wp","href":"https:\/\/api.w.org\/{rel}","templated":true}]}}