{"id":66460,"date":"2026-02-12T10:54:17","date_gmt":"2026-02-12T09:54:17","guid":{"rendered":"https:\/\/arena-ticket.com\/?p=66460&#038;post_type=product&#038;preview_id=66460"},"modified":"2026-02-28T11:12:33","modified_gmt":"2026-02-28T10:12:33","slug":"romeo-und-julia-leipzig-schauspielhaus-26-04-2026-1800-uhr","status":"publish","type":"product","link":"https:\/\/arena-ticket.com\/en\/product\/romeo-und-julia-leipzig-schauspielhaus-26-04-2026-1800-uhr\/","title":{"rendered":"Romeo und Julia"},"content":{"rendered":"<div class=\"description\">\n<div class=\"richtext richtext--textdecoration-reverse richtext--default --text-default --margintop-element-none --marginbottom-element-standard\">\n<p>Alles gr\u00fcndet auf einem Streit zwischen zwei Familien, der sich so verfestigt hat, dass der Grund schon kein Thema mehr ist. Dem zum Hohn werden die einzigen Kinder der Familien ein Liebespaar. Romeo und Julia treffen sich auf einem Fest und verlieben sich auf den ersten Blick. Der Streit der Eltern hindert sie nicht an ihrem Entschluss, zusammen zu sein: Sie heiraten heimlich. Dies k\u00f6nnte ein Anlass zur Auss\u00f6hnung beider Lager sein. Doch ihr Versprechen aneinander wird weiter auf die Probe gestellt: Julia soll einen anderen Mann heiraten, Romeo wird in einen Kampf mit ihrem Cousin gedr\u00e4ngt und zu dessen M\u00f6rder. Es folgt Verbannung. \u00c4u\u00dferst schwierige Bedingungen. Doch nichts davon bringt die Liebenden davon ab, zusammen sein zu wollen. Sogar die letzte Grenze, die radikalste, weil unumkehrbare Entscheidung, w\u00e4hlen beide, um f\u00fcr immer vereint zu sein.<\/p>\n<p>Nicht erst heute erscheint die Hartn\u00e4ckigkeit des jungen Paares, unter allen Umst\u00e4nden zusammen sein zu wollen, extrem. Zu allen Zeiten lie\u00dfen sich Einw\u00e4nde geltend machen: dass ein einziges Treffen eine wackelige Grundlage f\u00fcr eine lebenslange Bindung ist. Oder dass Missbilligung durch die Gesellschaft einem nie endenden Stresstest gleichkommt. Beides gilt nach wie vor. Doch gerade Letzteres ist f\u00fcr unsere westlich liberale Gesellschaft selten geworden. Heiratsregeln sind abgeschafft. Beziehungen gr\u00fcnden in der Regel auf gegenseitiger Anziehung, nicht auf Strategie.<br \/>\nDie Freiheit zur Partnerwahl war nie gr\u00f6\u00dfer. Und sie ist selbst zur H\u00fcrde geworden. Oder zumindest ihre Auspr\u00e4gungen. Denn der schnelle, oft digitale Match ist auch unverbindlich und ebenso abrupt wieder vorbei. Das gro\u00dfe Angebot schafft Vergleichsm\u00f6glichkeiten. Also wird das Gegen\u00fcber genau unter die Lupe genommen, als Objekt, statt in seiner Einzigartigkeit zu verzaubern. Gerade in der Vergleichbarkeit wird ein Mensch austauschbar. Diese Art von Liebe ist also relativ. Sie bildet in dieser Form den diametralen Gegensatz zu derjenigen von Romeo und Julia. Sie setzen die Liebe zueinander absolut. Nichts hat daneben Platz.<br \/>\nIn einer Zeit, in der die romantische Liebe zwar noch als Sehnsuchtsort die Kinokassen f\u00fcllt, im sogenannten echten Leben oft mit Zynismus quittiert wird; was begeistert also nach wie vor an Shakespeares ber\u00fchmtestem Liebespaar? Sind Romeo und Julia in ihrer radikalen Selbstaufgabe heute der progressive Gegenentwurf?<\/p>\n<p>F\u00fcr das Schauspiel Leipzig befragt Regisseurin Pia Richter diesen Klassiker neu. Nach \u201e<a href=\"http:\/\/www.schauspiel-leipzig.de\/spielplan\/archiv\/e\/ein-berg-viele\/\" data-auto-event-observed=\"true\" rel=\"nofollow noopener\" target=\"_blank\">Ein Berg, viele<\/a>\u201c und \u201e<a href=\"http:\/\/www.schauspiel-leipzig.de\/spielplan\/archiv\/h\/hotel-pink-lulu\/\" data-auto-event-observed=\"true\" rel=\"nofollow noopener\" target=\"_blank\">Hotel Pink Lulu<\/a>\u201c ist es ihre dritte Arbeit am Haus. Richter studierte Theater- und Literaturwissenschaft an der LMU M\u00fcnchen, bevor sie 2011 in den Studiengang Regie der Otto Falckenberg Schule wechselte. Ihre Inszenierungen f\u00fchrten sie unter anderem an das Theater Regensburg, das Landestheater Schwaben, das Landestheater T\u00fcbingen und das Theater Koblenz.<\/p>\n<\/div>\n<\/div>","protected":false},"excerpt":{"rendered":"<p>von William Shakespeare -<br \/>\naus dem Englischen von Sven-Eric Bechtolf und Wolfgang Wiens<\/p>","protected":false},"featured_media":66464,"template":"","meta":{"_acf_changed":false,"inline_featured_image":false},"product_brand":[],"product_cat":[31,922,86,35,535,6767,21,58],"product_tag":[941,951,943,944,7042,3158,2517,947,948],"class_list":{"0":"post-66460","1":"product","2":"type-product","3":"status-publish","4":"has-post-thumbnail","6":"product_cat-events","7":"product_cat-kultur","8":"product_cat-leipzig","9":"product_cat-orte","10":"product_cat-schauspielhaus-leipzig","11":"product_cat-theater","12":"product_cat-ticket","13":"product_cat-veranstaltung","14":"product_tag-events","15":"product_tag-kultur","16":"product_tag-leipzig","17":"product_tag-orte","18":"product_tag-romeo-und-julia","19":"product_tag-schauspielhaus-leipzig","20":"product_tag-theater","21":"product_tag-ticket","22":"product_tag-veranstaltung","23":"product_shipping_class-nur_paketversand","24":"pa_discount-ermaessigt","25":"pa_discount-normalpreis","26":"pa_discount-schueler-student","27":"pa_preiskategorie-pk-i","28":"pa_preiskategorie-pk-ii","29":"pa_preiskategorie-pk-iii","30":"pa_preiskategorie-pk-iv","32":"first","33":"instock","34":"taxable","35":"shipping-taxable","36":"purchasable","37":"product-type-variable"},"group_of_quantity":0,"min_quantity":0,"max_quantity":"","exclude_order_quantity_value_rules":"no","exclude_category_quantity_rules":"no","combine_variations":"no","acf":[],"_links":{"self":[{"href":"https:\/\/arena-ticket.com\/en\/wp-json\/wp\/v2\/product\/66460","targetHints":{"allow":["GET"]}}],"collection":[{"href":"https:\/\/arena-ticket.com\/en\/wp-json\/wp\/v2\/product"}],"about":[{"href":"https:\/\/arena-ticket.com\/en\/wp-json\/wp\/v2\/types\/product"}],"wp:featuredmedia":[{"embeddable":true,"href":"https:\/\/arena-ticket.com\/en\/wp-json\/wp\/v2\/media\/66464"}],"wp:attachment":[{"href":"https:\/\/arena-ticket.com\/en\/wp-json\/wp\/v2\/media?parent=66460"}],"wp:term":[{"taxonomy":"product_brand","embeddable":true,"href":"https:\/\/arena-ticket.com\/en\/wp-json\/wp\/v2\/product_brand?post=66460"},{"taxonomy":"product_cat","embeddable":true,"href":"https:\/\/arena-ticket.com\/en\/wp-json\/wp\/v2\/product_cat?post=66460"},{"taxonomy":"product_tag","embeddable":true,"href":"https:\/\/arena-ticket.com\/en\/wp-json\/wp\/v2\/product_tag?post=66460"}],"curies":[{"name":"wp","href":"https:\/\/api.w.org\/{rel}","templated":true}]}}